{"id":94097,"date":"2025-04-17T19:23:14","date_gmt":"2025-04-17T16:23:14","guid":{"rendered":"https:\/\/shop.hator.gg\/?post_type=product&#038;p=94097"},"modified":"2026-03-03T20:12:43","modified_gmt":"2026-03-03T17:12:43","slug":"hator-hypergang-3-hi-res-usb-esh50-black","status":"publish","type":"product","link":"https:\/\/shop.hator.gg\/de\/headsets\/hator-hypergang-3-hi-res-usb-esh50-black\/","title":{"rendered":"HATOR Hypergang 3 Hi-Res USB (ESH50) Black"},"content":{"rendered":"","protected":false},"excerpt":{"rendered":"Dank der 53-mm-Treiber mit Hi-Res-Unterst\u00fctzung und der virtuellen 7.1 Surround Sound-Technologie bietet das HATOR Hypergang 3 USB pr\u00e4zisen und realistischen Klang. Bequeme Ohrpolster aus Memory-Schaum erm\u00f6glichen stundenlanges Spielen ohne Unbehagen, und das hochempfindliche, abnehmbare, unidirektionale Mikrofon sorgt in jeder Situation f\u00fcr klare Kommunikation.","protected":false},"featured_media":94101,"template":"","meta":[],"translation":{"provider":"WPGlobus","version":"2.5.11","language":"de","enabled_languages":["en","ua","de","pl"],"languages":{"en":{"title":true,"content":false,"excerpt":true},"ua":{"title":false,"content":false,"excerpt":true},"de":{"title":false,"content":false,"excerpt":true},"pl":{"title":false,"content":false,"excerpt":true}}},"aioseo_notices":[],"_links":{"self":[{"href":"https:\/\/shop.hator.gg\/de\/wp-json\/wp\/v2\/product\/94097"}],"collection":[{"href":"https:\/\/shop.hator.gg\/de\/wp-json\/wp\/v2\/product"}],"about":[{"href":"https:\/\/shop.hator.gg\/de\/wp-json\/wp\/v2\/types\/product"}],"wp:featuredmedia":[{"embeddable":true,"href":"https:\/\/shop.hator.gg\/de\/wp-json\/wp\/v2\/media\/94101"}],"wp:attachment":[{"href":"https:\/\/shop.hator.gg\/de\/wp-json\/wp\/v2\/media?parent=94097"}],"curies":[{"name":"wp","href":"https:\/\/api.w.org\/{rel}","templated":true}]}}