{"id":93305,"date":"2025-04-09T21:06:11","date_gmt":"2025-04-09T18:06:11","guid":{"rendered":"https:\/\/shop.hator.gg\/?post_type=product&#038;p=93305"},"modified":"2026-02-04T14:12:44","modified_gmt":"2026-02-04T11:12:44","slug":"hator-icefall-mecha-tkl-rainbow-wireless-black-htk287ua","status":"publish","type":"product","link":"https:\/\/shop.hator.gg\/de\/keyboards\/hator-icefall-mecha-tkl-rainbow-wireless-black-htk287ua\/","title":{"rendered":"HATOR Icefall Mecha TKL Rainbow Wireless Black (HTK287UA)"},"content":{"rendered":"","protected":false},"excerpt":{"rendered":"Die Icefall Mecha TKL Wireless ist die vern\u00fcnftige Wahl f\u00fcr angehende Gamer. Sie vereint ein praktisches Format, kabellose Verbindungsm\u00f6glichkeiten und lineare mechanische Schalter, die sich beim Tippen angenehm anf\u00fchlen und im Spiel effektiv reagieren.","protected":false},"featured_media":93306,"template":"","meta":[],"translation":{"provider":"WPGlobus","version":"2.5.11","language":"de","enabled_languages":["en","ua","de","pl"],"languages":{"en":{"title":true,"content":false,"excerpt":true},"ua":{"title":false,"content":false,"excerpt":true},"de":{"title":false,"content":false,"excerpt":true},"pl":{"title":false,"content":false,"excerpt":true}}},"aioseo_notices":[],"_links":{"self":[{"href":"https:\/\/shop.hator.gg\/de\/wp-json\/wp\/v2\/product\/93305"}],"collection":[{"href":"https:\/\/shop.hator.gg\/de\/wp-json\/wp\/v2\/product"}],"about":[{"href":"https:\/\/shop.hator.gg\/de\/wp-json\/wp\/v2\/types\/product"}],"wp:featuredmedia":[{"embeddable":true,"href":"https:\/\/shop.hator.gg\/de\/wp-json\/wp\/v2\/media\/93306"}],"wp:attachment":[{"href":"https:\/\/shop.hator.gg\/de\/wp-json\/wp\/v2\/media?parent=93305"}],"curies":[{"name":"wp","href":"https:\/\/api.w.org\/{rel}","templated":true}]}}