{"id":91083,"date":"2025-03-14T00:16:49","date_gmt":"2025-03-13T21:16:49","guid":{"rendered":"https:\/\/shop.hator.gg\/?post_type=product&#038;p=91083"},"modified":"2026-03-03T20:12:43","modified_gmt":"2026-03-03T17:12:43","slug":"hator-hypergang-3-hi-res-esh06-white","status":"publish","type":"product","link":"https:\/\/shop.hator.gg\/de\/headsets\/hator-hypergang-3-hi-res-esh06-white\/","title":{"rendered":"HATOR Hypergang 3 Hi-Res (ESH06) White"},"content":{"rendered":"","protected":false},"excerpt":{"rendered":"Hypergang 3 \u2013 die dritte Generation eines Headsets, das f\u00fcr echtes Gaming-Vergn\u00fcgen entwickelt wurde! Die evolution\u00e4re Weiterentwicklung von Design, Ergonomie und Klang sorgt f\u00fcr ein herausragendes Erlebnis und vollst\u00e4ndiges Eintauchen ins Spiel.","protected":false},"featured_media":91079,"template":"","meta":[],"translation":{"provider":"WPGlobus","version":"2.5.11","language":"de","enabled_languages":["en","ua","de","pl"],"languages":{"en":{"title":true,"content":false,"excerpt":true},"ua":{"title":false,"content":false,"excerpt":true},"de":{"title":false,"content":false,"excerpt":true},"pl":{"title":false,"content":false,"excerpt":true}}},"aioseo_notices":[],"_links":{"self":[{"href":"https:\/\/shop.hator.gg\/de\/wp-json\/wp\/v2\/product\/91083"}],"collection":[{"href":"https:\/\/shop.hator.gg\/de\/wp-json\/wp\/v2\/product"}],"about":[{"href":"https:\/\/shop.hator.gg\/de\/wp-json\/wp\/v2\/types\/product"}],"wp:featuredmedia":[{"embeddable":true,"href":"https:\/\/shop.hator.gg\/de\/wp-json\/wp\/v2\/media\/91079"}],"wp:attachment":[{"href":"https:\/\/shop.hator.gg\/de\/wp-json\/wp\/v2\/media?parent=91083"}],"curies":[{"name":"wp","href":"https:\/\/api.w.org\/{rel}","templated":true}]}}