{"id":91055,"date":"2025-03-13T23:42:43","date_gmt":"2025-03-13T20:42:43","guid":{"rendered":"https:\/\/shop.hator.gg\/?post_type=product&#038;p=91055"},"modified":"2026-03-03T20:12:43","modified_gmt":"2026-03-03T17:12:43","slug":"hator-hyperpunk-truepods-hybrid-anc-hta431-black","status":"publish","type":"product","link":"https:\/\/shop.hator.gg\/de\/tws\/hator-hyperpunk-truepods-hybrid-anc-hta431-black\/","title":{"rendered":"HATOR Hyperpunk Truepods Hybrid ANC (HTA431) Black"},"content":{"rendered":"","protected":false},"excerpt":{"rendered":"HATOR Hyperpunk Truepods Hybrid ANC ist die ideale Wahl f\u00fcr alle, die klaren Klang in jeder Situation sch\u00e4tzen. Dank des hybriden aktiven Ger\u00e4uschunterdr\u00fcckungssystems bieten diese Ohrh\u00f6rer ein beeindruckendes H\u00f6rerlebnis auch in lauten Umgebungen. Perfekt f\u00fcr Arbeit, Reisen und mobiles Gaming.","protected":false},"featured_media":91060,"template":"","meta":[],"translation":{"provider":"WPGlobus","version":"2.5.11","language":"de","enabled_languages":["en","ua","de","pl"],"languages":{"en":{"title":true,"content":false,"excerpt":true},"ua":{"title":false,"content":false,"excerpt":true},"de":{"title":false,"content":false,"excerpt":true},"pl":{"title":false,"content":false,"excerpt":true}}},"aioseo_notices":[],"_links":{"self":[{"href":"https:\/\/shop.hator.gg\/de\/wp-json\/wp\/v2\/product\/91055"}],"collection":[{"href":"https:\/\/shop.hator.gg\/de\/wp-json\/wp\/v2\/product"}],"about":[{"href":"https:\/\/shop.hator.gg\/de\/wp-json\/wp\/v2\/types\/product"}],"wp:featuredmedia":[{"embeddable":true,"href":"https:\/\/shop.hator.gg\/de\/wp-json\/wp\/v2\/media\/91060"}],"wp:attachment":[{"href":"https:\/\/shop.hator.gg\/de\/wp-json\/wp\/v2\/media?parent=91055"}],"curies":[{"name":"wp","href":"https:\/\/api.w.org\/{rel}","templated":true}]}}