{"id":89427,"date":"2025-02-25T14:08:08","date_gmt":"2025-02-25T11:08:08","guid":{"rendered":"https:\/\/shop.hator.gg\/?post_type=product&#038;p=89427"},"modified":"2026-03-03T20:12:43","modified_gmt":"2026-03-03T17:12:43","slug":"hator-hyperpunk-3-usb-black-esh10","status":"publish","type":"product","link":"https:\/\/shop.hator.gg\/de\/headsets\/hator-hyperpunk-3-usb-black-esh10\/","title":{"rendered":"HATOR Hyperpunk 3 USB Black (ESH10)"},"content":{"rendered":"","protected":false},"excerpt":{"rendered":"Das leichte Design des Headsets sorgt auch bei langen Sitzungen f\u00fcr Komfort, w\u00e4hrend die Hi-Res-Sound-Unterst\u00fctzung und der virtuelle 7.1 Surround Sound klare und fesselnde Kl\u00e4nge liefern. Es ist die perfekte Wahl f\u00fcr Gamer, die Wert auf Klangqualit\u00e4t und Komfort legen.","protected":false},"featured_media":89431,"template":"","meta":[],"translation":{"provider":"WPGlobus","version":"2.5.11","language":"de","enabled_languages":["en","ua","de","pl"],"languages":{"en":{"title":true,"content":false,"excerpt":true},"ua":{"title":false,"content":false,"excerpt":true},"de":{"title":false,"content":false,"excerpt":true},"pl":{"title":false,"content":false,"excerpt":true}}},"aioseo_notices":[],"_links":{"self":[{"href":"https:\/\/shop.hator.gg\/de\/wp-json\/wp\/v2\/product\/89427"}],"collection":[{"href":"https:\/\/shop.hator.gg\/de\/wp-json\/wp\/v2\/product"}],"about":[{"href":"https:\/\/shop.hator.gg\/de\/wp-json\/wp\/v2\/types\/product"}],"wp:featuredmedia":[{"embeddable":true,"href":"https:\/\/shop.hator.gg\/de\/wp-json\/wp\/v2\/media\/89431"}],"wp:attachment":[{"href":"https:\/\/shop.hator.gg\/de\/wp-json\/wp\/v2\/media?parent=89427"}],"curies":[{"name":"wp","href":"https:\/\/api.w.org\/{rel}","templated":true}]}}