{"id":86714,"date":"2025-01-26T13:54:09","date_gmt":"2025-01-26T10:54:09","guid":{"rendered":"https:\/\/shop.hator.gg\/?post_type=product&#038;p=86714"},"modified":"2026-03-03T20:12:43","modified_gmt":"2026-03-03T17:12:43","slug":"hator-hyperpunk-truepods-hta430-black","status":"publish","type":"product","link":"https:\/\/shop.hator.gg\/de\/tws\/hator-hyperpunk-truepods-hta430-black\/","title":{"rendered":"HATOR Hyperpunk Truepods (HTA430) Black"},"content":{"rendered":"","protected":false},"excerpt":{"rendered":"Das technologische und kompakte TWS-Headset Hyperpunk Truepods bietet hochwertigen Klang f\u00fcr komfortable Kommunikation, Wiedergabe von Audio- und Videoinhalten sowie f\u00fcr mobiles Gaming ohne Verz\u00f6gerung \u2013 dank Low Latency-Technologie und modernstem Bluetooth 5.3-Protokoll. Und f\u00fcr die hohe Klangqualit\u00e4t ist der 32-Bit-DSP-Prozessor verantwortlich, der unter den Bedingungen eines Akustiklabors angepasst wurde.","protected":false},"featured_media":31597,"template":"","meta":[],"translation":{"provider":"WPGlobus","version":"2.5.11","language":"de","enabled_languages":["en","ua","de","pl"],"languages":{"en":{"title":true,"content":false,"excerpt":true},"ua":{"title":false,"content":false,"excerpt":true},"de":{"title":false,"content":false,"excerpt":true},"pl":{"title":false,"content":false,"excerpt":true}}},"aioseo_notices":[],"_links":{"self":[{"href":"https:\/\/shop.hator.gg\/de\/wp-json\/wp\/v2\/product\/86714"}],"collection":[{"href":"https:\/\/shop.hator.gg\/de\/wp-json\/wp\/v2\/product"}],"about":[{"href":"https:\/\/shop.hator.gg\/de\/wp-json\/wp\/v2\/types\/product"}],"wp:featuredmedia":[{"embeddable":true,"href":"https:\/\/shop.hator.gg\/de\/wp-json\/wp\/v2\/media\/31597"}],"wp:attachment":[{"href":"https:\/\/shop.hator.gg\/de\/wp-json\/wp\/v2\/media?parent=86714"}],"curies":[{"name":"wp","href":"https:\/\/api.w.org\/{rel}","templated":true}]}}