{"id":81064,"date":"2024-12-06T13:49:19","date_gmt":"2024-12-06T10:49:19","guid":{"rendered":"https:\/\/shop.hator.gg\/?post_type=product&#038;p=81064"},"modified":"2026-03-25T17:09:41","modified_gmt":"2026-03-25T14:09:41","slug":"hator-arc-2-xl-fabric-htc2100-black","status":"publish","type":"product","link":"https:\/\/shop.hator.gg\/de\/chairs\/hator-arc-2-xl-fabric-htc2100-black\/","title":{"rendered":"HATOR Arc 2 XL Fabric (HTC2100) Black"},"content":{"rendered":"","protected":false},"excerpt":{"rendered":"[show_any_info_btn hatordomen=\"https:\/\/hator.gg\" link=\"\/gaming-chairs\/arc-2-fabric\/\" descua=\"\u041a\u0440\u0456\u0441\u043b\u043e Arc 2 Fabric \u0441\u0442\u0430\u043d\u0435 \u0456\u0434\u0435\u0430\u043b\u044c\u043d\u0438\u043c \u0434\u043e\u043f\u043e\u0432\u043d\u0435\u043d\u043d\u044f\u043c \u0441\u0443\u0447\u0430\u0441\u043d\u043e\u0433\u043e \u0440\u043e\u0431\u043e\u0447\u043e\u0433\u043e \u043c\u0456\u0441\u0446\u044f. \u0427\u0443\u0434\u043e\u0432\u0430 \u0435\u0440\u0433\u043e\u043d\u043e\u043c\u0456\u043a\u0430, \u043d\u0430\u0434\u0456\u0439\u043d\u0430 \u043a\u043e\u043d\u0441\u0442\u0440\u0443\u043a\u0446\u0456\u044f, \u0437\u0430\u0442\u0438\u0448\u043e\u043a \u0442\u043a\u0430\u043d\u0438\u043d\u043d\u043e\u0457 \u043e\u0431\u0431\u0438\u0432\u043a\u0438 \u043f\u043e\u0434\u0430\u0440\u0443\u044e\u0442\u044c \u0432\u0430\u043c \u043a\u043e\u043c\u0444\u043e\u0440\u0442, \u0434\u043e\u0440\u0435\u0447\u043d\u0438\u0439 \u044f\u043a \u0434\u043b\u044f \u0440\u043e\u0431\u043e\u0442\u0438, \u0442\u0430\u043a \u0456 \u0434\u043b\u044f \u0456\u0433\u0440\u043e\u0432\u0438\u0445 \u0441\u0435\u0441\u0456\u0439.\" descru=\"\u041a\u0440\u0456\u0441\u043b\u043e Arc 2 Fabric \u0441\u0442\u0430\u043d\u0435 \u0456\u0434\u0435\u0430\u043b\u044c\u043d\u0438\u043c \u0434\u043e\u043f\u043e\u0432\u043d\u0435\u043d\u043d\u044f\u043c \u0441\u0443\u0447\u0430\u0441\u043d\u043e\u0433\u043e \u0440\u043e\u0431\u043e\u0447\u043e\u0433\u043e \u043c\u0456\u0441\u0446\u044f. \u0427\u0443\u0434\u043e\u0432\u0430 \u0435\u0440\u0433\u043e\u043d\u043e\u043c\u0456\u043a\u0430, \u043d\u0430\u0434\u0456\u0439\u043d\u0430 \u043a\u043e\u043d\u0441\u0442\u0440\u0443\u043a\u0446\u0456\u044f, \u0437\u0430\u0442\u0438\u0448\u043e\u043a \u0442\u043a\u0430\u043d\u0438\u043d\u043d\u043e\u0457 \u043e\u0431\u0431\u0438\u0432\u043a\u0438 \u043f\u043e\u0434\u0430\u0440\u0443\u044e\u0442\u044c \u0432\u0430\u043c \u043a\u043e\u043c\u0444\u043e\u0440\u0442, \u0434\u043e\u0440\u0435\u0447\u043d\u0438\u0439 \u044f\u043a \u0434\u043b\u044f \u0440\u043e\u0431\u043e\u0442\u0438, \u0442\u0430\u043a \u0456 \u0434\u043b\u044f \u0456\u0433\u0440\u043e\u0432\u0438\u0445 \u0441\u0435\u0441\u0456\u0439.\" descen=\"The Arc 2 XL Fabric chair is the perfect addition to a modern workspace. Its excellent ergonomics, reliable construction, and the coziness of fabric upholstery ensure comfort suitable for both work and gaming sessions.\" descde=\"Der Arc 2 XL Fabric Stuhl ist die perfekte Erg\u00e4nzung f\u00fcr einen modernen Arbeitsplatz. Hervorragende Ergonomie, eine zuverl\u00e4ssige Konstruktion und die Behaglichkeit des Stoffbezugs sorgen f\u00fcr Komfort, der sowohl f\u00fcr die Arbeit als auch f\u00fcr Gaming-Sessions geeignet ist.\" descpl=\"Krzes\u0142o Arc 2 XL Fabric to idealne uzupe\u0142nienie nowoczesnego miejsca pracy. Doskona\u0142a ergonomia, solidna konstrukcja oraz wygoda tkaninowego obicia zapewni\u0105 komfort zar\u00f3wno podczas pracy, jak i sesji gamingowych.\"]","protected":false},"featured_media":81065,"template":"","meta":[],"translation":{"provider":"WPGlobus","version":"2.5.11","language":"de","enabled_languages":["en","ua","de","pl"],"languages":{"en":{"title":true,"content":false,"excerpt":true},"ua":{"title":false,"content":false,"excerpt":false},"de":{"title":false,"content":false,"excerpt":false},"pl":{"title":false,"content":false,"excerpt":false}}},"aioseo_notices":[],"_links":{"self":[{"href":"https:\/\/shop.hator.gg\/de\/wp-json\/wp\/v2\/product\/81064"}],"collection":[{"href":"https:\/\/shop.hator.gg\/de\/wp-json\/wp\/v2\/product"}],"about":[{"href":"https:\/\/shop.hator.gg\/de\/wp-json\/wp\/v2\/types\/product"}],"wp:featuredmedia":[{"embeddable":true,"href":"https:\/\/shop.hator.gg\/de\/wp-json\/wp\/v2\/media\/81065"}],"wp:attachment":[{"href":"https:\/\/shop.hator.gg\/de\/wp-json\/wp\/v2\/media?parent=81064"}],"curies":[{"name":"wp","href":"https:\/\/api.w.org\/{rel}","templated":true}]}}