{"id":81056,"date":"2024-12-06T13:42:38","date_gmt":"2024-12-06T10:42:38","guid":{"rendered":"https:\/\/shop.hator.gg\/?post_type=product&#038;p=81056"},"modified":"2026-03-25T17:06:30","modified_gmt":"2026-03-25T14:06:30","slug":"hator-darkside-2-pro-fabric-htc1500-black","status":"publish","type":"product","link":"https:\/\/shop.hator.gg\/de\/chairs\/hator-darkside-2-pro-fabric-htc1500-black\/","title":{"rendered":"HATOR Darkside 2 PRO Fabric (HTC1500) Black"},"content":{"rendered":"","protected":false},"excerpt":{"rendered":"[show_any_info_btn hatordomen=\"https:\/\/hator.gg\" link=\"\/gaming-chairs\/darkside-2-pro-fabric\/\" descua=\"Darkside 2 Pro Fabric \u0447\u0443\u0434\u043e\u0432\u043e \u043f\u043e\u0454\u0434\u043d\u0443\u0454 \u0441\u0443\u0447\u0430\u0441\u043d\u0438\u0439 \u0434\u0438\u0437\u0430\u0439\u043d \u0456 \u0431\u0435\u0437\u043a\u043e\u043c\u043f\u0440\u043e\u043c\u0456\u0441\u043d\u0438\u0439 \u043a\u043e\u043c\u0444\u043e\u0440\u0442. \u0426\u0435 \u043a\u0440\u0456\u0441\u043b\u043e \u0441\u0442\u0430\u043d\u0435 \u043d\u0435\u0437\u0430\u043c\u0456\u043d\u043d\u0438\u043c \u0441\u0443\u043f\u0443\u0442\u043d\u0438\u043a\u043e\u043c \u044f\u043a \u0443 \u0440\u043e\u0431\u043e\u0442\u0456, \u0442\u0430\u043a \u0456 \u043f\u0456\u0434 \u0447\u0430\u0441 \u0432\u0456\u0434\u043f\u043e\u0447\u0438\u043d\u043a\u0443, \u0437\u0430\u0431\u0435\u0437\u043f\u0435\u0447\u0443\u044e\u0447\u0438 \u0432\u0438\u043d\u044f\u0442\u043a\u043e\u0432\u0443 \u0437\u0440\u0443\u0447\u043d\u0456\u0441\u0442\u044c \u0442\u0430 \u0434\u043e\u0432\u0433\u043e\u0432\u0456\u0447\u043d\u0456\u0441\u0442\u044c.\" descru=\"Darkside 2 Pro Fabric \u0447\u0443\u0434\u043e\u0432\u043e \u043f\u043e\u0454\u0434\u043d\u0443\u0454 \u0441\u0443\u0447\u0430\u0441\u043d\u0438\u0439 \u0434\u0438\u0437\u0430\u0439\u043d \u0456 \u0431\u0435\u0437\u043a\u043e\u043c\u043f\u0440\u043e\u043c\u0456\u0441\u043d\u0438\u0439 \u043a\u043e\u043c\u0444\u043e\u0440\u0442. \u0426\u0435 \u043a\u0440\u0456\u0441\u043b\u043e \u0441\u0442\u0430\u043d\u0435 \u043d\u0435\u0437\u0430\u043c\u0456\u043d\u043d\u0438\u043c \u0441\u0443\u043f\u0443\u0442\u043d\u0438\u043a\u043e\u043c \u044f\u043a \u0443 \u0440\u043e\u0431\u043e\u0442\u0456, \u0442\u0430\u043a \u0456 \u043f\u0456\u0434 \u0447\u0430\u0441 \u0432\u0456\u0434\u043f\u043e\u0447\u0438\u043d\u043a\u0443, \u0437\u0430\u0431\u0435\u0437\u043f\u0435\u0447\u0443\u044e\u0447\u0438 \u0432\u0438\u043d\u044f\u0442\u043a\u043e\u0432\u0443 \u0437\u0440\u0443\u0447\u043d\u0456\u0441\u0442\u044c \u0442\u0430 \u0434\u043e\u0432\u0433\u043e\u0432\u0456\u0447\u043d\u0456\u0441\u0442\u044c.\" descen=\"Darkside 2 Pro Fabric perfectly combines modern design and uncompromising comfort. This chair will become an indispensable companion both for work and relaxation, offering exceptional convenience and durability.\" descde=\"Darkside 2 Pro Fabric vereint modernes Design und kompromisslosen Komfort perfekt. Dieser Stuhl wird sowohl bei der Arbeit als auch in der Freizeit zu einem unverzichtbaren Begleiter und bietet au\u00dfergew\u00f6hnliche Bequemlichkeit und Langlebigkeit.\" descpl=\"Darkside 2 Pro Fabric to doskona\u0142e po\u0142\u0105czenie nowoczesnego designu i bezkompromisowego komfortu. Ten fotel stanie si\u0119 niezast\u0105pionym towarzyszem zar\u00f3wno podczas pracy, jak i odpoczynku, oferuj\u0105c wyj\u0105tkow\u0105 wygod\u0119 i trwa\u0142o\u015b\u0107.\"]","protected":false},"featured_media":81058,"template":"","meta":[],"translation":{"provider":"WPGlobus","version":"2.5.11","language":"de","enabled_languages":["en","ua","de","pl"],"languages":{"en":{"title":true,"content":false,"excerpt":true},"ua":{"title":false,"content":false,"excerpt":false},"de":{"title":false,"content":false,"excerpt":false},"pl":{"title":false,"content":false,"excerpt":false}}},"aioseo_notices":[],"_links":{"self":[{"href":"https:\/\/shop.hator.gg\/de\/wp-json\/wp\/v2\/product\/81056"}],"collection":[{"href":"https:\/\/shop.hator.gg\/de\/wp-json\/wp\/v2\/product"}],"about":[{"href":"https:\/\/shop.hator.gg\/de\/wp-json\/wp\/v2\/types\/product"}],"wp:featuredmedia":[{"embeddable":true,"href":"https:\/\/shop.hator.gg\/de\/wp-json\/wp\/v2\/media\/81058"}],"wp:attachment":[{"href":"https:\/\/shop.hator.gg\/de\/wp-json\/wp\/v2\/media?parent=81056"}],"curies":[{"name":"wp","href":"https:\/\/api.w.org\/{rel}","templated":true}]}}