{"id":73005,"date":"2024-09-23T22:28:58","date_gmt":"2024-09-23T19:28:58","guid":{"rendered":"https:\/\/shop.hator.gg\/?post_type=product&#038;p=73005"},"modified":"2025-12-08T14:12:47","modified_gmt":"2025-12-08T11:12:47","slug":"hator-icefall-black-grey-htk401ua","status":"publish","type":"product","link":"https:\/\/shop.hator.gg\/de\/keyboards\/hator-icefall-black-grey-htk401ua\/","title":{"rendered":"HATOR Icefall Black\/Grey (HTK401UA)"},"content":{"rendered":"","protected":false},"excerpt":{"rendered":"[show_any_info_btn hatordomen=\"https:\/\/hator.gg\" link=\"\/keyboards\/icefall\" descua=\"\u041f\u043e\u0432\u043d\u043e\u0440\u043e\u0437\u043c\u0456\u0440\u043d\u0430 \u043c\u0435\u043c\u0431\u0440\u0430\u043d\u043d\u0430 \u043a\u043b\u0430\u0432\u0456\u0430\u0442\u0443\u0440\u0430 HATOR Icefall \u2013 \u0456\u0434\u0435\u0430\u043b\u044c\u043d\u0438\u0439 \u0432\u0438\u0431\u0456\u0440 \u0434\u043b\u044f \u0442\u0438\u0445, \u0445\u0442\u043e \u0446\u0456\u043d\u0443\u0454 \u0437\u0440\u0443\u0447\u043d\u0456\u0441\u0442\u044c \u0442\u0430 \u0432\u0438\u0441\u043e\u043a\u0443 \u043f\u0440\u043e\u0434\u0443\u043a\u0442\u0438\u0432\u043d\u0456\u0441\u0442\u044c. \u0417\u0430\u0432\u0434\u044f\u043a\u0438 \u0442\u0438\u0445\u0456\u0439 \u0440\u043e\u0431\u043e\u0442\u0456, \u0448\u0438\u0440\u043e\u043a\u043e\u043c\u0443 \u043d\u0430\u0431\u043e\u0440\u0443 \u0444\u0443\u043d\u043a\u0446\u0456\u0439, \u043f\u0440\u043e\u0434\u0443\u043c\u0430\u043d\u043e\u043c\u0443 \u0434\u0438\u0437\u0430\u0439\u043d\u0443 \u0442\u0430 \u043d\u0430\u0441\u0438\u0447\u0435\u043d\u043e\u043c\u0443 RGB-\u043f\u0456\u0434\u0441\u0432\u0456\u0447\u0443\u0432\u0430\u043d\u043d\u044e, \u0446\u044f \u043a\u043b\u0430\u0432\u0456\u0430\u0442\u0443\u0440\u0430 \u043f\u0456\u0434\u0445\u043e\u0434\u0438\u0442\u044c \u0434\u043b\u044f \u0440\u0456\u0437\u043d\u043e\u043c\u0430\u043d\u0456\u0442\u043d\u0438\u0445 \u0441\u0446\u0435\u043d\u0430\u0440\u0456\u0457\u0432 \u0432\u0438\u043a\u043e\u0440\u0438\u0441\u0442\u0430\u043d\u043d\u044f.\" descru=\"\u041f\u043e\u0432\u043d\u043e\u0440\u043e\u0437\u043c\u0456\u0440\u043d\u0430 \u043c\u0435\u043c\u0431\u0440\u0430\u043d\u043d\u0430 \u043a\u043b\u0430\u0432\u0456\u0430\u0442\u0443\u0440\u0430 HATOR Icefall \u2013 \u0456\u0434\u0435\u0430\u043b\u044c\u043d\u0438\u0439 \u0432\u0438\u0431\u0456\u0440 \u0434\u043b\u044f \u0442\u0438\u0445, \u0445\u0442\u043e \u0446\u0456\u043d\u0443\u0454 \u0437\u0440\u0443\u0447\u043d\u0456\u0441\u0442\u044c \u0442\u0430 \u0432\u0438\u0441\u043e\u043a\u0443 \u043f\u0440\u043e\u0434\u0443\u043a\u0442\u0438\u0432\u043d\u0456\u0441\u0442\u044c. \u0417\u0430\u0432\u0434\u044f\u043a\u0438 \u0442\u0438\u0445\u0456\u0439 \u0440\u043e\u0431\u043e\u0442\u0456, \u0448\u0438\u0440\u043e\u043a\u043e\u043c\u0443 \u043d\u0430\u0431\u043e\u0440\u0443 \u0444\u0443\u043d\u043a\u0446\u0456\u0439, \u043f\u0440\u043e\u0434\u0443\u043c\u0430\u043d\u043e\u043c\u0443 \u0434\u0438\u0437\u0430\u0439\u043d\u0443 \u0442\u0430 \u043d\u0430\u0441\u0438\u0447\u0435\u043d\u043e\u043c\u0443 RGB-\u043f\u0456\u0434\u0441\u0432\u0456\u0447\u0443\u0432\u0430\u043d\u043d\u044e, \u0446\u044f \u043a\u043b\u0430\u0432\u0456\u0430\u0442\u0443\u0440\u0430 \u043f\u0456\u0434\u0445\u043e\u0434\u0438\u0442\u044c \u0434\u043b\u044f \u0440\u0456\u0437\u043d\u043e\u043c\u0430\u043d\u0456\u0442\u043d\u0438\u0445 \u0441\u0446\u0435\u043d\u0430\u0440\u0456\u0457\u0432 \u0432\u0438\u043a\u043e\u0440\u0438\u0441\u0442\u0430\u043d\u043d\u044f.\" descen=\"HATOR Icefall full-size membrane keyboard is an ideal choice for those who appreciate convenience and high performance. With quiet operation, a wide range of functions, a thoughtful design and rich RGB lighting, this keyboard is suitable for a variety of usage scenarios.\" descde=\"Die HATOR Icefall-Membrantastatur in Vollgr\u00f6\u00dfe ist eine ideale Wahl f\u00fcr alle, die Komfort und hohe Leistung sch\u00e4tzen. Mit leisem Betrieb, einem breiten Funktionsumfang, einem durchdachten Design und satter RGB-Beleuchtung eignet sich diese Tastatur f\u00fcr eine Vielzahl von Nutzungsszenarien.\" descpl=\"Pe\u0142nowymiarowa klawiatura membranowa HATOR Icefall to idealny wyb\u00f3r dla os\u00f3b ceni\u0105cych wygod\u0119 i wysok\u0105 wydajno\u015b\u0107. Dzi\u0119ki cichej pracy, szerokiej gamie funkcji, przemy\u015blanej konstrukcji i bogatemu o\u015bwietleniu RGB, ta klawiatura nadaje si\u0119 do r\u00f3\u017cnych scenariuszy u\u017cytkowania.\"]","protected":false},"featured_media":73006,"template":"","meta":[],"translation":{"provider":"WPGlobus","version":"2.5.11","language":"de","enabled_languages":["en","ua","de","pl"],"languages":{"en":{"title":true,"content":false,"excerpt":true},"ua":{"title":false,"content":false,"excerpt":false},"de":{"title":false,"content":false,"excerpt":false},"pl":{"title":false,"content":false,"excerpt":false}}},"aioseo_notices":[],"_links":{"self":[{"href":"https:\/\/shop.hator.gg\/de\/wp-json\/wp\/v2\/product\/73005"}],"collection":[{"href":"https:\/\/shop.hator.gg\/de\/wp-json\/wp\/v2\/product"}],"about":[{"href":"https:\/\/shop.hator.gg\/de\/wp-json\/wp\/v2\/types\/product"}],"wp:featuredmedia":[{"embeddable":true,"href":"https:\/\/shop.hator.gg\/de\/wp-json\/wp\/v2\/media\/73006"}],"wp:attachment":[{"href":"https:\/\/shop.hator.gg\/de\/wp-json\/wp\/v2\/media?parent=73005"}],"curies":[{"name":"wp","href":"https:\/\/api.w.org\/{rel}","templated":true}]}}