{"id":68123,"date":"2024-08-09T11:26:09","date_gmt":"2024-08-09T08:26:09","guid":{"rendered":"https:\/\/shop.hator.gg\/?post_type=product&#038;p=68123"},"modified":"2026-04-30T19:12:45","modified_gmt":"2026-04-30T16:12:45","slug":"hator-tonn-esport-maincast-edition-l-htp-033","status":"publish","type":"product","link":"https:\/\/shop.hator.gg\/de\/mousepads\/hator-tonn-esport-maincast-edition-l-htp-033\/","title":{"rendered":"HATOR Tonn eSport Maincast Edition L (HTP-033)"},"content":{"rendered":"","protected":false},"excerpt":{"rendered":"[show_any_info_btn hatordomen=\"https:\/\/hator.gg\" link=\"\/mousepads\/tonn-esport-maincast\" descua=\"\u041b\u0456\u043c\u0456\u0442\u043e\u0432\u0430\u043d\u0430 \u0432\u0435\u0440\u0441\u0456\u044f \u043a\u0438\u043b\u0438\u043c\u043a\u0430, \u0441\u0442\u0432\u043e\u0440\u0435\u043d\u0430 \u0443 \u0441\u043f\u0456\u0432\u043f\u0440\u0430\u0446\u0456 \u0437 \u0432\u0456\u0434\u043e\u043c\u043e\u044e \u0443\u043a\u0440\u0430\u0457\u043d\u0441\u044c\u043a\u043e\u044e \u0441\u0442\u0443\u0434\u0456\u0454\u044e \u0441\u0442\u0440\u0438\u043c\u0456\u043d\u0433\u0443 Maincast.\" descru=\"\u041b\u0456\u043c\u0456\u0442\u043e\u0432\u0430\u043d\u0430 \u0432\u0435\u0440\u0441\u0456\u044f \u043a\u0438\u043b\u0438\u043c\u043a\u0430, \u0441\u0442\u0432\u043e\u0440\u0435\u043d\u0430 \u0443 \u0441\u043f\u0456\u0432\u043f\u0440\u0430\u0446\u0456 \u0437 \u0432\u0456\u0434\u043e\u043c\u043e\u044e \u0443\u043a\u0440\u0430\u0457\u043d\u0441\u044c\u043a\u043e\u044e \u0441\u0442\u0443\u0434\u0456\u0454\u044e \u0441\u0442\u0440\u0438\u043c\u0456\u043d\u0433\u0443 Maincast.\" descde=\"Eine limitierte Version der Gaming-Oberfl\u00e4che, erstellt in Zusammenarbeit mit dem ber\u00fchmten ukrainischen Streaming-Studio Maincast.\" descen=\"A limited version of the gaming surface, created in cooperation with the famous Ukrainian streaming studio Maincast.\" descpl=\"Limitowana wersja powierzchni do gier, stworzona we wsp\u00f3\u0142pracy ze znanym ukrai\u0144skim studiem streamingowym Maincast.\"]","protected":false},"featured_media":68127,"template":"","meta":[],"translation":{"provider":"WPGlobus","version":"2.5.11","language":"de","enabled_languages":["en","ua","de","pl"],"languages":{"en":{"title":true,"content":false,"excerpt":true},"ua":{"title":false,"content":false,"excerpt":false},"de":{"title":false,"content":false,"excerpt":false},"pl":{"title":false,"content":false,"excerpt":false}}},"aioseo_notices":[],"_links":{"self":[{"href":"https:\/\/shop.hator.gg\/de\/wp-json\/wp\/v2\/product\/68123"}],"collection":[{"href":"https:\/\/shop.hator.gg\/de\/wp-json\/wp\/v2\/product"}],"about":[{"href":"https:\/\/shop.hator.gg\/de\/wp-json\/wp\/v2\/types\/product"}],"wp:featuredmedia":[{"embeddable":true,"href":"https:\/\/shop.hator.gg\/de\/wp-json\/wp\/v2\/media\/68127"}],"wp:attachment":[{"href":"https:\/\/shop.hator.gg\/de\/wp-json\/wp\/v2\/media?parent=68123"}],"curies":[{"name":"wp","href":"https:\/\/api.w.org\/{rel}","templated":true}]}}