{"id":54685,"date":"2024-03-20T18:12:16","date_gmt":"2024-03-20T15:12:16","guid":{"rendered":"https:\/\/shop.hator.gg\/?post_type=product&#038;p=54685"},"modified":"2026-03-25T16:32:59","modified_gmt":"2026-03-25T13:32:59","slug":"hator-rockfall-2-mecha-tkl-authentic-edition-white-htk-531","status":"publish","type":"product","link":"https:\/\/shop.hator.gg\/de\/keyboards\/hator-rockfall-2-mecha-tkl-authentic-edition-white-htk-531\/","title":{"rendered":"HATOR Rockfall 2 Mecha TKL Authentic Edition White (HTK-531)"},"content":{"rendered":"","protected":false},"excerpt":{"rendered":"[show_any_info_btn hatordomen=\"https:\/\/hator.gg\" link=\"\/keyboards\/rockfall-2-mecha-authentic-edition\" descua=\"\u041a\u043b\u0430\u0432\u0456\u0430\u0442\u0443\u0440\u0438 Rockfall 2 Mecha Authentic Edition \u043c\u0430\u044e\u0442\u044c \u0442\u0440\u0438 \u0443\u043d\u0456\u043a\u0430\u043b\u044c\u043d\u0438\u0445 \u0434\u0438\u0437\u0430\u0439\u043d\u0438 \u0437\u0430 \u0440\u0430\u0445\u0443\u043d\u043e\u043a \u043d\u0430\u0431\u043e\u0440\u0456\u0432 \u043a\u0435\u0439\u043a\u0430\u043f\u0456\u0432 \u0437 \u0441\u0443\u0431\u043b\u0456\u043c\u0430\u0446\u0456\u0439\u043d\u0438\u043c \u043d\u0430\u043d\u0435\u0441\u0435\u043d\u043d\u044f\u043c...\" descru=\"\u041a\u043b\u0430\u0432\u0456\u0430\u0442\u0443\u0440\u0438 Rockfall 2 Mecha Authentic Edition \u043c\u0430\u044e\u0442\u044c \u0442\u0440\u0438 \u0443\u043d\u0456\u043a\u0430\u043b\u044c\u043d\u0438\u0445 \u0434\u0438\u0437\u0430\u0439\u043d\u0438 \u0437\u0430 \u0440\u0430\u0445\u0443\u043d\u043e\u043a \u043d\u0430\u0431\u043e\u0440\u0456\u0432 \u043a\u0435\u0439\u043a\u0430\u043f\u0456\u0432 \u0437 \u0441\u0443\u0431\u043b\u0456\u043c\u0430\u0446\u0456\u0439\u043d\u0438\u043c \u043d\u0430\u043d\u0435\u0441\u0435\u043d\u043d\u044f\u043c...\" descen=\"Rockfall 2 Mecha Authentic Edition keyboards have three unique designs thanks to sublimation keycap sets...\" descde=\"Rockfall 2 Mecha Authentic Edition-Tastaturen verf\u00fcgen dank Sublimations-Tastenkappens\u00e4tzen \u00fcber drei einzigartige Designs...\" descpl=\"Klawiatury Rockfall 2 Mecha Authentic Edition maj\u0105 trzy unikalne konstrukcje dzi\u0119ki zestawom klawiszy sublimacyjnych...\"]","protected":false},"featured_media":54691,"template":"","meta":[],"translation":{"provider":"WPGlobus","version":"2.5.11","language":"de","enabled_languages":["en","ua","de","pl"],"languages":{"en":{"title":true,"content":false,"excerpt":true},"ua":{"title":false,"content":false,"excerpt":false},"de":{"title":false,"content":false,"excerpt":false},"pl":{"title":false,"content":false,"excerpt":false}}},"aioseo_notices":[],"_links":{"self":[{"href":"https:\/\/shop.hator.gg\/de\/wp-json\/wp\/v2\/product\/54685"}],"collection":[{"href":"https:\/\/shop.hator.gg\/de\/wp-json\/wp\/v2\/product"}],"about":[{"href":"https:\/\/shop.hator.gg\/de\/wp-json\/wp\/v2\/types\/product"}],"wp:featuredmedia":[{"embeddable":true,"href":"https:\/\/shop.hator.gg\/de\/wp-json\/wp\/v2\/media\/54691"}],"wp:attachment":[{"href":"https:\/\/shop.hator.gg\/de\/wp-json\/wp\/v2\/media?parent=54685"}],"curies":[{"name":"wp","href":"https:\/\/api.w.org\/{rel}","templated":true}]}}