{"id":54234,"date":"2024-03-18T18:09:19","date_gmt":"2024-03-18T15:09:19","guid":{"rendered":"https:\/\/shop.hator.gg\/?post_type=product&#038;p=54234"},"modified":"2026-03-25T17:13:07","modified_gmt":"2026-03-25T14:13:07","slug":"hator-rockfall-2-mecha-tkl-signature-edition-htk-520-blw","status":"publish","type":"product","link":"https:\/\/shop.hator.gg\/de\/keyboards\/hator-rockfall-2-mecha-tkl-signature-edition-htk-520-blw\/","title":{"rendered":"HATOR Rockfall 2 Mecha TKL Signature Edition (HTK-520-BLW)"},"content":{"rendered":"","protected":false},"excerpt":{"rendered":"[show_any_info_btn hatordomen=\"https:\/\/hator.gg\" link=\"\/keyboards\/rockfall-2-signature\" descua=\"\u0420\u043e\u0437\u0432\u0438\u0442\u043e\u043a \u043f\u043e\u043f\u0443\u043b\u044f\u0440\u043d\u043e\u0457 \u043c\u043e\u0434\u0435\u043b\u0456 Rockfall 2 Mecha TKL: \u0449\u0435 \u043a\u0440\u0430\u0449\u0430 \u0432\u0456\u0431\u0440\u043e- \u0442\u0430 \u0448\u0443\u043c\u043e\u0456\u0437\u043e\u043b\u044f\u0446\u0456\u044f, \u0456 \u0448\u0438\u0440\u043e\u043a\u0438\u0439 \u0432\u0438\u0431\u0456\u0440 \u0434\u0438\u0437\u0430\u0439\u043d\u0456\u0432 \u043d\u0430 \u0432\u0430\u0448 \u0441\u043c\u0430\u043a.\" descru=\"\u0420\u043e\u0437\u0432\u0438\u0442\u043e\u043a \u043f\u043e\u043f\u0443\u043b\u044f\u0440\u043d\u043e\u0457 \u043c\u043e\u0434\u0435\u043b\u0456 Rockfall 2 Mecha TKL: \u0449\u0435 \u043a\u0440\u0430\u0449\u0430 \u0432\u0456\u0431\u0440\u043e- \u0442\u0430 \u0448\u0443\u043c\u043e\u0456\u0437\u043e\u043b\u044f\u0446\u0456\u044f, \u0456 \u0448\u0438\u0440\u043e\u043a\u0438\u0439 \u0432\u0438\u0431\u0456\u0440 \u0434\u0438\u0437\u0430\u0439\u043d\u0456\u0432 \u043d\u0430 \u0432\u0430\u0448 \u0441\u043c\u0430\u043a.\" descen=\"Development of the popular Rockfall 2 Mecha TKL model: even better vibration and noise isolation, and a wide selection of designs to suit your taste.\" descde=\"Weiterentwicklung des beliebten Rockfall 2 Mecha TKL-Modells: noch bessere Vibrations- und Ger\u00e4uschisolierung und eine gro\u00dfe Auswahl an Designs ganz nach Ihrem Geschmack.\" descpl=\"Rozw\u00f3j popularnego modelu Rockfall 2 Mecha TKL: jeszcze lepsza izolacja wibracji i ha\u0142asu oraz szeroki wyb\u00f3r wzor\u00f3w dostosowanych do Twojego gustu.\"]","protected":false},"featured_media":54235,"template":"","meta":[],"translation":{"provider":"WPGlobus","version":"2.5.11","language":"de","enabled_languages":["en","ua","de","pl"],"languages":{"en":{"title":true,"content":false,"excerpt":true},"ua":{"title":false,"content":false,"excerpt":false},"de":{"title":false,"content":false,"excerpt":false},"pl":{"title":false,"content":false,"excerpt":false}}},"aioseo_notices":[],"_links":{"self":[{"href":"https:\/\/shop.hator.gg\/de\/wp-json\/wp\/v2\/product\/54234"}],"collection":[{"href":"https:\/\/shop.hator.gg\/de\/wp-json\/wp\/v2\/product"}],"about":[{"href":"https:\/\/shop.hator.gg\/de\/wp-json\/wp\/v2\/types\/product"}],"wp:featuredmedia":[{"embeddable":true,"href":"https:\/\/shop.hator.gg\/de\/wp-json\/wp\/v2\/media\/54235"}],"wp:attachment":[{"href":"https:\/\/shop.hator.gg\/de\/wp-json\/wp\/v2\/media?parent=54234"}],"curies":[{"name":"wp","href":"https:\/\/api.w.org\/{rel}","templated":true}]}}