{"id":42156,"date":"2023-12-12T17:11:31","date_gmt":"2023-12-12T14:11:31","guid":{"rendered":"https:\/\/shop.hator.gg\/?post_type=product&#038;p=42156"},"modified":"2026-03-25T17:29:25","modified_gmt":"2026-03-25T14:29:25","slug":"glides-pure-ptfe-mouse-feet-for-hator-pulsar-acc-091","status":"publish","type":"product","link":"https:\/\/shop.hator.gg\/de\/accessories\/glides-pure-ptfe-mouse-feet-for-hator-pulsar-acc-091\/","title":{"rendered":"Glides Pure PTFE Mausf\u00fc\u00dfe f\u00fcr HATOR Pulsar (ACC-091)"},"content":{"rendered":"","protected":false},"excerpt":{"rendered":"<p class=\"mb-0 mt-4\">Gleiter aus reinem PTFE-Material, kompatibel mit Mausmodellen: Pulsar (HTM-313). Pulsar EVO (HTM-323), Pulsar Essential (HTM-307\/308\/309\/312\/314), Pulsar 2 (HTM-510\/511), Pulsar 2 Pro (HTM-520). Pulsar 2 Pro Wireless (HTM-530\/531\/532\/533\/534)<\/p>","protected":false},"featured_media":42157,"template":"","meta":[],"translation":{"provider":"WPGlobus","version":"2.5.11","language":"de","enabled_languages":["en","ua","de","pl"],"languages":{"en":{"title":true,"content":false,"excerpt":true},"ua":{"title":true,"content":false,"excerpt":true},"de":{"title":true,"content":false,"excerpt":true},"pl":{"title":true,"content":false,"excerpt":true}}},"aioseo_notices":[],"_links":{"self":[{"href":"https:\/\/shop.hator.gg\/de\/wp-json\/wp\/v2\/product\/42156"}],"collection":[{"href":"https:\/\/shop.hator.gg\/de\/wp-json\/wp\/v2\/product"}],"about":[{"href":"https:\/\/shop.hator.gg\/de\/wp-json\/wp\/v2\/types\/product"}],"wp:featuredmedia":[{"embeddable":true,"href":"https:\/\/shop.hator.gg\/de\/wp-json\/wp\/v2\/media\/42157"}],"wp:attachment":[{"href":"https:\/\/shop.hator.gg\/de\/wp-json\/wp\/v2\/media?parent=42156"}],"curies":[{"name":"wp","href":"https:\/\/api.w.org\/{rel}","templated":true}]}}