{"id":41958,"date":"2023-12-11T13:37:35","date_gmt":"2023-12-11T10:37:35","guid":{"rendered":"https:\/\/shop.hator.gg\/?post_type=product&#038;p=41958"},"modified":"2024-04-23T13:27:19","modified_gmt":"2024-04-23T10:27:19","slug":"universal-adapter-cable-0-2m-x23-5mm-3-5mm-acc-214","status":"publish","type":"product","link":"https:\/\/shop.hator.gg\/de\/accessories\/universal-adapter-cable-0-2m-x23-5mm-3-5mm-acc-214\/","title":{"rendered":"Universal-Adapterkabel 0,2m x2*3,5mm &#8211; 3,5mm (ACC-214)"},"content":{"rendered":"","protected":false},"excerpt":{"rendered":"[show_any_info_btn hatordomen=\"https:\/\/hator.gg\" link=\"\/accessories\/audio-accessories\/universal-adapter-cable-female-male-acc-214\/\" descua=\"\u0410\u0443\u0434\u0456\u043e\u043a\u0430\u0431\u0435\u043b\u044c \u043e\u0441\u043d\u0430\u0449\u0435\u043d\u0438\u0439 \u0440\u043e\u0437\u2019\u0454\u043c\u0430\u043c\u0438 mini jack 3.5mm \u0443 \u043a\u043e\u043d\u0444\u0456\u0433\u0443\u0440\u0430\u0446\u0456\u0457 mini Jack3.5\u043c\u043c \u2013 mini Jack 3.5\u043c\u043c \u0445 2 (\u0442\u0430\u0442\u043e-\u043c\u0430\u043c\u0430).\" descru=\"\u0410\u0443\u0434\u0456\u043e\u043a\u0430\u0431\u0435\u043b\u044c \u043e\u0441\u043d\u0430\u0449\u0435\u043d\u0438\u0439 \u0440\u043e\u0437\u2019\u0454\u043c\u0430\u043c\u0438 mini jack 3.5mm \u0443 \u043a\u043e\u043d\u0444\u0456\u0433\u0443\u0440\u0430\u0446\u0456\u0457 mini Jack3.5\u043c\u043c \u2013 mini Jack 3.5\u043c\u043c \u0445 2 (\u0442\u0430\u0442\u043e-\u043c\u0430\u043c\u0430).\" descen=\"The audio cable is equipped with mini jack 3.5mm connectors in the configuration mini Jack 3.5mm \u2013 mini Jack 3.5mm x2 (father-mother).\" descde=\"Das Audiokabel ist mit 3.5-mm-Miniklinkensteckern in der Konfiguration Miniklinke 3.5mm \u2013 Miniklinke 3.5mm x2 (Vater-Mutter).\" descpl=\"Kabel audio wyposa\u017cony jest w z\u0142\u0105cza mini jack 3,5mm w konfiguracji mini Jack 3,5mm \u2013 mini Jack 3,5 mm x2 (ojciec-matka).\"]","protected":false},"featured_media":41959,"template":"","meta":[],"translation":{"provider":"WPGlobus","version":"2.5.11","language":"de","enabled_languages":["en","ua","de","pl"],"languages":{"en":{"title":true,"content":false,"excerpt":true},"ua":{"title":true,"content":false,"excerpt":false},"de":{"title":true,"content":false,"excerpt":false},"pl":{"title":true,"content":false,"excerpt":false}}},"aioseo_notices":[],"_links":{"self":[{"href":"https:\/\/shop.hator.gg\/de\/wp-json\/wp\/v2\/product\/41958"}],"collection":[{"href":"https:\/\/shop.hator.gg\/de\/wp-json\/wp\/v2\/product"}],"about":[{"href":"https:\/\/shop.hator.gg\/de\/wp-json\/wp\/v2\/types\/product"}],"wp:featuredmedia":[{"embeddable":true,"href":"https:\/\/shop.hator.gg\/de\/wp-json\/wp\/v2\/media\/41959"}],"wp:attachment":[{"href":"https:\/\/shop.hator.gg\/de\/wp-json\/wp\/v2\/media?parent=41958"}],"curies":[{"name":"wp","href":"https:\/\/api.w.org\/{rel}","templated":true}]}}