{"id":40031,"date":"2023-11-22T13:20:31","date_gmt":"2023-11-22T10:20:31","guid":{"rendered":"https:\/\/shop.hator.gg\/?post_type=product&#038;p=40031"},"modified":"2025-11-10T21:12:45","modified_gmt":"2025-11-10T18:12:45","slug":"hator-stellar-pro-wireless-black-htm-550","status":"publish","type":"product","link":"https:\/\/shop.hator.gg\/de\/mice\/hator-stellar-pro-wireless-black-htm-550\/","title":{"rendered":"HATOR Stellar PRO Wireless Black (HTM-550)"},"content":{"rendered":"","protected":false},"excerpt":{"rendered":"[show_any_info_btn hatordomen=\"https:\/\/hator.gg\" link=\"\/mice\/stellar-pro-wireless\" descua=\"\u0412\u0430\u0433\u0430 Stellar Pro Wireless \u0441\u043a\u043b\u0430\u0434\u0430\u0454 \u0432\u0441\u044c\u043e\u0433\u043e 52 \u0433\u0440\u0430\u043c\u0438. \u0412\u0430\u0448\u0430 \u043f\u0435\u0440\u0435\u043c\u043e\u0433\u0430 \u043d\u0456\u043a\u043e\u043b\u0438 \u043d\u0435 \u0431\u0443\u043b\u0430 \u043d\u0430\u0441\u0442\u0456\u043b\u044c\u043a\u0438 \u043b\u0435\u0433\u043a\u043e\u044e! \" descru=\"\u0412\u0430\u0433\u0430 Stellar Pro Wireless \u0441\u043a\u043b\u0430\u0434\u0430\u0454 \u0432\u0441\u044c\u043e\u0433\u043e 52 \u0433\u0440\u0430\u043c\u0438. \u0412\u0430\u0448\u0430 \u043f\u0435\u0440\u0435\u043c\u043e\u0433\u0430 \u043d\u0456\u043a\u043e\u043b\u0438 \u043d\u0435 \u0431\u0443\u043b\u0430 \u043d\u0430\u0441\u0442\u0456\u043b\u044c\u043a\u0438 \u043b\u0435\u0433\u043a\u043e\u044e! \" descen=\"Stellar Pro Wireless weighs only 52 grams. Your victory has never been so easy!\" descde=\"Stellar Pro Wireless wiegt nur 52 Gramm. Ihr Sieg war noch nie so einfach!\" descpl=\"Stellar Pro Wireless wa\u017cy tylko 52 gramy. Twoje zwyci\u0119stwo nigdy nie by\u0142o tak \u0142atwe!\"]","protected":false},"featured_media":40032,"template":"","meta":[],"translation":{"provider":"WPGlobus","version":"2.5.11","language":"de","enabled_languages":["en","ua","de","pl"],"languages":{"en":{"title":true,"content":false,"excerpt":true},"ua":{"title":false,"content":false,"excerpt":false},"de":{"title":false,"content":false,"excerpt":false},"pl":{"title":false,"content":false,"excerpt":false}}},"aioseo_notices":[],"_links":{"self":[{"href":"https:\/\/shop.hator.gg\/de\/wp-json\/wp\/v2\/product\/40031"}],"collection":[{"href":"https:\/\/shop.hator.gg\/de\/wp-json\/wp\/v2\/product"}],"about":[{"href":"https:\/\/shop.hator.gg\/de\/wp-json\/wp\/v2\/types\/product"}],"wp:featuredmedia":[{"embeddable":true,"href":"https:\/\/shop.hator.gg\/de\/wp-json\/wp\/v2\/media\/40032"}],"wp:attachment":[{"href":"https:\/\/shop.hator.gg\/de\/wp-json\/wp\/v2\/media?parent=40031"}],"curies":[{"name":"wp","href":"https:\/\/api.w.org\/{rel}","templated":true}]}}