{"id":39415,"date":"2023-11-17T14:07:34","date_gmt":"2023-11-17T11:07:34","guid":{"rendered":"https:\/\/shop.hator.gg\/?post_type=product&#038;p=39415"},"modified":"2026-03-05T15:33:55","modified_gmt":"2026-03-05T12:33:55","slug":"hator-tonn-mobile-htp-1000-black","status":"publish","type":"product","link":"https:\/\/shop.hator.gg\/de\/mousepads\/hator-tonn-mobile-htp-1000-black\/","title":{"rendered":"HATOR Tonn Mobile (HTP-1000) Black"},"content":{"rendered":"","protected":false},"excerpt":{"rendered":"[show_any_info_btn hatordomen=\"https:\/\/hator.gg\" link=\"\/mousepads\/tonn-mobile\" descua=\"Tonn Mobile \u2013 \u0447\u0443\u0434\u043e\u0432\u0435 \u0440\u0456\u0448\u0435\u043d\u043d\u044f \u0434\u043b\u044f \u0432\u0438\u043a\u043e\u0440\u0438\u0441\u0442\u0430\u043d\u043d\u0456 \u0432 \u0442\u0430\u043d\u0434\u0435\u043c\u0456 \u0437 \u043c\u043e\u0431\u0456\u043b\u044c\u043d\u0438\u043c\u0438 \u043f\u0440\u0438\u0441\u0442\u0440\u043e\u044f\u043c\u0438: \u0447\u0456\u043f\u043a\u0430 \u0431\u0430\u0437\u0430 \u0433\u0430\u0440\u0430\u043d\u0442\u0443\u0454 \u0441\u0442\u0430\u0431\u0456\u043b\u044c\u043d\u0456\u0441\u0442\u044c \u043d\u0430 \u0431\u0443\u0434\u044c-\u044f\u043a\u0456\u0439 \u043f\u043e\u0432\u0435\u0440\u0445\u043d\u0456, \u0430 \u043a\u043e\u043c\u043f\u0430\u043a\u0442\u043d\u0456 \u0440\u043e\u0437\u043c\u0456\u0440\u0438 \u0434\u043e\u0437\u0432\u043e\u043b\u044f\u044e\u0442\u044c \u0437\u0431\u0435\u0440\u0456\u0433\u0430\u0442\u0438 \u043a\u0438\u043b\u0438\u043c\u043e\u043a \u0431\u0435\u0437\u043f\u043e\u0441\u0435\u0440\u0435\u0434\u043d\u044c\u043e \u0437 \u043d\u043e\u0443\u0442\u0431\u0443\u043a\u043e\u043c.\" descru=\"Tonn Mobile \u2013 \u0447\u0443\u0434\u043e\u0432\u0435 \u0440\u0456\u0448\u0435\u043d\u043d\u044f \u0434\u043b\u044f \u0432\u0438\u043a\u043e\u0440\u0438\u0441\u0442\u0430\u043d\u043d\u0456 \u0432 \u0442\u0430\u043d\u0434\u0435\u043c\u0456 \u0437 \u043c\u043e\u0431\u0456\u043b\u044c\u043d\u0438\u043c\u0438 \u043f\u0440\u0438\u0441\u0442\u0440\u043e\u044f\u043c\u0438: \u0447\u0456\u043f\u043a\u0430 \u0431\u0430\u0437\u0430 \u0433\u0430\u0440\u0430\u043d\u0442\u0443\u0454 \u0441\u0442\u0430\u0431\u0456\u043b\u044c\u043d\u0456\u0441\u0442\u044c \u043d\u0430 \u0431\u0443\u0434\u044c-\u044f\u043a\u0456\u0439 \u043f\u043e\u0432\u0435\u0440\u0445\u043d\u0456, \u0430 \u043a\u043e\u043c\u043f\u0430\u043a\u0442\u043d\u0456 \u0440\u043e\u0437\u043c\u0456\u0440\u0438 \u0434\u043e\u0437\u0432\u043e\u043b\u044f\u044e\u0442\u044c \u0437\u0431\u0435\u0440\u0456\u0433\u0430\u0442\u0438 \u043a\u0438\u043b\u0438\u043c\u043e\u043a \u0431\u0435\u0437\u043f\u043e\u0441\u0435\u0440\u0435\u0434\u043d\u044c\u043e \u0437 \u043d\u043e\u0443\u0442\u0431\u0443\u043a\u043e\u043c.\" descen=\"Tonn Mobile is a great solution for use in tandem with mobile devices: the grippy base guarantees stability on any surface, and the compact size allows you to store the mat directly with the laptop.\" descde=\"Tonn Mobile ist eine tolle L\u00f6sung f\u00fcr den Einsatz zusammen mit mobilen Ger\u00e4ten: Die griffige Basis garantiert Stabilit\u00e4t auf jedem Untergrund und die kompakte Gr\u00f6\u00dfe erm\u00f6glicht es Ihnen, die Matte direkt am Laptop aufzubewahren.\" descpl=\"Tonn Mobile to \u015bwietne rozwi\u0105zanie do stosowania w po\u0142\u0105czeniu z urz\u0105dzeniami mobilnymi: przyczepna podstawa gwarantuje stabilno\u015b\u0107 na ka\u017cdej powierzchni, a kompaktowe wymiary pozwalaj\u0105 na przechowywanie maty bezpo\u015brednio z laptopem.\"]","protected":false},"featured_media":39416,"template":"","meta":[],"translation":{"provider":"WPGlobus","version":"2.5.11","language":"de","enabled_languages":["en","ua","de","pl"],"languages":{"en":{"title":true,"content":false,"excerpt":true},"ua":{"title":false,"content":false,"excerpt":false},"de":{"title":false,"content":false,"excerpt":false},"pl":{"title":false,"content":false,"excerpt":false}}},"aioseo_notices":[],"_links":{"self":[{"href":"https:\/\/shop.hator.gg\/de\/wp-json\/wp\/v2\/product\/39415"}],"collection":[{"href":"https:\/\/shop.hator.gg\/de\/wp-json\/wp\/v2\/product"}],"about":[{"href":"https:\/\/shop.hator.gg\/de\/wp-json\/wp\/v2\/types\/product"}],"wp:featuredmedia":[{"embeddable":true,"href":"https:\/\/shop.hator.gg\/de\/wp-json\/wp\/v2\/media\/39416"}],"wp:attachment":[{"href":"https:\/\/shop.hator.gg\/de\/wp-json\/wp\/v2\/media?parent=39415"}],"curies":[{"name":"wp","href":"https:\/\/api.w.org\/{rel}","templated":true}]}}