{"id":39395,"date":"2023-11-17T13:29:33","date_gmt":"2023-11-17T10:29:33","guid":{"rendered":"https:\/\/shop.hator.gg\/?post_type=product&#038;p=39395"},"modified":"2025-08-04T07:12:44","modified_gmt":"2025-08-04T04:12:44","slug":"hator-flash-htc-400-alcantara-black","status":"publish","type":"product","link":"https:\/\/shop.hator.gg\/de\/chairs\/hator-flash-htc-400-alcantara-black\/","title":{"rendered":"Hator Flash (HTC-400) Alcantara Black"},"content":{"rendered":"","protected":false},"excerpt":{"rendered":"[show_any_info_btn hatordomen=\"https:\/\/hator.gg\" link=\"\/gaming-chairs\/flash\" descua=\"HATOR Flash \u2013 \u0456\u0433\u0440\u043e\u0432\u0435 \u043a\u0440\u0456\u0441\u043b\u043e \u0432\u0456\u0434\u043d\u043e\u0441\u043d\u043e \u043a\u043e\u043c\u043f\u0430\u043a\u0442\u043d\u0438\u0445 \u0433\u0430\u0431\u0430\u0440\u0438\u0442\u0456\u0432. \u0415\u0440\u0433\u043e\u043d\u043e\u043c\u0456\u0447\u043d\u0430 \u043a\u043e\u043d\u0441\u0442\u0440\u0443\u043a\u0446\u0456\u044f \u043a\u0440\u0456\u0441\u043b\u0430 \u0437\u0430\u0431\u0435\u0437\u043f\u0435\u0447\u0443\u0454 \u0434\u043e\u0441\u0442\u0430\u0442\u043d\u044e \u043e\u043f\u043e\u0440\u0443 \u0434\u043b\u044f \u043f\u043e\u043f\u0435\u0440\u0435\u043a\u0443 \u0442\u0430 \u0434\u043e\u043f\u043e\u043c\u0430\u0433\u0430\u0454 \u043f\u0456\u0434\u0442\u0440\u0438\u043c\u0443\u0432\u0430\u0442\u0438 \u043f\u0440\u0430\u0432\u0438\u043b\u044c\u043d\u0443 \u043f\u043e\u0441\u0442\u0430\u0432\u0443 \u043f\u0456\u0434 \u0447\u0430\u0441 \u0433\u0440\u0438.\" descru=\"HATOR Flash \u2013 \u0456\u0433\u0440\u043e\u0432\u0435 \u043a\u0440\u0456\u0441\u043b\u043e \u0432\u0456\u0434\u043d\u043e\u0441\u043d\u043e \u043a\u043e\u043c\u043f\u0430\u043a\u0442\u043d\u0438\u0445 \u0433\u0430\u0431\u0430\u0440\u0438\u0442\u0456\u0432. \u0415\u0440\u0433\u043e\u043d\u043e\u043c\u0456\u0447\u043d\u0430 \u043a\u043e\u043d\u0441\u0442\u0440\u0443\u043a\u0446\u0456\u044f \u043a\u0440\u0456\u0441\u043b\u0430 \u0437\u0430\u0431\u0435\u0437\u043f\u0435\u0447\u0443\u0454 \u0434\u043e\u0441\u0442\u0430\u0442\u043d\u044e \u043e\u043f\u043e\u0440\u0443 \u0434\u043b\u044f \u043f\u043e\u043f\u0435\u0440\u0435\u043a\u0443 \u0442\u0430 \u0434\u043e\u043f\u043e\u043c\u0430\u0433\u0430\u0454 \u043f\u0456\u0434\u0442\u0440\u0438\u043c\u0443\u0432\u0430\u0442\u0438 \u043f\u0440\u0430\u0432\u0438\u043b\u044c\u043d\u0443 \u043f\u043e\u0441\u0442\u0430\u0432\u0443 \u043f\u0456\u0434 \u0447\u0430\u0441 \u0433\u0440\u0438.\" descen=\"HATOR Flash is a gaming chair with relatively compact dimensions. The ergonomic design of the chair includes sufficient support for the lower back and helps maintain the correct posture during the game.\" descde=\"HATOR Flash ist ein Gaming-Stuhl mit relativ kompakten Abmessungen. Das ergonomische Design des Stuhls bietet ausreichend Unterst\u00fctzung f\u00fcr den unteren R\u00fccken und hilft, die richtige Haltung w\u00e4hrend des Spiels beizubehalten.\" descpl=\"HATOR Flash to fotel gamingowy o stosunkowo kompaktowych wymiarach. Ergonomiczna konstrukcja fotela zapewnia odpowiednie podparcie dolnej cz\u0119\u015bci plec\u00f3w i pomaga w utrzymaniu prawid\u0142owej postawy podczas gry.\"]","protected":false},"featured_media":39396,"template":"","meta":[],"translation":{"provider":"WPGlobus","version":"2.5.11","language":"de","enabled_languages":["en","ua","de","pl"],"languages":{"en":{"title":true,"content":false,"excerpt":true},"ua":{"title":false,"content":false,"excerpt":false},"de":{"title":false,"content":false,"excerpt":false},"pl":{"title":false,"content":false,"excerpt":false}}},"aioseo_notices":[],"_links":{"self":[{"href":"https:\/\/shop.hator.gg\/de\/wp-json\/wp\/v2\/product\/39395"}],"collection":[{"href":"https:\/\/shop.hator.gg\/de\/wp-json\/wp\/v2\/product"}],"about":[{"href":"https:\/\/shop.hator.gg\/de\/wp-json\/wp\/v2\/types\/product"}],"wp:featuredmedia":[{"embeddable":true,"href":"https:\/\/shop.hator.gg\/de\/wp-json\/wp\/v2\/media\/39396"}],"wp:attachment":[{"href":"https:\/\/shop.hator.gg\/de\/wp-json\/wp\/v2\/media?parent=39395"}],"curies":[{"name":"wp","href":"https:\/\/api.w.org\/{rel}","templated":true}]}}