{"id":33802,"date":"2023-08-30T19:56:43","date_gmt":"2023-08-30T16:56:43","guid":{"rendered":"https:\/\/shop.hator.gg\/?post_type=product&#038;p=33802"},"modified":"2026-03-25T16:31:52","modified_gmt":"2026-03-25T13:31:52","slug":"hator-rockfall-2-tkl-mecha-orange-mint-htk-723","status":"publish","type":"product","link":"https:\/\/shop.hator.gg\/de\/keyboards\/hator-rockfall-2-tkl-mecha-orange-mint-htk-723\/","title":{"rendered":"HATOR Rockfall 2 Mecha TKL Orange Mint (HTK-723)"},"content":{"rendered":"","protected":false},"excerpt":{"rendered":"[show_any_info_btn hatordomen=\"https:\/\/hator.gg\" link=\"\/keyboards\/rockfall-2-tkl-mecha\" descua=\"\u0412\u0456\u0434\u0447\u0443\u0439\u0442\u0435 \u043d\u043e\u0432\u0438\u0439 \u0440\u0456\u0432\u0435\u043d\u044c \u043a\u043e\u043c\u0444\u043e\u0440\u0442\u0443 \u043f\u0440\u0438 \u043a\u043e\u0440\u0438\u0441\u0442\u0443\u0432\u0430\u043d\u043d\u0456 \u043a\u043b\u0430\u0432\u0456\u0430\u0442\u0443\u0440\u043e\u044e! \u0423\u0432\u0430\u0433\u0430 \u0434\u043e \u043a\u043e\u0436\u043d\u043e\u0433\u043e \u0435\u043b\u0435\u043c\u0435\u043d\u0442\u0443 \u043a\u043e\u043d\u0441\u0442\u0440\u0443\u043a\u0446\u0456\u0457 \u0437\u0430\u0431\u0435\u0437\u043f\u0435\u0447\u0438\u043b\u0430 \u043d\u0435\u043f\u0435\u0440\u0435\u0432\u0435\u0440\u0448\u0435\u043d\u0438\u0439 \u0430\u043a\u0443\u0441\u0442\u0438\u0447\u043d\u0438\u0439 \u043a\u043e\u043c\u0444\u043e\u0440\u0442 \u0442\u0430 \u0432\u0456\u0434\u043c\u0456\u043d\u043d\u0456 \u0442\u0430\u043a\u0442\u0438\u043b\u044c\u043d\u0456 \u0432\u0456\u0434\u0447\u0443\u0442\u0442\u044f \u043f\u0440\u0438 \u0440\u043e\u0431\u043e\u0442\u0456 \u0437 HATOR Rockfall 2 Mecha TKL.\" descru=\"\u0412\u0456\u0434\u0447\u0443\u0439\u0442\u0435 \u043d\u043e\u0432\u0438\u0439 \u0440\u0456\u0432\u0435\u043d\u044c \u043a\u043e\u043c\u0444\u043e\u0440\u0442\u0443 \u043f\u0440\u0438 \u043a\u043e\u0440\u0438\u0441\u0442\u0443\u0432\u0430\u043d\u043d\u0456 \u043a\u043b\u0430\u0432\u0456\u0430\u0442\u0443\u0440\u043e\u044e! \u0423\u0432\u0430\u0433\u0430 \u0434\u043e \u043a\u043e\u0436\u043d\u043e\u0433\u043e \u0435\u043b\u0435\u043c\u0435\u043d\u0442\u0443 \u043a\u043e\u043d\u0441\u0442\u0440\u0443\u043a\u0446\u0456\u0457 \u0437\u0430\u0431\u0435\u0437\u043f\u0435\u0447\u0438\u043b\u0430 \u043d\u0435\u043f\u0435\u0440\u0435\u0432\u0435\u0440\u0448\u0435\u043d\u0438\u0439 \u0430\u043a\u0443\u0441\u0442\u0438\u0447\u043d\u0438\u0439 \u043a\u043e\u043c\u0444\u043e\u0440\u0442 \u0442\u0430 \u0432\u0456\u0434\u043c\u0456\u043d\u043d\u0456 \u0442\u0430\u043a\u0442\u0438\u043b\u044c\u043d\u0456 \u0432\u0456\u0434\u0447\u0443\u0442\u0442\u044f \u043f\u0440\u0438 \u0440\u043e\u0431\u043e\u0442\u0456 \u0437 HATOR Rockfall 2 Mecha TKL.\" descen=\"Discover a new level of comfort when using the keyboard! Attention to every design detail has provided outstanding acoustic comfort and excellent tactile sensations when working with the HATOR Rockfall 2 Mecha TKL.\" descde=\"Erleben Sie ein neues Level an Komfort bei der Benutzung der Tastatur! Jedes Element des Designs wurde sorgf\u00e4ltig ausgew\u00e4hlt, um einen unvergleichlichen akustischen Komfort und ein ausgezeichnetes Tastempfinden bei der Arbeit mit der HATOR Rockfall 2 Mecha TKL zu gew\u00e4hrleisten.\" descpl=\"Do\u015bwiadcz nowego poziomu komfortu podczas korzystania z klawiatury! Dba\u0142o\u015b\u0107 o ka\u017cdy element konstrukcji zapewni\u0142a niezr\u00f3wnany komfort akustyczny i doskona\u0142e wra\u017cenia dotykowe podczas pracy z HATOR Rockfall 2 Mecha TKL.\"]","protected":false},"featured_media":33808,"template":"","meta":[],"translation":{"provider":"WPGlobus","version":"2.5.11","language":"de","enabled_languages":["en","ua","de","pl"],"languages":{"en":{"title":true,"content":false,"excerpt":true},"ua":{"title":false,"content":false,"excerpt":false},"de":{"title":false,"content":false,"excerpt":false},"pl":{"title":false,"content":false,"excerpt":false}}},"aioseo_notices":[],"_links":{"self":[{"href":"https:\/\/shop.hator.gg\/de\/wp-json\/wp\/v2\/product\/33802"}],"collection":[{"href":"https:\/\/shop.hator.gg\/de\/wp-json\/wp\/v2\/product"}],"about":[{"href":"https:\/\/shop.hator.gg\/de\/wp-json\/wp\/v2\/types\/product"}],"wp:featuredmedia":[{"embeddable":true,"href":"https:\/\/shop.hator.gg\/de\/wp-json\/wp\/v2\/media\/33808"}],"wp:attachment":[{"href":"https:\/\/shop.hator.gg\/de\/wp-json\/wp\/v2\/media?parent=33802"}],"curies":[{"name":"wp","href":"https:\/\/api.w.org\/{rel}","templated":true}]}}