{"id":32965,"date":"2023-08-15T20:04:40","date_gmt":"2023-08-15T17:04:40","guid":{"rendered":"https:\/\/shop.hator.gg\/?post_type=product&#038;p=32965"},"modified":"2024-04-23T13:30:43","modified_gmt":"2024-04-23T10:30:43","slug":"storage-bag-for-hator-headsets-acc-231","status":"publish","type":"product","link":"https:\/\/shop.hator.gg\/de\/accessories\/storage-bag-for-hator-headsets-acc-231\/","title":{"rendered":"Tasche zur Aufbewahrung von HATOR-Headsets (ACC-231)"},"content":{"rendered":"","protected":false},"excerpt":{"rendered":"[show_any_info_btn hatordomen=\"https:\/\/hator.gg\" link=\"\/accessories\/audio-accessories\/storage-bag-for-hator-headsets-acc-231\/\" descua=\"\u041f\u0440\u043e\u0441\u0442\u0430 \u0442\u0430 \u0437\u0440\u0443\u0447\u043d\u0430 \u0442\u043e\u0440\u0431\u0438\u043d\u043a\u0430, \u0432\u0438\u0433\u043e\u0442\u043e\u0432\u043b\u0435\u043d\u0430 \u0437\u0456 \u0441\u0442\u0456\u0439\u043a\u043e\u0433\u043e \u0434\u043e \u0432\u043e\u043b\u043e\u0433\u0438 \u043c\u0430\u0442\u0435\u0440\u0456\u0430\u043b\u0443 \u0437\u0431\u0435\u0440\u0435\u0436\u0435 \u0432\u0430\u0448\u0443 \u0433\u0430\u0440\u043d\u0456\u0442\u0443\u0440\u0443 \u0432\u0456\u0434 \u043f\u043e\u0434\u0440\u044f\u043f\u0438\u043d \u0442\u0430 \u0440\u0456\u0434\u0438\u043d\u0438 \u043f\u0456\u0434 \u0447\u0430\u0441 \u043f\u043e\u0434\u043e\u0440\u043e\u0436\u0435\u0439.\" descru=\"\u041f\u0440\u043e\u0441\u0442\u0430 \u0442\u0430 \u0437\u0440\u0443\u0447\u043d\u0430 \u0442\u043e\u0440\u0431\u0438\u043d\u043a\u0430, \u0432\u0438\u0433\u043e\u0442\u043e\u0432\u043b\u0435\u043d\u0430 \u0437\u0456 \u0441\u0442\u0456\u0439\u043a\u043e\u0433\u043e \u0434\u043e \u0432\u043e\u043b\u043e\u0433\u0438 \u043c\u0430\u0442\u0435\u0440\u0456\u0430\u043b\u0443 \u0437\u0431\u0435\u0440\u0435\u0436\u0435 \u0432\u0430\u0448\u0443 \u0433\u0430\u0440\u043d\u0456\u0442\u0443\u0440\u0443 \u0432\u0456\u0434 \u043f\u043e\u0434\u0440\u044f\u043f\u0438\u043d \u0442\u0430 \u0440\u0456\u0434\u0438\u043d\u0438 \u043f\u0456\u0434 \u0447\u0430\u0441 \u043f\u043e\u0434\u043e\u0440\u043e\u0436\u0435\u0439.\" descen=\"A simple and convenient bag made of moisture-resistant material will protect your headset from scratches and liquids during travel.\" descde=\"Eine einfache und praktische Tasche aus feuchtigkeitsbest\u00e4ndigem Material sch\u00fctzt Ihr Headset w\u00e4hrend der Reise vor Kratzern und Fl\u00fcssigkeiten.\" descpl=\"Prosta i wygodna torba wykonana z odpornego na wilgo\u0107 materia\u0142u ochroni zestaw s\u0142uchawkowy przed zarysowaniami i p\u0142ynami podczas podr\u00f3\u017cy.\"]","protected":false},"featured_media":32968,"template":"","meta":[],"translation":{"provider":"WPGlobus","version":"2.5.11","language":"de","enabled_languages":["en","ua","de","pl"],"languages":{"en":{"title":true,"content":false,"excerpt":true},"ua":{"title":true,"content":false,"excerpt":false},"de":{"title":true,"content":false,"excerpt":false},"pl":{"title":true,"content":false,"excerpt":false}}},"aioseo_notices":[],"_links":{"self":[{"href":"https:\/\/shop.hator.gg\/de\/wp-json\/wp\/v2\/product\/32965"}],"collection":[{"href":"https:\/\/shop.hator.gg\/de\/wp-json\/wp\/v2\/product"}],"about":[{"href":"https:\/\/shop.hator.gg\/de\/wp-json\/wp\/v2\/types\/product"}],"wp:featuredmedia":[{"embeddable":true,"href":"https:\/\/shop.hator.gg\/de\/wp-json\/wp\/v2\/media\/32968"}],"wp:attachment":[{"href":"https:\/\/shop.hator.gg\/de\/wp-json\/wp\/v2\/media?parent=32965"}],"curies":[{"name":"wp","href":"https:\/\/api.w.org\/{rel}","templated":true}]}}