{"id":32923,"date":"2023-08-15T15:44:07","date_gmt":"2023-08-15T12:44:07","guid":{"rendered":"https:\/\/shop.hator.gg\/?post_type=product&#038;p=32923"},"modified":"2025-05-31T09:12:43","modified_gmt":"2025-05-31T06:12:43","slug":"fabricmemory-foam-ear-cushions-for-hator-hyperpunk-2-acc-110","status":"publish","type":"product","link":"https:\/\/shop.hator.gg\/de\/accessories\/fabricmemory-foam-ear-cushions-for-hator-hyperpunk-2-acc-110\/","title":{"rendered":"Stoff+Memory-Schaum-Ohrpolster f\u00fcr HATOR Hyperpunk 2 (ACC-110)"},"content":{"rendered":"","protected":false},"excerpt":{"rendered":"[show_any_info_btn hatordomen=\"https:\/\/hator.gg\" link=\"\/accessories\/audio-accessories\/fabric-ear-cushions-for-hator-hyperpunk\/\" descua=\"\u0415\u0440\u0433\u043e\u043d\u043e\u043c\u0456\u0447\u043d\u0456 \u0442\u043a\u0430\u043d\u0438\u043d\u043d\u0456 \u0430\u043c\u0431\u0443\u0448\u0443\u0440\u0438 \u0437 \u043f\u0456\u043d\u043e\u044e \u0437 \u0435\u0444\u0435\u043a\u0442\u043e\u043c \u043f\u0430\u043c\u2019\u044f\u0442\u0456 \u0434\u043b\u044f \u043a\u043e\u043c\u0444\u043e\u0440\u0442\u043d\u043e\u0433\u043e \u0432\u0438\u043a\u043e\u0440\u0438\u0441\u0442\u0430\u043d\u043d\u044f. \u0412\u0438\u0433\u043e\u0442\u043e\u0432\u043b\u0435\u043d\u0456 \u0437 \u0432\u0438\u0441\u043e\u043a\u043e\u044f\u043a\u0456\u0441\u043d\u0438\u0445 \u0434\u0438\u0445\u0430\u044e\u0447\u0438\u0445 \u043c\u0430\u0442\u0435\u0440\u0456\u0430\u043b\u0456\u0432...\" descru=\"\u0415\u0440\u0433\u043e\u043d\u043e\u043c\u0456\u0447\u043d\u0456 \u0442\u043a\u0430\u043d\u0438\u043d\u043d\u0456 \u0430\u043c\u0431\u0443\u0448\u0443\u0440\u0438 \u0437 \u043f\u0456\u043d\u043e\u044e \u0437 \u0435\u0444\u0435\u043a\u0442\u043e\u043c \u043f\u0430\u043c\u2019\u044f\u0442\u0456 \u0434\u043b\u044f \u043a\u043e\u043c\u0444\u043e\u0440\u0442\u043d\u043e\u0433\u043e \u0432\u0438\u043a\u043e\u0440\u0438\u0441\u0442\u0430\u043d\u043d\u044f. \u0412\u0438\u0433\u043e\u0442\u043e\u0432\u043b\u0435\u043d\u0456 \u0437 \u0432\u0438\u0441\u043e\u043a\u043e\u044f\u043a\u0456\u0441\u043d\u0438\u0445 \u0434\u0438\u0445\u0430\u044e\u0447\u0438\u0445 \u043c\u0430\u0442\u0435\u0440\u0456\u0430\u043b\u0456\u0432...\" descen=\"Ergonomic fabric ear cushions with memory foam for comfortable use...\" descde=\"Ergonomische Stoffohrpolster mit Memory-Effekt f\u00fcr ein angenehmes H\u00f6rerlebnis...\" descpl=\"Ergonomiczne nauszniki z tkaniny z efektem pami\u0119ci zapewniaj\u0105 komfort s\u0142uchania...\"]","protected":false},"featured_media":32925,"template":"","meta":[],"translation":{"provider":"WPGlobus","version":"2.5.11","language":"de","enabled_languages":["en","ua","de","pl"],"languages":{"en":{"title":true,"content":false,"excerpt":true},"ua":{"title":true,"content":false,"excerpt":false},"de":{"title":true,"content":false,"excerpt":false},"pl":{"title":true,"content":false,"excerpt":false}}},"aioseo_notices":[],"_links":{"self":[{"href":"https:\/\/shop.hator.gg\/de\/wp-json\/wp\/v2\/product\/32923"}],"collection":[{"href":"https:\/\/shop.hator.gg\/de\/wp-json\/wp\/v2\/product"}],"about":[{"href":"https:\/\/shop.hator.gg\/de\/wp-json\/wp\/v2\/types\/product"}],"wp:featuredmedia":[{"embeddable":true,"href":"https:\/\/shop.hator.gg\/de\/wp-json\/wp\/v2\/media\/32925"}],"wp:attachment":[{"href":"https:\/\/shop.hator.gg\/de\/wp-json\/wp\/v2\/media?parent=32923"}],"curies":[{"name":"wp","href":"https:\/\/api.w.org\/{rel}","templated":true}]}}