{"id":296,"date":"2020-07-03T12:14:08","date_gmt":"2020-07-03T09:14:08","guid":{"rendered":"https:\/\/shop.hator.gg\/?post_type=product&#038;p=296"},"modified":"2024-12-05T17:59:30","modified_gmt":"2024-12-05T14:59:30","slug":"hator-hypersport-v2-htc-948-black-white","status":"publish","type":"product","link":"https:\/\/shop.hator.gg\/de\/chairs\/hator-hypersport-v2-htc-948-black-white\/","title":{"rendered":"Hator Hypersport V2 (HTC-948) Black\/White"},"content":{"rendered":"","protected":false},"excerpt":{"rendered":"[show_any_info_btn hatordomen=\"https:\/\/hator.gg\" link=\"\/gaming-chairs\/hypersport-v2\" descua=\"\u0414\u0438\u043d\u0430\u043c\u0456\u0447\u043d\u0456 \u0456 \u0430\u0433\u0440\u0435\u0441\u0438\u0432\u043d\u0456 \u043e\u0431\u0440\u0438\u0441\u0438, \u044f\u0441\u043a\u0440\u0430\u0432\u0430 \u043a\u043e\u043b\u044c\u043e\u0440\u043e\u0432\u0430 \u0433\u0430\u043c\u043c\u0430 \u0456 \u0435\u0440\u0433\u043e\u043d\u043e\u043c\u0456\u0447\u043d\u0430 \u043f\u043e\u0441\u0430\u0434\u043a\u0430 \u043a\u0440\u0456\u0441\u043b\u0430 Hypersport V2 \u0434\u043e\u0434\u0430\u0434\u0443\u0442\u044c \u0432\u0430\u043c \u0432\u043f\u0435\u0432\u043d\u0435\u043d\u043e\u0441\u0442\u0456 \u043f\u0456\u0434 \u0447\u0430\u0441 \u0434\u043e\u0432\u0433\u0438\u0445 \u0456\u0433\u0440\u043e\u0432\u0438\u0445 \u0431\u0430\u0442\u0430\u043b\u0456\u0439 \u0430\u0431\u043e \u0440\u043e\u0431\u043e\u0447\u0438\u0445 \u0441\u0435\u0441\u0456\u0439...\" descru=\"\u0414\u0438\u043d\u0430\u043c\u0438\u0447\u043d\u044b\u0435 \u0438 \u0430\u0433\u0440\u0435\u0441\u0441\u0438\u0432\u043d\u044b\u0435 \u043e\u0447\u0435\u0440\u0442\u0430\u043d\u0438\u044f, \u044f\u0440\u043a\u0430\u044f \u0446\u0432\u0435\u0442\u043e\u0432\u0430\u044f \u0433\u0430\u043c\u043c\u0430 \u0438 \u044d\u0440\u0433\u043e\u043d\u043e\u043c\u0438\u0447\u043d\u0430\u044f \u043f\u043e\u0441\u0430\u0434\u043a\u0430 \u043a\u0440\u0435\u0441\u043b\u0430 Hypersport V2 \u043f\u0440\u0438\u0434\u0430\u0434\u0443\u0442 \u0432\u0430\u043c \u0443\u0432\u0435\u0440\u0435\u043d\u043d\u043e\u0441\u0442\u0438 \u0432\u043e \u0432\u0440\u0435\u043c\u044f \u0434\u043e\u043b\u0433\u0438\u0445 \u0438\u0433\u0440\u043e\u0432\u044b\u0445 \u0431\u0430\u0442\u0430\u043b\u0438\u0439 \u0438\u043b\u0438 \u0440\u0430\u0431\u043e\u0447\u0438\u0445 \u0441\u0435\u0441\u0441\u0438\u0439...\" descen=\"Dynamic and aggressive shape, steep and bright colors and comfy ergonomic seat will provide you reliance during the long gaming battles or working sessions...\" descde=\"Dynamische und aggressive Linien, krasse Farben und ergonomische Passform des Hypersport V2-Computerstuhls verleiht dem Benutzer Selbstvertrauen bei langen Gaming-Schlachten oder Arbeitssitzungen...\" descpl=\"Dynamiczne i agresywne kontury, \u017cywe kolory i ergonomiczne dopasowanie fotela Hypersport V2 zapewni\u0105 Ci pewno\u015b\u0107 siebie podczas d\u0142ugich bitew lub sesji roboczych...\"]","protected":false},"featured_media":301,"template":"","meta":[],"translation":{"provider":"WPGlobus","version":"2.5.11","language":"de","enabled_languages":["en","ua","de","pl"],"languages":{"en":{"title":true,"content":false,"excerpt":true},"ua":{"title":true,"content":false,"excerpt":false},"de":{"title":false,"content":false,"excerpt":false},"pl":{"title":false,"content":false,"excerpt":false}}},"aioseo_notices":[],"_links":{"self":[{"href":"https:\/\/shop.hator.gg\/de\/wp-json\/wp\/v2\/product\/296"}],"collection":[{"href":"https:\/\/shop.hator.gg\/de\/wp-json\/wp\/v2\/product"}],"about":[{"href":"https:\/\/shop.hator.gg\/de\/wp-json\/wp\/v2\/types\/product"}],"wp:featuredmedia":[{"embeddable":true,"href":"https:\/\/shop.hator.gg\/de\/wp-json\/wp\/v2\/media\/301"}],"wp:attachment":[{"href":"https:\/\/shop.hator.gg\/de\/wp-json\/wp\/v2\/media?parent=296"}],"curies":[{"name":"wp","href":"https:\/\/api.w.org\/{rel}","templated":true}]}}