{"id":29251,"date":"2023-06-05T18:42:46","date_gmt":"2023-06-05T15:42:46","guid":{"rendered":"https:\/\/shop.hator.gg\/?post_type=product&#038;p=29251"},"modified":"2026-01-20T17:12:52","modified_gmt":"2026-01-20T14:12:52","slug":"hator-aria-phantom-black-hta-201","status":"publish","type":"product","link":"https:\/\/shop.hator.gg\/de\/acoustics\/hator-aria-phantom-black-hta-201\/","title":{"rendered":"HATOR Aria Phantom Black (HTA-201)"},"content":{"rendered":"","protected":false},"excerpt":{"rendered":"Hochwertiger Klang \u00fcberall und jederzeit! Mit dem tragbaren Lautsprechersystem HATOR Aria k\u00f6nnen Sie Ihre eigene Musikatmosph\u00e4re schaffen, wo auch immer Sie sind.","protected":false},"featured_media":29253,"template":"","meta":[],"translation":{"provider":"WPGlobus","version":"2.5.11","language":"de","enabled_languages":["en","ua","de","pl"],"languages":{"en":{"title":true,"content":false,"excerpt":true},"ua":{"title":false,"content":false,"excerpt":true},"de":{"title":false,"content":false,"excerpt":true},"pl":{"title":false,"content":false,"excerpt":true}}},"aioseo_notices":[],"_links":{"self":[{"href":"https:\/\/shop.hator.gg\/de\/wp-json\/wp\/v2\/product\/29251"}],"collection":[{"href":"https:\/\/shop.hator.gg\/de\/wp-json\/wp\/v2\/product"}],"about":[{"href":"https:\/\/shop.hator.gg\/de\/wp-json\/wp\/v2\/types\/product"}],"wp:featuredmedia":[{"embeddable":true,"href":"https:\/\/shop.hator.gg\/de\/wp-json\/wp\/v2\/media\/29253"}],"wp:attachment":[{"href":"https:\/\/shop.hator.gg\/de\/wp-json\/wp\/v2\/media?parent=29251"}],"curies":[{"name":"wp","href":"https:\/\/api.w.org\/{rel}","templated":true}]}}