{"id":25616,"date":"2023-03-21T12:49:32","date_gmt":"2023-03-21T09:49:32","guid":{"rendered":"https:\/\/shop.hator.gg\/?post_type=product&#038;p=25616"},"modified":"2025-10-17T13:12:46","modified_gmt":"2025-10-17T10:12:46","slug":"hator-vast-pro-htd-050-black","status":"publish","type":"product","link":"https:\/\/shop.hator.gg\/de\/gaming-desks\/hator-vast-pro-htd-050-black\/","title":{"rendered":"HATOR Vast Pro (HTD-050) Black"},"content":{"rendered":"","protected":false},"excerpt":{"rendered":"[show_any_info_btn hatordomen=\"https:\/\/hator.gg\" link=\"\/gaming-desks\/vast-pro\" descua=\"\u041f\u043e\u0431\u0443\u0434\u0443\u0439\u0442\u0435 \u0441\u0443\u0447\u0430\u0441\u043d\u0435 \u0440\u043e\u0431\u043e\u0447\u0435 \u043c\u0456\u0441\u0446\u0435 \u043d\u0430\u0432\u043a\u043e\u043b\u043e Vast PRO \u2013 \u043d\u0430\u0434\u0456\u0439\u043d\u043e\u0433\u043e \u0442\u0430 \u0442\u0435\u0445\u043d\u043e\u043b\u043e\u0433\u0456\u0447\u043d\u043e\u0433\u043e \u0441\u0442\u043e\u043b\u0443 \u0437 \u0435\u043b\u0435\u043a\u0442\u0440\u0438\u0447\u043d\u0438\u043c \u0440\u0435\u0433\u0443\u043b\u044e\u0432\u0430\u043d\u043d\u044f\u043c \u0432\u0438\u0441\u043e\u0442\u0438.\" descru=\"\u041f\u043e\u0431\u0443\u0434\u0443\u0439\u0442\u0435 \u0441\u0443\u0447\u0430\u0441\u043d\u0435 \u0440\u043e\u0431\u043e\u0447\u0435 \u043c\u0456\u0441\u0446\u0435 \u043d\u0430\u0432\u043a\u043e\u043b\u043e Vast PRO \u2013 \u043d\u0430\u0434\u0456\u0439\u043d\u043e\u0433\u043e \u0442\u0430 \u0442\u0435\u0445\u043d\u043e\u043b\u043e\u0433\u0456\u0447\u043d\u043e\u0433\u043e \u0441\u0442\u043e\u043b\u0443 \u0437 \u0435\u043b\u0435\u043a\u0442\u0440\u0438\u0447\u043d\u0438\u043c \u0440\u0435\u0433\u0443\u043b\u044e\u0432\u0430\u043d\u043d\u044f\u043c \u0432\u0438\u0441\u043e\u0442\u0438.\" descen=\"Create a modern workplace with Vast PRO \u2013 a robust and technologically advanced table with electric height adjustment.\" descde=\"Gestalten Sie einen modernen Arbeitsplatz mit Vast PRO \u2013 einem robusten und technologisch fortschrittlichen Tisch mit elektrischer H\u00f6henverstellung.\" descpl=\"Zbuduj nowoczesne miejsce pracy wok\u00f3\u0142 Vast PRO \u2013 niezawodnego i technologicznego sto\u0142u z elektryczn\u0105 regulacj\u0105 wysoko\u015bci.\"]","protected":false},"featured_media":25617,"template":"","meta":[],"translation":{"provider":"WPGlobus","version":"2.5.11","language":"de","enabled_languages":["en","ua","de","pl"],"languages":{"en":{"title":true,"content":false,"excerpt":true},"ua":{"title":false,"content":false,"excerpt":false},"de":{"title":false,"content":false,"excerpt":false},"pl":{"title":false,"content":false,"excerpt":false}}},"aioseo_notices":[],"_links":{"self":[{"href":"https:\/\/shop.hator.gg\/de\/wp-json\/wp\/v2\/product\/25616"}],"collection":[{"href":"https:\/\/shop.hator.gg\/de\/wp-json\/wp\/v2\/product"}],"about":[{"href":"https:\/\/shop.hator.gg\/de\/wp-json\/wp\/v2\/types\/product"}],"wp:featuredmedia":[{"embeddable":true,"href":"https:\/\/shop.hator.gg\/de\/wp-json\/wp\/v2\/media\/25617"}],"wp:attachment":[{"href":"https:\/\/shop.hator.gg\/de\/wp-json\/wp\/v2\/media?parent=25616"}],"curies":[{"name":"wp","href":"https:\/\/api.w.org\/{rel}","templated":true}]}}