{"id":25568,"date":"2023-03-21T12:19:52","date_gmt":"2023-03-21T09:19:52","guid":{"rendered":"https:\/\/shop.hator.gg\/?post_type=product&#038;p=25568"},"modified":"2026-03-03T21:13:34","modified_gmt":"2026-03-03T18:13:34","slug":"hator-vast-essential-htd-010-black","status":"publish","type":"product","link":"https:\/\/shop.hator.gg\/de\/gaming-desks\/hator-vast-essential-htd-010-black\/","title":{"rendered":"HATOR Vast Essential (HTD-010) Black"},"content":{"rendered":"","protected":false},"excerpt":{"rendered":"[show_any_info_btn hatordomen=\"https:\/\/hator.gg\" link=\"\/gaming-desks\/vast-essential\" descua=\"\u041d\u0430\u0434\u0456\u0439\u043d\u0438\u0439 \u0441\u0442\u0456\u043b \u0437 \u043f\u0440\u043e\u0434\u0443\u043c\u0430\u043d\u043e\u044e \u0435\u0440\u0433\u043e\u043d\u043e\u043c\u0456\u043a\u043e\u044e \u0442\u0430 \u043a\u043e\u0440\u0438\u0441\u043d\u0438\u043c\u0438 \u0430\u043a\u0441\u0435\u0441\u0443\u0430\u0440\u0430\u043c\u0438 \u0441\u0442\u0430\u043d\u0435 \u043f\u0440\u0435\u043a\u0440\u0430\u0441\u043d\u043e\u044e \u043e\u0441\u043d\u043e\u0432\u043e\u044e \u0434\u043b\u044f \u0440\u043e\u0431\u043e\u0447\u043e\u0433\u043e \u043c\u0456\u0441\u0446\u044f \u0433\u0435\u0439\u043c\u0435\u0440\u0430.\" descru=\"\u041d\u0430\u0434\u0456\u0439\u043d\u0438\u0439 \u0441\u0442\u0456\u043b \u0437 \u043f\u0440\u043e\u0434\u0443\u043c\u0430\u043d\u043e\u044e \u0435\u0440\u0433\u043e\u043d\u043e\u043c\u0456\u043a\u043e\u044e \u0442\u0430 \u043a\u043e\u0440\u0438\u0441\u043d\u0438\u043c\u0438 \u0430\u043a\u0441\u0435\u0441\u0443\u0430\u0440\u0430\u043c\u0438 \u0441\u0442\u0430\u043d\u0435 \u043f\u0440\u0435\u043a\u0440\u0430\u0441\u043d\u043e\u044e \u043e\u0441\u043d\u043e\u0432\u043e\u044e \u0434\u043b\u044f \u0440\u043e\u0431\u043e\u0447\u043e\u0433\u043e \u043c\u0456\u0441\u0446\u044f \u0433\u0435\u0439\u043c\u0435\u0440\u0430.\" descen=\"A solid table with well-designed ergonomics and useful accessories is an excellent basis for a gamer\u2019s workplace.\" descde=\"Ein zuverl\u00e4ssiger Tisch mit durchdachter Ergonomie und n\u00fctzlichem Zubeh\u00f6r ist eine hervorragende Basis f\u00fcr den Arbeitsplatz eines Gamers.\" descpl=\"Solidne biurko z przemy\u015blan\u0105 ergonomi\u0105 i przydatnymi akcesoriami b\u0119dzie doskona\u0142\u0105 podstaw\u0105 dla miejsca pracy gracza.\"]","protected":false},"featured_media":25569,"template":"","meta":[],"translation":{"provider":"WPGlobus","version":"2.5.11","language":"de","enabled_languages":["en","ua","de","pl"],"languages":{"en":{"title":true,"content":false,"excerpt":true},"ua":{"title":false,"content":false,"excerpt":false},"de":{"title":false,"content":false,"excerpt":false},"pl":{"title":false,"content":false,"excerpt":false}}},"aioseo_notices":[],"_links":{"self":[{"href":"https:\/\/shop.hator.gg\/de\/wp-json\/wp\/v2\/product\/25568"}],"collection":[{"href":"https:\/\/shop.hator.gg\/de\/wp-json\/wp\/v2\/product"}],"about":[{"href":"https:\/\/shop.hator.gg\/de\/wp-json\/wp\/v2\/types\/product"}],"wp:featuredmedia":[{"embeddable":true,"href":"https:\/\/shop.hator.gg\/de\/wp-json\/wp\/v2\/media\/25569"}],"wp:attachment":[{"href":"https:\/\/shop.hator.gg\/de\/wp-json\/wp\/v2\/media?parent=25568"}],"curies":[{"name":"wp","href":"https:\/\/api.w.org\/{rel}","templated":true}]}}