{"id":2556,"date":"2021-02-15T12:27:52","date_gmt":"2021-02-15T09:27:52","guid":{"rendered":"https:\/\/shop.hator.gg\/?post_type=product&#038;p=2556"},"modified":"2026-03-31T13:12:49","modified_gmt":"2026-03-31T10:12:49","slug":"hator-arc-htc-985-phantom-black","status":"publish","type":"product","link":"https:\/\/shop.hator.gg\/de\/chairs\/hator-arc-htc-985-phantom-black\/","title":{"rendered":"Hator Arc (HTC-985) Phantom Black"},"content":{"rendered":"","protected":false},"excerpt":{"rendered":"[show_any_info_btn hatordomen=\"https:\/\/hator.gg\" link=\"\/gaming-chairs\/arc\" descua=\"\u041d\u0430\u0432\u0456\u0442\u044c \u043f\u0435\u0440\u0448\u0438\u0439 \u043f\u043e\u0433\u043b\u044f\u0434 \u043d\u0430 \u043a\u0440\u0456\u0441\u043b\u043e Hator Arc \u0434\u0430\u0454 \u0437\u0440\u043e\u0437\u0443\u043c\u0456\u0442\u0438, \u0449\u043e \u043f\u0435\u0440\u0435\u0434 \u0432\u0430\u043c\u0438 \u043d\u0435\u043e\u0440\u0434\u0438\u043d\u0430\u0440\u043d\u0430 \u043c\u043e\u0434\u0435\u043b\u044c. \u041e\u0440\u0438\u0433\u0456\u043d\u0430\u043b\u044c\u043d\u0438\u0439, \u043d\u0435 \u043a\u043b\u0430\u0441\u0438\u0447\u043d\u0438\u0439 \u0434\u0438\u0437\u0430\u0439\u043d \u043a\u0440\u0456\u0441\u043b\u0430 \u0447\u0443\u0434\u043e\u0432\u043e \u043f\u043e\u0454\u0434\u043d\u0443\u0454\u0442\u044c\u0441\u044f \u0437 \u0444\u0430\u043d\u0430\u0442\u0438\u0447\u043d\u043e\u044e \u0443\u0432\u0430\u0433\u043e\u044e \u0434\u043e \u043a\u043e\u0436\u043d\u043e\u0433\u043e \u0435\u043b\u0435\u043c\u0435\u043d\u0442\u0443 \u0442\u0430 \u0434\u0435\u0442\u0430\u043b\u0456...\" descru=\"\u0414\u0430\u0436\u0435 \u043f\u0435\u0440\u0432\u044b\u0439 \u0432\u0437\u0433\u043b\u044f\u0434 \u043d\u0430 \u043a\u0440\u0435\u0441\u043b\u043e Hator Arc \u0434\u0430\u0435\u0442 \u043f\u043e\u043d\u044f\u0442\u044c, \u0447\u0442\u043e \u043f\u0435\u0440\u0435\u0434 \u0432\u0430\u043c\u0438 \u043d\u0435\u043e\u0440\u0434\u0438\u043d\u0430\u0440\u043d\u0430\u044f \u043c\u043e\u0434\u0435\u043b\u044c. \u041e\u0440\u0438\u0433\u0438\u043d\u0430\u043b\u044c\u043d\u044b\u0439, \u043d\u0435 \u043a\u043b\u0430\u0441\u0441\u0438\u0447\u0435\u0441\u043a\u0438\u0439 \u0434\u0438\u0437\u0430\u0439\u043d \u043a\u0440\u0435\u0441\u043b\u0430 \u043f\u0440\u0435\u0432\u043e\u0441\u0445\u043e\u0434\u043d\u043e \u0441\u043e\u0447\u0435\u0442\u0430\u0435\u0442\u0441\u044f \u0441 \u0444\u0430\u043d\u0430\u0442\u0438\u0447\u043d\u044b\u043c \u0432\u043d\u0438\u043c\u0430\u043d\u0438\u0435\u043c \u043a \u043a\u0430\u0436\u0434\u043e\u043c\u0443 \u044d\u043b\u0435\u043c\u0435\u043d\u0442\u0443, \u043a \u043a\u0430\u0436\u0434\u043e\u043c\u0443 \u0448\u0432\u0443 \u0438 \u0441\u0442\u0435\u0436\u043a\u0443...\" descen=\"Even on the first look, Hator Arc chair gives you an understanding that it\u2019s an extraordinary model. Original non-classic look combining with fanatic attention to the smallest elements and details...\" descde=\"Ein winziger Blick auf den Hator Arc Computerstuhl macht schon deutlich, dass es sich hier um ein au\u00dfergew\u00f6hnliches Modell handelt. Das originelle, nicht klassische Design des Sessels verbindet sich perfekt mit fanatischer Aufmerksamkeit f\u00fcr jedes Element, jede Naht und jeden Stich...\" descpl=\"Nawet pierwsze spojrzenie na fotel Hator Arc jasno pokazuje, \u017ce masz przed sob\u0105 niezwyk\u0142y model. Oryginalny, nie klasyczny design fotela doskonale komponuje si\u0119 z fanatyczn\u0105 dba\u0142o\u015bci\u0105 o ka\u017cdy element i detal...\"]","protected":false},"featured_media":2558,"template":"","meta":[],"translation":{"provider":"WPGlobus","version":"2.5.11","language":"de","enabled_languages":["en","ua","de","pl"],"languages":{"en":{"title":true,"content":false,"excerpt":true},"ua":{"title":false,"content":false,"excerpt":false},"de":{"title":false,"content":false,"excerpt":false},"pl":{"title":false,"content":false,"excerpt":false}}},"aioseo_notices":[],"_links":{"self":[{"href":"https:\/\/shop.hator.gg\/de\/wp-json\/wp\/v2\/product\/2556"}],"collection":[{"href":"https:\/\/shop.hator.gg\/de\/wp-json\/wp\/v2\/product"}],"about":[{"href":"https:\/\/shop.hator.gg\/de\/wp-json\/wp\/v2\/types\/product"}],"wp:featuredmedia":[{"embeddable":true,"href":"https:\/\/shop.hator.gg\/de\/wp-json\/wp\/v2\/media\/2558"}],"wp:attachment":[{"href":"https:\/\/shop.hator.gg\/de\/wp-json\/wp\/v2\/media?parent=2556"}],"curies":[{"name":"wp","href":"https:\/\/api.w.org\/{rel}","templated":true}]}}