{"id":24551,"date":"2023-03-01T17:58:11","date_gmt":"2023-03-01T14:58:11","guid":{"rendered":"https:\/\/shop.hator.gg\/?post_type=product&#038;p=24551"},"modified":"2026-03-25T16:54:35","modified_gmt":"2026-03-25T13:54:35","slug":"hator-crystal-7-1-hta-100-black","status":"publish","type":"product","link":"https:\/\/shop.hator.gg\/de\/headsets\/hator-crystal-7-1-hta-100-black\/","title":{"rendered":"HATOR Crystal 7.1 (HTA-100) Black"},"content":{"rendered":"","protected":false},"excerpt":{"rendered":"[show_any_info_btn hatordomen=\"https:\/\/hator.gg\" link=\"\/audio\/crystal-7-1\" descua=\"\u0417\u0432\u0443\u043a\u043e\u0432\u0430 \u043a\u0430\u0440\u0442\u0430 Crystal 7.1 \u0434\u043e\u043f\u043e\u043c\u043e\u0436\u0435 \u0440\u043e\u0437\u043a\u0440\u0438\u0442\u0438 \u043f\u043e\u0442\u0435\u043d\u0446\u0456\u0430\u043b \u0432\u0430\u0448\u043e\u0457 \u0456\u0433\u0440\u043e\u0432\u043e\u0457 \u0433\u0430\u0440\u043d\u0456\u0442\u0443\u0440\u0438: \u043f\u043e\u043a\u0440\u0430\u0449\u0438\u0442\u044c \u043f\u043e\u0437\u0438\u0446\u0456\u043e\u043d\u0443\u0432\u0430\u043d\u043d\u044f \u0432 \u0456\u0433\u0440\u0430\u0445 \u0442\u0430 \u043d\u0430\u0434\u0430\u0441\u0442\u044c \u043c\u043e\u0436\u043b\u0438\u0432\u0456\u0441\u0442\u044c \u0442\u043e\u043d\u043a\u0438\u0445 \u043d\u0430\u043b\u0430\u0448\u0442\u0443\u0432\u0430\u043d\u044c \u0437\u0432\u0443\u043a\u0443 \u0456 \u043c\u0456\u043a\u0440\u043e\u0444\u043e\u043d\u0443.\" descru=\"\u0417\u0432\u0443\u043a\u043e\u0432\u0430 \u043a\u0430\u0440\u0442\u0430 Crystal 7.1 \u0434\u043e\u043f\u043e\u043c\u043e\u0436\u0435 \u0440\u043e\u0437\u043a\u0440\u0438\u0442\u0438 \u043f\u043e\u0442\u0435\u043d\u0446\u0456\u0430\u043b \u0432\u0430\u0448\u043e\u0457 \u0456\u0433\u0440\u043e\u0432\u043e\u0457 \u0433\u0430\u0440\u043d\u0456\u0442\u0443\u0440\u0438: \u043f\u043e\u043a\u0440\u0430\u0449\u0438\u0442\u044c \u043f\u043e\u0437\u0438\u0446\u0456\u043e\u043d\u0443\u0432\u0430\u043d\u043d\u044f \u0432 \u0456\u0433\u0440\u0430\u0445 \u0442\u0430 \u043d\u0430\u0434\u0430\u0441\u0442\u044c \u043c\u043e\u0436\u043b\u0438\u0432\u0456\u0441\u0442\u044c \u0442\u043e\u043d\u043a\u0438\u0445 \u043d\u0430\u043b\u0430\u0448\u0442\u0443\u0432\u0430\u043d\u044c \u0437\u0432\u0443\u043a\u0443 \u0456 \u043c\u0456\u043a\u0440\u043e\u0444\u043e\u043d\u0443.\" descen=\"The Crystal 7.1 sound card will help unlock the potential of your gaming headset: it will improve positioning in games and increase the possibilities of sound and microphone fine-tuning.\" descde=\"Die Crystal 7.1-Soundkarte wird dazu beitragen, das Potenzial Ihres Gaming-Headsets freizusetzen: Sie verbessert die Positionierung in Spielen und erweitert die M\u00f6glichkeiten der Klang- und Mikrofon-Feinabstimmung.\" descpl=\"Karta d\u017awi\u0119kowa Crystal 7.1 pomo\u017ce uwolni\u0107 potencja\u0142 Twojego gamingowego zestawu s\u0142uchawkowego: poprawi pozycjonowanie w grach i zwi\u0119kszy mo\u017cliwo\u015bci precyzyjnego dostrojenia d\u017awi\u0119ku i mikrofonu.\"]","protected":false},"featured_media":25464,"template":"","meta":[],"translation":{"provider":"WPGlobus","version":"2.5.11","language":"de","enabled_languages":["en","ua","de","pl"],"languages":{"en":{"title":true,"content":false,"excerpt":true},"ua":{"title":false,"content":false,"excerpt":false},"de":{"title":false,"content":false,"excerpt":false},"pl":{"title":false,"content":false,"excerpt":false}}},"aioseo_notices":[],"_links":{"self":[{"href":"https:\/\/shop.hator.gg\/de\/wp-json\/wp\/v2\/product\/24551"}],"collection":[{"href":"https:\/\/shop.hator.gg\/de\/wp-json\/wp\/v2\/product"}],"about":[{"href":"https:\/\/shop.hator.gg\/de\/wp-json\/wp\/v2\/types\/product"}],"wp:featuredmedia":[{"embeddable":true,"href":"https:\/\/shop.hator.gg\/de\/wp-json\/wp\/v2\/media\/25464"}],"wp:attachment":[{"href":"https:\/\/shop.hator.gg\/de\/wp-json\/wp\/v2\/media?parent=24551"}],"curies":[{"name":"wp","href":"https:\/\/api.w.org\/{rel}","templated":true}]}}