{"id":2290,"date":"2021-02-05T17:29:55","date_gmt":"2021-02-05T14:29:55","guid":{"rendered":"https:\/\/shop.hator.gg\/?post_type=product&#038;p=2290"},"modified":"2026-03-25T16:40:06","modified_gmt":"2026-03-25T13:40:06","slug":"hator-starfall-outemu-red-htk-608","status":"publish","type":"product","link":"https:\/\/shop.hator.gg\/de\/keyboards\/hator-starfall-outemu-red-htk-608\/","title":{"rendered":"Hator Starfall Rainbow Origin Red (HTK-608)"},"content":{"rendered":"","protected":false},"excerpt":{"rendered":"[show_any_info_btn hatordomen=\"https:\/\/hator.gg\" link=\"\/keyboards\/starfall\" descua=\"\u041c\u0435\u0445\u0430\u043d\u0456\u0447\u043d\u0430 \u043a\u043b\u0430\u0432\u0456\u0430\u0442\u0443\u0440\u0430 \u2013 \u0431\u0456\u043b\u044c\u0448\u0435 \u043d\u0435 \u0440\u043e\u0437\u043a\u0456\u0448! \u041d\u0430\u0434\u0456\u0439\u043d\u0456 \u0456 \u0435\u0444\u0435\u043a\u0442\u0438\u0432\u043d\u0456 \u043c\u0435\u0445\u0430\u043d\u0456\u0447\u043d\u0456 \u043f\u0435\u0440\u0435\u043c\u0438\u043a\u0430\u0447\u0456, \u044f\u0441\u043a\u0440\u0430\u0432\u0435 \u043f\u0456\u0434\u0441\u0432\u0456\u0447\u0443\u0432\u0430\u043d\u043d\u044f \u0456 \u0434\u043e\u0441\u0442\u0443\u043f\u043d\u0430 \u0432\u0430\u0440\u0442\u0456\u0441\u0442\u044c \u2013 \u0432 Hator Starfall Rainbow \u043e\u0440\u0433\u0430\u043d\u0456\u0447\u043d\u043e \u043f\u043e\u0454\u0434\u043d\u0430\u043d\u0456 \u0432\u0441\u0456 \u044f\u043a\u043e\u0441\u0442\u0456 \u0441\u0443\u0447\u0430\u0441\u043d\u043e\u0457 \u0456\u0433\u0440\u043e\u0432\u043e\u0457 \u043a\u043b\u0430\u0432\u0456\u0430\u0442\u0443\u0440\u0438.\" descru=\"\u041c\u0435\u0445\u0430\u043d\u0438\u0447\u0435\u0441\u043a\u0430\u044f \u043a\u043b\u0430\u0432\u0438\u0430\u0442\u0443\u0440\u0430 \u2014 \u0431\u043e\u043b\u044c\u0448\u0435 \u043d\u0435 \u0440\u043e\u0441\u043a\u043e\u0448\u044c! \u041d\u0430\u0434\u0435\u0436\u043d\u044b\u0435 \u0438 \u044d\u0444\u0444\u0435\u043a\u0442\u0438\u0432\u043d\u044b\u0435 \u043c\u0435\u0445\u0430\u043d\u0438\u0447\u0435\u0441\u043a\u0438\u0435 \u043f\u0435\u0440\u0435\u043a\u043b\u044e\u0447\u0430\u0442\u0435\u043b\u0438, \u044f\u0440\u043a\u0430\u044f \u043f\u043e\u0434\u0441\u0432\u0435\u0442\u043a\u0430 \u0438 \u0434\u043e\u0441\u0442\u0443\u043f\u043d\u0430\u044f \u0441\u0442\u043e\u0438\u043c\u043e\u0441\u0442\u044c \u2014 \u0432 Hator Starfall Rainbow \u043e\u0440\u0433\u0430\u043d\u0438\u0447\u043d\u043e \u043e\u0431\u044a\u0435\u0434\u0438\u043d\u0435\u043d\u044b \u0432\u0441\u0435 \u043a\u0430\u0447\u0435\u0441\u0442\u0432\u0430 \u0441\u043e\u0432\u0440\u0435\u043c\u0435\u043d\u043d\u043e\u0439 \u0438\u0433\u0440\u043e\u0432\u043e\u0439 \u043a\u043b\u0430\u0432\u0438\u0430\u0442\u0443\u0440\u044b.\" descen=\"Mechanical keyboard \u2013 it\u2019s not a luxury anymore. As durable as efficient mechanical switchers, eye catching backlight and affordable price \u2013 Hator Starfall Rainbow is combining all modern trends in one device.\" descde=\"Eine mechanische Tastatur ist kein Luxus mehr! Zuverl\u00e4ssige und effiziente mechanische Schalter, helle Hintergrundbeleuchtung und ein erschwinglicher Preis \u2013 die Hator Starfall Rainbow vereint nahtlos alle Qualit\u00e4ten einer modernen Gaming-Tastatur.\" descpl=\"Klawiatura mechaniczna nie jest ju\u017c luksusem! Niezawodne i wydajne prze\u0142\u0105czniki mechaniczne \u2013 jaskrawe pod\u015bwietlenie i przyst\u0119pne ceny \u2013 Hator Starfall Rainbow organicznie \u0142\u0105czy wszystkie cechy nowoczesnej klawiatury gamingowej.\"]","protected":false},"featured_media":45038,"template":"","meta":[],"translation":{"provider":"WPGlobus","version":"2.5.11","language":"de","enabled_languages":["en","ua","de","pl"],"languages":{"en":{"title":true,"content":false,"excerpt":true},"ua":{"title":false,"content":false,"excerpt":false},"de":{"title":false,"content":false,"excerpt":false},"pl":{"title":false,"content":false,"excerpt":false}}},"aioseo_notices":[],"_links":{"self":[{"href":"https:\/\/shop.hator.gg\/de\/wp-json\/wp\/v2\/product\/2290"}],"collection":[{"href":"https:\/\/shop.hator.gg\/de\/wp-json\/wp\/v2\/product"}],"about":[{"href":"https:\/\/shop.hator.gg\/de\/wp-json\/wp\/v2\/types\/product"}],"wp:featuredmedia":[{"embeddable":true,"href":"https:\/\/shop.hator.gg\/de\/wp-json\/wp\/v2\/media\/45038"}],"wp:attachment":[{"href":"https:\/\/shop.hator.gg\/de\/wp-json\/wp\/v2\/media?parent=2290"}],"curies":[{"name":"wp","href":"https:\/\/api.w.org\/{rel}","templated":true}]}}