{"id":226,"date":"2020-07-01T16:09:11","date_gmt":"2020-07-01T13:09:11","guid":{"rendered":"https:\/\/shop.hator.gg\/?post_type=product&#038;p=226"},"modified":"2026-03-25T17:18:27","modified_gmt":"2026-03-25T14:18:27","slug":"hator-set-of-optical-switches-kailh-blue-hts-112","status":"publish","type":"product","link":"https:\/\/shop.hator.gg\/de\/accessories\/hator-set-of-optical-switches-kailh-blue-hts-112\/","title":{"rendered":"Set of optical switches Kailh Blue (HTS-112)"},"content":{"rendered":"","protected":false},"excerpt":{"rendered":"[show_any_info_btn hatordomen=\"https:\/\/hator.gg\" link=\"\/accessories\/keyboards-accessories\/set-of-switches-optical-kailh\" descua=\"\u041a\u043e\u043c\u043f\u043b\u0435\u043a\u0442 \u043e\u043f\u0442\u0438\u0447\u043d\u0438\u0445 \u043f\u0435\u0440\u0435\u043c\u0438\u043a\u0430\u0447\u0456\u0432 Kailh Optical \u0434\u043e\u0437\u0432\u043e\u043b\u0438\u0442\u044c \u0432\u0430\u043c \u043b\u0435\u0433\u043a\u043e \u043a\u0430\u0441\u0442\u043e\u043c\u0456\u0437\u0443\u0432\u0430\u0442\u0438 \u0441\u0432\u043e\u044e \u043a\u043b\u0430\u0432\u0456\u0430\u0442\u0443\u0440\u0443. \u041c\u0456\u043a\u0441\u0443\u0439\u0442\u0435 \u0442\u0438\u043f\u0438 \u043f\u0435\u0440\u0435\u043c\u0438\u043a\u0430\u0447\u0456\u0432 \u0432 \u0440\u0456\u0437\u043d\u0438\u0445 \u0437\u043e\u043d\u0430\u0445 \u043a\u043b\u0430\u0432\u0456\u0430\u0442\u0443\u0440\u0438, \u0449\u043e \u0437\u0440\u043e\u0431\u0438\u0442\u044c \u0457\u0457 \u0432\u0438\u043a\u043e\u0440\u0438\u0441\u0442\u0430\u043d\u043d\u044f \u0449\u0435 \u0431\u0456\u043b\u044c\u0448 \u0437\u0440\u0443\u0447\u043d\u0438\u043c \u0442\u0430 \u0435\u0444\u0435\u043a\u0442\u0438\u0432\u043d\u0438\u043c...\" descru=\"\u041d\u0430\u0431\u043e\u0440 \u043e\u043f\u0442\u0438\u0447\u0435\u0441\u043a\u0438\u0445 \u043f\u0435\u0440\u0435\u043a\u043b\u044e\u0447\u0430\u0442\u0435\u043b\u0435\u0439 Kailh Optical \u043f\u043e\u0437\u0432\u043e\u043b\u0438\u0442 \u0432\u0430\u043c \u043b\u0435\u0433\u043a\u043e \u043a\u0430\u0441\u0442\u043e\u043c\u0438\u0437\u0438\u0440\u043e\u0432\u0430\u0442\u044c \u0441\u0432\u043e\u044e \u043a\u043b\u0430\u0432\u0438\u0430\u0442\u0443\u0440\u0443. \u041c\u0438\u043a\u0441\u0443\u0439\u0442\u0435 \u0442\u0438\u043f\u044b \u0441\u0432\u0438\u0442\u0447\u0435\u0439 \u0432 \u0440\u0430\u0437\u043d\u044b\u0445 \u0437\u043e\u043d\u0430\u0445 \u043a\u043b\u0430\u0432\u0438\u0430\u0442\u0443\u0440\u044b, \u0434\u0435\u043b\u0430\u044f \u0440\u0430\u0431\u043e\u0442\u0443 \u043d\u0430 \u043d\u0435\u0439 \u0435\u0449\u0435 \u0431\u043e\u043b\u0435\u0435 \u0443\u0434\u043e\u0431\u043d\u043e\u0439 \u0438 \u044d\u0444\u0444\u0435\u043a\u0442\u0438\u0432\u043d\u043e\u0439...\" descen=\"Additional Kailh Optical switchers set will allow to customize your keyboard easily. Mix different switcher\u2019s types in different keyboard\u2019s zones to get even more comfy and effective gear for work or gaming...\" descde=\"Mit dem Kailh Optical Switch Set k\u00f6nnen Sie Ihre Tastatur ganz einfach individuell anpassen. Mischen Sie die Arten von Schaltern in verschiedenen Bereichen der Tastatur, um die Arbeit damit noch bequemer und effizienter zu gestalten...\" descpl=\"Zestaw prze\u0142\u0105cznik\u00f3w optycznych Kailh Optical pozwoli Ci \u0142atwo dostosowa\u0107 swoj\u0105 klawiatur\u0119. Miksuj typy prze\u0142\u0105cznik\u00f3w w r\u00f3\u017cnych obszarach klawiatury, dzi\u0119ki czemu korzystanie z nich b\u0119dzie jeszcze wygodniejsze i bardziej wydajne...\"]","protected":false},"featured_media":227,"template":"","meta":[],"translation":{"provider":"WPGlobus","version":"2.5.11","language":"de","enabled_languages":["en","ua","de","pl"],"languages":{"en":{"title":true,"content":false,"excerpt":true},"ua":{"title":true,"content":false,"excerpt":false},"de":{"title":false,"content":false,"excerpt":false},"pl":{"title":false,"content":false,"excerpt":false}}},"aioseo_notices":[],"_links":{"self":[{"href":"https:\/\/shop.hator.gg\/de\/wp-json\/wp\/v2\/product\/226"}],"collection":[{"href":"https:\/\/shop.hator.gg\/de\/wp-json\/wp\/v2\/product"}],"about":[{"href":"https:\/\/shop.hator.gg\/de\/wp-json\/wp\/v2\/types\/product"}],"wp:featuredmedia":[{"embeddable":true,"href":"https:\/\/shop.hator.gg\/de\/wp-json\/wp\/v2\/media\/227"}],"wp:attachment":[{"href":"https:\/\/shop.hator.gg\/de\/wp-json\/wp\/v2\/media?parent=226"}],"curies":[{"name":"wp","href":"https:\/\/api.w.org\/{rel}","templated":true}]}}