{"id":20676,"date":"2022-11-18T17:28:41","date_gmt":"2022-11-18T14:28:41","guid":{"rendered":"https:\/\/shop.hator.gg\/?post_type=product&#038;p=20676"},"modified":"2025-10-06T19:30:48","modified_gmt":"2025-10-06T16:30:48","slug":"hator-pulsar-wireless-yellow-htm-318","status":"publish","type":"product","link":"https:\/\/shop.hator.gg\/de\/mice\/hator-pulsar-wireless-yellow-htm-318\/","title":{"rendered":"Hator Pulsar Wireless Yellow (HTM-318)"},"content":{"rendered":"","protected":false},"excerpt":{"rendered":"[show_any_info_btn hatordomen=\"https:\/\/hator.gg\" link=\"\/mice\/pulsar-wireless\" descua=\"\u0413\u0435\u0439\u043c\u0456\u043d\u0433 \u0431\u0435\u0437 \u043e\u0431\u043c\u0435\u0436\u0435\u043d\u044c! \u0411\u0435\u0437\u0434\u0440\u043e\u0442\u043e\u0432\u0430 \u0432\u0435\u0440\u0441\u0456\u044f Pulsar \u043d\u0430\u0434\u0430\u0441\u0442\u044c \u0432\u0430\u043c \u0449\u0435 \u0431\u0456\u043b\u044c\u0448\u0435 \u043c\u043e\u0436\u043b\u0438\u0432\u043e\u0441\u0442\u0435\u0439 \u0442\u0430 \u0437\u0430\u0434\u043e\u0432\u043e\u043b\u0435\u043d\u043d\u044f \u0432\u0456\u0434 \u0433\u0440\u0438...\" descru=\"\u0413\u0435\u0439\u043c\u0438\u043d\u0433 \u0431\u0435\u0437 \u043e\u0433\u0440\u0430\u043d\u0438\u0447\u0435\u043d\u0438\u0439! \u0411\u0435\u0441\u043f\u0440\u043e\u0432\u043e\u0434\u043d\u0430\u044f \u0432\u0435\u0440\u0441\u0438\u044f Pulsar \u043f\u0440\u0435\u0434\u043e\u0441\u0442\u0430\u0432\u0438\u0442 \u0432\u0430\u043c \u0435\u0449\u0435 \u0431\u043e\u043b\u044c\u0448\u0435 \u0432\u043e\u0437\u043c\u043e\u0436\u043d\u043e\u0441\u0442\u0435\u0439 \u0438 \u0443\u0434\u043e\u0432\u043e\u043b\u044c\u0441\u0442\u0432\u0438\u0435 \u043e\u0442 \u0438\u0433\u0440\u044b...\" descen=\"Gaming without any limits! The Pulsar wireless version will offer you even more features and bring pleasure from the game...\" descde=\"Spielen ohne Grenzen! Die kabellose Version von Pulsar wird Ihnen noch mehr M\u00f6glichkeiten und Spa\u00df am Spiel bieten...\" descpl=\"Gry bez ogranicze\u0144! Bezprzewodowa wersja Pulsar zapewni Ci jeszcze wi\u0119cej mo\u017cliwo\u015bci i przyjemno\u015bci z gry...\"]","protected":false},"featured_media":20678,"template":"","meta":[],"translation":{"provider":"WPGlobus","version":"2.5.11","language":"de","enabled_languages":["en","ua","de","pl"],"languages":{"en":{"title":true,"content":false,"excerpt":true},"ua":{"title":false,"content":false,"excerpt":false},"de":{"title":false,"content":false,"excerpt":false},"pl":{"title":false,"content":false,"excerpt":false}}},"aioseo_notices":[],"_links":{"self":[{"href":"https:\/\/shop.hator.gg\/de\/wp-json\/wp\/v2\/product\/20676"}],"collection":[{"href":"https:\/\/shop.hator.gg\/de\/wp-json\/wp\/v2\/product"}],"about":[{"href":"https:\/\/shop.hator.gg\/de\/wp-json\/wp\/v2\/types\/product"}],"wp:featuredmedia":[{"embeddable":true,"href":"https:\/\/shop.hator.gg\/de\/wp-json\/wp\/v2\/media\/20678"}],"wp:attachment":[{"href":"https:\/\/shop.hator.gg\/de\/wp-json\/wp\/v2\/media?parent=20676"}],"curies":[{"name":"wp","href":"https:\/\/api.w.org\/{rel}","templated":true}]}}