{"id":144,"date":"2020-07-01T15:09:59","date_gmt":"2020-07-01T12:09:59","guid":{"rendered":"https:\/\/shop.hator.gg\/?post_type=product&#038;p=144"},"modified":"2026-02-04T16:12:53","modified_gmt":"2026-02-04T13:12:53","slug":"hator-hypergang-evo-hta-810","status":"publish","type":"product","link":"https:\/\/shop.hator.gg\/de\/headsets\/hator-hypergang-evo-hta-810\/","title":{"rendered":"Hator Hypergang EVO (HTA-810)"},"content":{"rendered":"","protected":false},"excerpt":{"rendered":"[show_any_info_btn hatordomen=\"https:\/\/hator.gg\" link=\"\/audio\/hypergang-evo\" descua=\"Hypergang EVO \u2013 \u043d\u0430\u0448\u0430 \u043d\u043e\u0432\u0430 \u0433\u0430\u0440\u043d\u0456\u0442\u0443\u0440\u0430, \u0449\u043e \u0443\u0432\u0456\u0431\u0440\u0430\u043b\u0430 \u0432 \u0441\u0435\u0431\u0435 \u0432\u0441\u0456 \u043d\u0430\u0439\u043a\u0440\u0430\u0449\u0456 \u0440\u0456\u0448\u0435\u043d\u043d\u044f \u0442\u0430 \u043d\u0430\u043f\u0440\u0430\u0446\u044e\u0432\u0430\u043d\u043d\u044f, \u0437\u0430\u0441\u043d\u043e\u0432\u0430\u043d\u0456, \u0432 \u0442\u043e\u043c\u0443 \u0447\u0438\u0441\u043b\u0456, \u043d\u0430 \u0434\u043e\u0441\u0432\u0456\u0434\u0456 \u0442\u0430 \u0432\u0456\u0434\u0433\u0443\u043a\u0430\u0445 \u0432\u0435\u043b\u0438\u043a\u043e\u0457 \u043a\u0456\u043b\u044c\u043a\u043e\u0441\u0442\u0456 \u0433\u0435\u0439\u043c\u0435\u0440\u0456\u0432, \u044f\u043a \u043f\u0435\u0440\u0435\u0441\u0456\u0447\u043d\u0438\u0445 \u0442\u0430\u043a \u0456 \u043f\u0440\u043e\u0444\u0435\u0441\u0456\u0439\u043d\u0438\u0445.\" descru=\"Hypergang EVO \u2014 \u043d\u0430\u0448\u0430 \u043d\u043e\u0432\u0430\u044f \u0433\u0430\u0440\u043d\u0438\u0442\u0443\u0440\u0430, \u043a\u043e\u0442\u043e\u0440\u0430\u044f \u0432\u043e\u0431\u0440\u0430\u043b\u0430 \u0432 \u0441\u0435\u0431\u044f \u0432\u0441\u0435 \u043b\u0443\u0447\u0448\u0438\u0435 \u0440\u0435\u0448\u0435\u043d\u0438\u044f \u0438 \u043d\u0430\u0440\u0430\u0431\u043e\u0442\u043a\u0438, \u043e\u0441\u043d\u043e\u0432\u0430\u043d\u043d\u044b\u0435, \u0432 \u0442\u043e\u043c \u0447\u0438\u0441\u043b\u0435, \u043d\u0430 \u043e\u043f\u044b\u0442\u0435 \u0438 \u043e\u0442\u0437\u044b\u0432\u0430\u0445 \u043c\u043d\u043e\u0436\u0435\u0441\u0442\u0432\u0430 \u0433\u0435\u0439\u043c\u0435\u0440\u043e\u0432, \u043a\u0430\u043a \u043b\u044e\u0431\u0438\u0442\u0435\u043b\u0435\u0439 \u0442\u0430\u043a \u0438 \u043f\u0440\u043e\u0444\u0435\u0441\u0441\u0438\u043e\u043d\u0430\u043b\u043e\u0432.\" descen=\"Hypergang EVO is our new headset, the result of all the best solutions and developments, based, among other things, on the experience and feedback of many gamers, both amateurs, and professionals.\" descde=\"Hypergang EVO ist unser neues Headset, das die besten L\u00f6sungen und Entwicklungen enth\u00e4lt, die unter anderem auf der Erfahrung und dem Feedback vieler Spieler basieren, sowohl Amateuren als auch Profis.\" descpl=\"Hypergang EVO \u2013 nasz nowy zestaw s\u0142uchawkowy zawiera wszystkie najlepsze rozwi\u0105zania i osi\u0105gni\u0119cia oparte na do\u015bwiadczeniu i opiniach wielu graczy, zar\u00f3wno zwyk\u0142ych, jak i profesjonalnych.\"]","protected":false},"featured_media":25460,"template":"","meta":[],"translation":{"provider":"WPGlobus","version":"2.5.11","language":"de","enabled_languages":["en","ua","de","pl"],"languages":{"en":{"title":true,"content":false,"excerpt":true},"ua":{"title":true,"content":false,"excerpt":false},"de":{"title":false,"content":false,"excerpt":false},"pl":{"title":false,"content":false,"excerpt":false}}},"aioseo_notices":[],"_links":{"self":[{"href":"https:\/\/shop.hator.gg\/de\/wp-json\/wp\/v2\/product\/144"}],"collection":[{"href":"https:\/\/shop.hator.gg\/de\/wp-json\/wp\/v2\/product"}],"about":[{"href":"https:\/\/shop.hator.gg\/de\/wp-json\/wp\/v2\/types\/product"}],"wp:featuredmedia":[{"embeddable":true,"href":"https:\/\/shop.hator.gg\/de\/wp-json\/wp\/v2\/media\/25460"}],"wp:attachment":[{"href":"https:\/\/shop.hator.gg\/de\/wp-json\/wp\/v2\/media?parent=144"}],"curies":[{"name":"wp","href":"https:\/\/api.w.org\/{rel}","templated":true}]}}