{"id":143219,"date":"2026-04-17T17:15:34","date_gmt":"2026-04-17T14:15:34","guid":{"rendered":"https:\/\/shop.hator.gg\/?post_type=product&#038;p=143219"},"modified":"2026-04-17T17:27:44","modified_gmt":"2026-04-17T14:27:44","slug":"hator-skyfall-100-pro-wireless-black-htk4101ua","status":"publish","type":"product","link":"https:\/\/shop.hator.gg\/de\/keyboards\/hator-skyfall-100-pro-wireless-black-htk4101ua\/","title":{"rendered":"HATOR Skyfall 100 PRO wireless black (HTK4101UA)"},"content":{"rendered":"","protected":false},"excerpt":{"rendered":"Entdecke ein neues Leistungsniveau mit der Skyfall Pro Wireless \u2013 einer Gaming-Tastatur der Premiumklasse, die elegantes Design, erweiterte Funktionalit\u00e4t und au\u00dfergew\u00f6hnlich leise HATOR\u00ae Aurum Vanila Silent-Schalter vereint. Dank zahlreicher Verbindungsm\u00f6glichkeiten, erh\u00f6hter Akkukapazit\u00e4t und einer sorgf\u00e4ltig durchdachten Konstruktion bietet die Skyfall Pro Wireless vielseitige Einsatzszenarien und h\u00f6chsten Komfort im t\u00e4glichen Gebrauch.","protected":false},"featured_media":143229,"template":"","meta":[],"translation":{"provider":"WPGlobus","version":"2.5.11","language":"de","enabled_languages":["en","ua","de","pl"],"languages":{"en":{"title":true,"content":false,"excerpt":true},"ua":{"title":false,"content":false,"excerpt":true},"de":{"title":false,"content":false,"excerpt":true},"pl":{"title":false,"content":false,"excerpt":true}}},"aioseo_notices":[],"_links":{"self":[{"href":"https:\/\/shop.hator.gg\/de\/wp-json\/wp\/v2\/product\/143219"}],"collection":[{"href":"https:\/\/shop.hator.gg\/de\/wp-json\/wp\/v2\/product"}],"about":[{"href":"https:\/\/shop.hator.gg\/de\/wp-json\/wp\/v2\/types\/product"}],"wp:featuredmedia":[{"embeddable":true,"href":"https:\/\/shop.hator.gg\/de\/wp-json\/wp\/v2\/media\/143229"}],"wp:attachment":[{"href":"https:\/\/shop.hator.gg\/de\/wp-json\/wp\/v2\/media?parent=143219"}],"curies":[{"name":"wp","href":"https:\/\/api.w.org\/{rel}","templated":true}]}}