{"id":141692,"date":"2026-04-08T18:49:37","date_gmt":"2026-04-08T15:49:37","guid":{"rendered":"https:\/\/shop.hator.gg\/?post_type=product&#038;p=141692"},"modified":"2026-04-08T20:13:41","modified_gmt":"2026-04-08T17:13:41","slug":"hator-quasar-3-ultima-8k-wireless-black-violet-htm760","status":"publish","type":"product","link":"https:\/\/shop.hator.gg\/de\/mice\/hator-quasar-3-ultima-8k-wireless-black-violet-htm760\/","title":{"rendered":"HATOR Quasar 3 Ultima 8K Wireless Black\/Violet (HTM760)"},"content":{"rendered":"","protected":false},"excerpt":{"rendered":"Die Quasar 3 Ultima wurde entwickelt, um maximale Kontrolle und Bewegungsfreiheit zu bieten. Das ultraleichte Design mit einem Gewicht von nur 52 Gramm sorgt f\u00fcr h\u00f6chsten Komfort bei dynamischem Gameplay, w\u00e4hrend das originale Design mit stilvollem Farbverlauf jeden Arbeitsplatz aufwertet. Die ausgewogene Form und durchdachte Ergonomie machen sie zu einem zuverl\u00e4ssigen Werkzeug sowohl f\u00fcr intensive Matches als auch f\u00fcr lange Arbeitssitzungen.","protected":false},"featured_media":141699,"template":"","meta":[],"translation":{"provider":"WPGlobus","version":"2.5.11","language":"de","enabled_languages":["en","ua","de","pl"],"languages":{"en":{"title":true,"content":false,"excerpt":true},"ua":{"title":false,"content":false,"excerpt":true},"de":{"title":false,"content":false,"excerpt":true},"pl":{"title":false,"content":false,"excerpt":true}}},"aioseo_notices":[],"_links":{"self":[{"href":"https:\/\/shop.hator.gg\/de\/wp-json\/wp\/v2\/product\/141692"}],"collection":[{"href":"https:\/\/shop.hator.gg\/de\/wp-json\/wp\/v2\/product"}],"about":[{"href":"https:\/\/shop.hator.gg\/de\/wp-json\/wp\/v2\/types\/product"}],"wp:featuredmedia":[{"embeddable":true,"href":"https:\/\/shop.hator.gg\/de\/wp-json\/wp\/v2\/media\/141699"}],"wp:attachment":[{"href":"https:\/\/shop.hator.gg\/de\/wp-json\/wp\/v2\/media?parent=141692"}],"curies":[{"name":"wp","href":"https:\/\/api.w.org\/{rel}","templated":true}]}}