{"id":141261,"date":"2026-04-06T17:25:28","date_gmt":"2026-04-06T14:25:28","guid":{"rendered":"https:\/\/shop.hator.gg\/?post_type=product&#038;p=141261"},"modified":"2026-04-08T20:13:49","modified_gmt":"2026-04-08T17:13:49","slug":"hator-dreamcast-x-rgb-black-ess10","status":"publish","type":"product","link":"https:\/\/shop.hator.gg\/de\/microphones\/hator-dreamcast-x-rgb-black-ess10\/","title":{"rendered":"HATOR Dreamcast X RGB Black (ESS10)"},"content":{"rendered":"","protected":false},"excerpt":{"rendered":"Dieses Gaming-Mikrofon wurde f\u00fcr alle entwickelt, die Wert auf klaren Klang, volle Kontrolle und stilvolles Design legen. Es kombiniert eine optimierte Nierencharakteristik, eine durchdachte Konstruktion und moderne Anschlussm\u00f6glichkeiten f\u00fcr Streaming, Gaming und Content Creation. Dank RGB-Beleuchtung, Antivibrationshalterung und intuitiver Bedienung f\u00fcgt sich das Mikrofon nahtlos in jedes Gaming-Setup ein. Eine vielseitige L\u00f6sung f\u00fcr souver\u00e4nen und hochwertigen Sound im Alltag","protected":false},"featured_media":141275,"template":"","meta":[],"translation":{"provider":"WPGlobus","version":"2.5.11","language":"de","enabled_languages":["en","ua","de","pl"],"languages":{"en":{"title":true,"content":false,"excerpt":true},"ua":{"title":false,"content":false,"excerpt":true},"de":{"title":false,"content":false,"excerpt":true},"pl":{"title":false,"content":false,"excerpt":true}}},"aioseo_notices":[],"_links":{"self":[{"href":"https:\/\/shop.hator.gg\/de\/wp-json\/wp\/v2\/product\/141261"}],"collection":[{"href":"https:\/\/shop.hator.gg\/de\/wp-json\/wp\/v2\/product"}],"about":[{"href":"https:\/\/shop.hator.gg\/de\/wp-json\/wp\/v2\/types\/product"}],"wp:featuredmedia":[{"embeddable":true,"href":"https:\/\/shop.hator.gg\/de\/wp-json\/wp\/v2\/media\/141275"}],"wp:attachment":[{"href":"https:\/\/shop.hator.gg\/de\/wp-json\/wp\/v2\/media?parent=141261"}],"curies":[{"name":"wp","href":"https:\/\/api.w.org\/{rel}","templated":true}]}}