{"id":137,"date":"2020-07-01T15:01:29","date_gmt":"2020-07-01T12:01:29","guid":{"rendered":"https:\/\/shop.hator.gg\/?post_type=product&#038;p=137"},"modified":"2024-01-17T17:23:49","modified_gmt":"2024-01-17T14:23:49","slug":"hator-vortex-evo-htm-310","status":"publish","type":"product","link":"https:\/\/shop.hator.gg\/de\/mice\/hator-vortex-evo-htm-310\/","title":{"rendered":"Hator Vortex EVO (HTM-310)"},"content":{"rendered":"","protected":false},"excerpt":{"rendered":"[show_any_info_btn hatordomen=\"https:\/\/hator.gg\" link=\"\/mice\/vortex-evo\" descua=\"\u0423 HATOR Vortex EVO \u043c\u0438 \u043e\u0431\u2019\u0454\u0434\u043d\u0430\u043b\u0438 \u043f\u0440\u0438\u0433\u043e\u043b\u043e\u043c\u0448\u043b\u0438\u0432\u0443 \u0435\u0440\u0433\u043e\u043d\u043e\u043c\u0456\u0447\u043d\u0443 \u0444\u043e\u0440\u043c\u0443 \u0456 \u043d\u0430\u0439\u0441\u0443\u0447\u0430\u0441\u043d\u0456\u0448\u0456 \u043a\u043e\u043c\u043f\u043e\u043d\u0435\u043d\u0442\u0438, \u0449\u043e\u0431 \u0434\u043e\u043f\u043e\u043c\u043e\u0433\u0442\u0438 \u0432\u0438\u0432\u0435\u0441\u0442\u0438 \u0432\u0430\u0448\u0443 \u0440\u0435\u0437\u0443\u043b\u044c\u0442\u0430\u0442\u0438\u0432\u043d\u0456\u0441\u0442\u044c \u043d\u0430 \u043d\u043e\u0432\u0438\u0439 \u0440\u0456\u0432\u0435\u043d\u044c.\" descru=\"\u0412 HATOR Vortex EVO \u043c\u044b \u043e\u0431\u044a\u0435\u0434\u0438\u043d\u0438\u043b\u0438 \u043f\u043e\u0442\u0440\u044f\u0441\u0430\u044e\u0449\u0443\u044e \u044d\u0440\u0433\u043e\u043d\u043e\u043c\u0438\u0447\u043d\u0443\u044e \u0444\u043e\u0440\u043c\u0443 \u0438 \u0441\u0430\u043c\u044b\u0435 \u0441\u043e\u0432\u0440\u0435\u043c\u0435\u043d\u043d\u044b\u0435 \u043a\u043e\u043c\u043f\u043e\u043d\u0435\u043d\u0442\u044b, \u0447\u0442\u043e\u0431\u044b \u043f\u043e\u043c\u043e\u0447\u044c \u0432\u044b\u0432\u0435\u0441\u0442\u0438 \u0432\u0430\u0448\u0443 \u0440\u0435\u0437\u0443\u043b\u044c\u0442\u0430\u0442\u0438\u0432\u043d\u043e\u0441\u0442\u044c \u043d\u0430 \u043d\u043e\u0432\u044b\u0439 \u0443\u0440\u043e\u0432\u0435\u043d\u044c.\" descen=\"In HATOR Vortex EVO we have combined a stunning ergonomic fit with most advanced components to help bring your performance to the next level.\" descde=\"Mit dem HATOR Vortex EVO haben wir eine atemberaubende ergonomische Form mit hochmodernen Bestandteilen kombiniert, um Ihre Leistung auf die h\u00f6here Stufe zu heben.\" descpl=\"W HATOR Vortex EVO po\u0142\u0105czyli\u015bmy niesamowity ergonomiczny kszta\u0142t z najnowocze\u015bniejszymi komponentami, aby pom\u00f3c ci osi\u0105gn\u0105\u0107 wy\u017cszy poziom produktywno\u015bci.\"]","protected":false},"featured_media":138,"template":"","meta":[],"translation":{"provider":"WPGlobus","version":"2.5.11","language":"de","enabled_languages":["en","ua","de","pl"],"languages":{"en":{"title":true,"content":false,"excerpt":true},"ua":{"title":true,"content":false,"excerpt":false},"de":{"title":false,"content":false,"excerpt":false},"pl":{"title":false,"content":false,"excerpt":false}}},"aioseo_notices":[],"_links":{"self":[{"href":"https:\/\/shop.hator.gg\/de\/wp-json\/wp\/v2\/product\/137"}],"collection":[{"href":"https:\/\/shop.hator.gg\/de\/wp-json\/wp\/v2\/product"}],"about":[{"href":"https:\/\/shop.hator.gg\/de\/wp-json\/wp\/v2\/types\/product"}],"wp:featuredmedia":[{"embeddable":true,"href":"https:\/\/shop.hator.gg\/de\/wp-json\/wp\/v2\/media\/138"}],"wp:attachment":[{"href":"https:\/\/shop.hator.gg\/de\/wp-json\/wp\/v2\/media?parent=137"}],"curies":[{"name":"wp","href":"https:\/\/api.w.org\/{rel}","templated":true}]}}