{"id":122642,"date":"2025-12-24T19:38:03","date_gmt":"2025-12-24T16:38:03","guid":{"rendered":"https:\/\/shop.hator.gg\/?post_type=product&#038;p=122642"},"modified":"2026-03-06T13:37:28","modified_gmt":"2026-03-06T10:37:28","slug":"hator-skyfall-65-mag-ultima-8k-wireless-white-black-htk3860ua","status":"publish","type":"product","link":"https:\/\/shop.hator.gg\/de\/keyboards\/hator-skyfall-65-mag-ultima-8k-wireless-white-black-htk3860ua\/","title":{"rendered":"HATOR Skyfall 65 MAG ULTIMA 8K Wireless White-Black (HTK3860UA)"},"content":{"rendered":"","protected":false},"excerpt":{"rendered":"Die Tastatur ist mit modernen Magnetschaltern ausgestattet, die ein \u00e4u\u00dferst schnelles und pr\u00e4zises Ausl\u00f6sen erm\u00f6glichen und zahlreiche Optionen f\u00fcr eine feine Anpassung bieten. Ihre Funktionalit\u00e4t wird durch eine extrem hohe Leistung mit einer Abtastrate von bis zu 8000 Hz im kabellosen und kabelgebundenen Modus erg\u00e4nzt, sowie durch eine hervorragende Ger\u00e4usch- und Vibrationsd\u00e4mmung, die jede Nutzung zu einem angenehmen Erlebnis macht.","protected":false},"featured_media":122648,"template":"","meta":[],"translation":{"provider":"WPGlobus","version":"2.5.11","language":"de","enabled_languages":["en","ua","de","pl"],"languages":{"en":{"title":true,"content":false,"excerpt":true},"ua":{"title":false,"content":false,"excerpt":true},"de":{"title":false,"content":false,"excerpt":true},"pl":{"title":false,"content":false,"excerpt":true}}},"aioseo_notices":[],"_links":{"self":[{"href":"https:\/\/shop.hator.gg\/de\/wp-json\/wp\/v2\/product\/122642"}],"collection":[{"href":"https:\/\/shop.hator.gg\/de\/wp-json\/wp\/v2\/product"}],"about":[{"href":"https:\/\/shop.hator.gg\/de\/wp-json\/wp\/v2\/types\/product"}],"wp:featuredmedia":[{"embeddable":true,"href":"https:\/\/shop.hator.gg\/de\/wp-json\/wp\/v2\/media\/122648"}],"wp:attachment":[{"href":"https:\/\/shop.hator.gg\/de\/wp-json\/wp\/v2\/media?parent=122642"}],"curies":[{"name":"wp","href":"https:\/\/api.w.org\/{rel}","templated":true}]}}