{"id":1153,"date":"2020-11-25T12:22:27","date_gmt":"2020-11-25T09:22:27","guid":{"rendered":"https:\/\/shop.hator.gg\/?post_type=product&#038;p=1153"},"modified":"2025-09-19T14:12:54","modified_gmt":"2025-09-19T11:12:54","slug":"hator-hellraizer-hta-811-black-grey","status":"publish","type":"product","link":"https:\/\/shop.hator.gg\/de\/headsets\/hator-hellraizer-hta-811-black-grey\/","title":{"rendered":"Hator Hellraizer (HTA-811) Black\/Grey"},"content":{"rendered":"","protected":false},"excerpt":{"rendered":"[show_any_info_btn hatordomen=\"https:\/\/hator.gg\" link=\"\/audio\/hellraizer\" descua=\"Hator Hellraizer \u2013 \u0446\u0435 \u043f\u043e-\u0441\u043f\u0440\u0430\u0432\u0436\u043d\u044c\u043e\u043c\u0443 \u043d\u0430\u0440\u043e\u0434\u043d\u0430 \u0456\u0433\u0440\u043e\u0432\u0430 \u0433\u0430\u0440\u043d\u0456\u0442\u0443\u0440\u0430. \u0412\u043e\u043d\u0430 \u043c\u0430\u0454 \u043f\u0440\u043e\u0434\u0443\u043c\u0430\u043d\u0443 \u0435\u0440\u0433\u043e\u043d\u043e\u043c\u0456\u043a\u0443, \u044f\u043a\u0456\u0441\u043d\u0435 \u0437\u0432\u0443\u0447\u0430\u043d\u043d\u044f \u0442\u0430 \u0432\u0430\u0440\u0442\u0456\u0441\u0442\u044c \u0434\u043e\u0441\u0442\u0443\u043f\u043d\u0443 \u0434\u043b\u044f \u0431\u0456\u043b\u044c\u0448\u043e\u0441\u0442\u0456.\" descru=\"Hator Hellraizer \u2014 \u044d\u0442\u043e \u043f\u043e-\u043d\u0430\u0441\u0442\u043e\u044f\u0449\u0435\u043c\u0443 \u043d\u0430\u0440\u043e\u0434\u043d\u0430\u044f \u0438\u0433\u0440\u043e\u0432\u0430\u044f \u0433\u0430\u0440\u043d\u0438\u0442\u0443\u0440\u0430. \u041e\u043d\u0430 \u043e\u0431\u043b\u0430\u0434\u0430\u0435\u0442 \u043f\u0440\u043e\u0434\u0443\u043c\u0430\u043d\u043d\u043e\u0439 \u044d\u0440\u0433\u043e\u043d\u043e\u043c\u0438\u043a\u043e\u0439, \u043a\u0430\u0447\u0435\u0441\u0442\u0432\u0435\u043d\u043d\u044b\u043c \u0437\u0432\u0443\u0447\u0430\u043d\u0438\u0435\u043c \u0438 \u0441\u0442\u043e\u0438\u043c\u043e\u0441\u0442\u044c\u044e \u0434\u043e\u0441\u0442\u0443\u043f\u043d\u043e\u0439 \u0434\u043b\u044f \u0431\u043e\u043b\u044c\u0448\u0438\u043d\u0441\u0442\u0432\u0430.\" descen=\"Hator Hellraizer \u2013 this is truly gaming headset for the mass. It combines ergonomy with really cool sound. And you will not destroy your budget once buy it.\" descde=\"Hator Hellraizer ist ein wirklich volkst\u00fcmliches Gaming-Headset. Es verf\u00fcgt \u00fcber durchdachte Ergonomie, hochwertigen Klang und erschwinglichen Preis.\" descpl=\"Hator Hellraizer \u2013 to prawdziwy narodowy zestaw s\u0142uchawkowy do gier. Posiada przemy\u015blan\u0105 ergonomi\u0119, jako\u015b\u0107 d\u017awi\u0119ku i koszt przyst\u0119pny dla wi\u0119kszo\u015bci.\"]","protected":false},"featured_media":1157,"template":"","meta":[],"translation":{"provider":"WPGlobus","version":"2.5.11","language":"de","enabled_languages":["en","ua","de","pl"],"languages":{"en":{"title":true,"content":false,"excerpt":true},"ua":{"title":false,"content":false,"excerpt":false},"de":{"title":false,"content":false,"excerpt":false},"pl":{"title":false,"content":false,"excerpt":false}}},"aioseo_notices":[],"_links":{"self":[{"href":"https:\/\/shop.hator.gg\/de\/wp-json\/wp\/v2\/product\/1153"}],"collection":[{"href":"https:\/\/shop.hator.gg\/de\/wp-json\/wp\/v2\/product"}],"about":[{"href":"https:\/\/shop.hator.gg\/de\/wp-json\/wp\/v2\/types\/product"}],"wp:featuredmedia":[{"embeddable":true,"href":"https:\/\/shop.hator.gg\/de\/wp-json\/wp\/v2\/media\/1157"}],"wp:attachment":[{"href":"https:\/\/shop.hator.gg\/de\/wp-json\/wp\/v2\/media?parent=1153"}],"curies":[{"name":"wp","href":"https:\/\/api.w.org\/{rel}","templated":true}]}}