{"id":115279,"date":"2025-11-13T17:58:20","date_gmt":"2025-11-13T14:58:20","guid":{"rendered":"https:\/\/shop.hator.gg\/?post_type=product&#038;p=115279"},"modified":"2026-04-01T00:12:52","modified_gmt":"2026-03-31T21:12:52","slug":"hator-phoenix-2-wireless-white-esh41","status":"publish","type":"product","link":"https:\/\/shop.hator.gg\/de\/headsets\/hator-phoenix-2-wireless-white-esh41\/","title":{"rendered":"HATOR Phoenix 2 Wireless White (ESH41)"},"content":{"rendered":"","protected":false},"excerpt":{"rendered":"Die HATOR Phoenix 2 Wireless ist eine innovative L\u00f6sung, die die Funktionalit\u00e4t eines erstklassigen Gaming-Headsets mit dem Stil und dem erstklassigen Klang hochwertiger Lifestyle-Kopfh\u00f6rer kombiniert. Hi-Res-zertifizierte Treiber, hybrides Noise Cancelling in kabellosen Modi, minimale kabellose Latenz, Spatial Audio und Head Tracking \u2013 diese und viele weitere Funktionen machen die Phoenix 2 Wireless zu einem der fortschrittlichsten Headsets auf dem Markt.","protected":false},"featured_media":139805,"template":"","meta":[],"translation":{"provider":"WPGlobus","version":"2.5.11","language":"de","enabled_languages":["en","ua","de","pl"],"languages":{"en":{"title":true,"content":false,"excerpt":true},"ua":{"title":false,"content":false,"excerpt":true},"de":{"title":false,"content":false,"excerpt":true},"pl":{"title":false,"content":false,"excerpt":true}}},"aioseo_notices":[],"_links":{"self":[{"href":"https:\/\/shop.hator.gg\/de\/wp-json\/wp\/v2\/product\/115279"}],"collection":[{"href":"https:\/\/shop.hator.gg\/de\/wp-json\/wp\/v2\/product"}],"about":[{"href":"https:\/\/shop.hator.gg\/de\/wp-json\/wp\/v2\/types\/product"}],"wp:featuredmedia":[{"embeddable":true,"href":"https:\/\/shop.hator.gg\/de\/wp-json\/wp\/v2\/media\/139805"}],"wp:attachment":[{"href":"https:\/\/shop.hator.gg\/de\/wp-json\/wp\/v2\/media?parent=115279"}],"curies":[{"name":"wp","href":"https:\/\/api.w.org\/{rel}","templated":true}]}}