{"id":112451,"date":"2025-10-23T14:10:08","date_gmt":"2025-10-23T11:10:08","guid":{"rendered":"https:\/\/shop.hator.gg\/?post_type=product&#038;p=112451"},"modified":"2025-10-23T14:14:42","modified_gmt":"2025-10-23T11:14:42","slug":"universal-extension-cable-for-pc-1m-3-5-2x3-5mm-acc412","status":"publish","type":"product","link":"https:\/\/shop.hator.gg\/de\/accessories\/universal-extension-cable-for-pc-1m-3-5-2x3-5mm-acc412\/","title":{"rendered":"Universal-Verl\u00e4ngerungskabel f\u00fcr PC 1m 3,5 \u2013 2\u00d73,5mm (ACC412)"},"content":{"rendered":"","protected":false},"excerpt":{"rendered":"Das Audiokabel ist mit 3,5-mm-Miniklinkensteckern in der Konfiguration separate 3,5-mm-Miniklinke \u2013 3,5-mm-Miniklinke (m\u00e4nnlich-weiblich) ausgestattet. Schlie\u00dfen Sie das Headset ohne zus\u00e4tzliche Werkzeuge oder Adapter an. Garantiert die \u00dcbertragung eines hochwertigen Audiosignals.","protected":false},"featured_media":112456,"template":"","meta":[],"translation":{"provider":"WPGlobus","version":"2.5.11","language":"de","enabled_languages":["en","ua","de","pl"],"languages":{"en":{"title":true,"content":false,"excerpt":true},"ua":{"title":true,"content":false,"excerpt":true},"de":{"title":true,"content":false,"excerpt":true},"pl":{"title":true,"content":false,"excerpt":true}}},"aioseo_notices":[],"_links":{"self":[{"href":"https:\/\/shop.hator.gg\/de\/wp-json\/wp\/v2\/product\/112451"}],"collection":[{"href":"https:\/\/shop.hator.gg\/de\/wp-json\/wp\/v2\/product"}],"about":[{"href":"https:\/\/shop.hator.gg\/de\/wp-json\/wp\/v2\/types\/product"}],"wp:featuredmedia":[{"embeddable":true,"href":"https:\/\/shop.hator.gg\/de\/wp-json\/wp\/v2\/media\/112456"}],"wp:attachment":[{"href":"https:\/\/shop.hator.gg\/de\/wp-json\/wp\/v2\/media?parent=112451"}],"curies":[{"name":"wp","href":"https:\/\/api.w.org\/{rel}","templated":true}]}}