{"id":110771,"date":"2025-10-10T19:42:20","date_gmt":"2025-10-10T16:42:20","guid":{"rendered":"https:\/\/shop.hator.gg\/?post_type=product&#038;p=110771"},"modified":"2026-03-03T20:12:45","modified_gmt":"2026-03-03T17:12:45","slug":"hator-arc-3-pu-htc3400xl-black-xl","status":"publish","type":"product","link":"https:\/\/shop.hator.gg\/de\/chairs\/hator-arc-3-pu-htc3400xl-black-xl\/","title":{"rendered":"HATOR Arc 3 PU (HTC3400XL) Black XL"},"content":{"rendered":"","protected":false},"excerpt":{"rendered":"HATOR Arc 3 vereint Komfort und Stil in perfekter Harmonie. Entwickelt f\u00fcr Gamer, die zuverl\u00e4ssige Unterst\u00fctzung sch\u00e4tzen und zugleich ihre Individualit\u00e4t betonen m\u00f6chten, bietet Arc 3 ganzt\u00e4gigen Komfort, durchdachte Ergonomie und noch mehr M\u00f6glichkeiten, das eigene Setup einzigartig zu gestalten.","protected":false},"featured_media":110772,"template":"","meta":[],"translation":{"provider":"WPGlobus","version":"2.5.11","language":"de","enabled_languages":["en","ua","de","pl"],"languages":{"en":{"title":true,"content":false,"excerpt":true},"ua":{"title":false,"content":false,"excerpt":true},"de":{"title":false,"content":false,"excerpt":true},"pl":{"title":false,"content":false,"excerpt":true}}},"aioseo_notices":[],"_links":{"self":[{"href":"https:\/\/shop.hator.gg\/de\/wp-json\/wp\/v2\/product\/110771"}],"collection":[{"href":"https:\/\/shop.hator.gg\/de\/wp-json\/wp\/v2\/product"}],"about":[{"href":"https:\/\/shop.hator.gg\/de\/wp-json\/wp\/v2\/types\/product"}],"wp:featuredmedia":[{"embeddable":true,"href":"https:\/\/shop.hator.gg\/de\/wp-json\/wp\/v2\/media\/110772"}],"wp:attachment":[{"href":"https:\/\/shop.hator.gg\/de\/wp-json\/wp\/v2\/media?parent=110771"}],"curies":[{"name":"wp","href":"https:\/\/api.w.org\/{rel}","templated":true}]}}