{"id":109747,"date":"2025-10-02T20:26:30","date_gmt":"2025-10-02T17:26:30","guid":{"rendered":"https:\/\/shop.hator.gg\/?post_type=product&#038;p=109747"},"modified":"2026-04-01T00:12:47","modified_gmt":"2026-03-31T21:12:47","slug":"hator-skyfall-80-wireless-black-white-htk3180ua","status":"publish","type":"product","link":"https:\/\/shop.hator.gg\/de\/keyboards\/hator-skyfall-80-wireless-black-white-htk3180ua\/","title":{"rendered":"HATOR Skyfall 80 Wireless Black-White (HTK3180UA)"},"content":{"rendered":"","protected":false},"excerpt":{"rendered":"HATOR Skyfall Wireless vereint ein Premium-Set an Technologien mit modernem Design und setzt einen neuen Standard f\u00fcr Komfort und Produktivit\u00e4t. Dank der einzigartigen Architektur, der fortschrittlichen Switches und den vielf\u00e4ltigen Personalisierungs\u00adm\u00f6glichkeiten ist diese Tastatur die ideale Wahl f\u00fcr professionelle Gamer ebenso wie f\u00fcr alle, die hochwertiges Tippen und einen stilvollen Arbeitsplatz sch\u00e4tzen.","protected":false},"featured_media":109748,"template":"","meta":[],"translation":{"provider":"WPGlobus","version":"2.5.11","language":"de","enabled_languages":["en","ua","de","pl"],"languages":{"en":{"title":true,"content":false,"excerpt":true},"ua":{"title":false,"content":false,"excerpt":true},"de":{"title":false,"content":false,"excerpt":true},"pl":{"title":false,"content":false,"excerpt":true}}},"aioseo_notices":[],"_links":{"self":[{"href":"https:\/\/shop.hator.gg\/de\/wp-json\/wp\/v2\/product\/109747"}],"collection":[{"href":"https:\/\/shop.hator.gg\/de\/wp-json\/wp\/v2\/product"}],"about":[{"href":"https:\/\/shop.hator.gg\/de\/wp-json\/wp\/v2\/types\/product"}],"wp:featuredmedia":[{"embeddable":true,"href":"https:\/\/shop.hator.gg\/de\/wp-json\/wp\/v2\/media\/109748"}],"wp:attachment":[{"href":"https:\/\/shop.hator.gg\/de\/wp-json\/wp\/v2\/media?parent=109747"}],"curies":[{"name":"wp","href":"https:\/\/api.w.org\/{rel}","templated":true}]}}