{"id":107564,"date":"2025-09-13T14:14:28","date_gmt":"2025-09-13T11:14:28","guid":{"rendered":"https:\/\/shop.hator.gg\/?post_type=product&#038;p=107564"},"modified":"2025-10-29T14:12:47","modified_gmt":"2025-10-29T11:12:47","slug":"hator-hypergang-3-series-protein-3d-glasses-friendly-earpads-acc401","status":"publish","type":"product","link":"https:\/\/shop.hator.gg\/de\/accessories\/hator-hypergang-3-series-protein-3d-glasses-friendly-earpads-acc401\/","title":{"rendered":"Protein-3D-Brillenfreundliche Ohrpolster der Hypergang 3-Serie (ACC401)"},"content":{"rendered":"","protected":false},"excerpt":{"rendered":"Ergonomische Ohrpolster aus Proteinleder und speziellem Memory-Schaum f\u00fcr komfortables Tragen. Weiche Ohrpolster sorgen f\u00fcr eine hervorragende passive Schalld\u00e4mmung und einen angenehmen Tragekomfort. Perfekt f\u00fcr lange Gaming-Sessions!","protected":false},"featured_media":107565,"template":"","meta":[],"translation":{"provider":"WPGlobus","version":"2.5.11","language":"de","enabled_languages":["en","ua","de","pl"],"languages":{"en":{"title":true,"content":false,"excerpt":true},"ua":{"title":true,"content":false,"excerpt":true},"de":{"title":true,"content":false,"excerpt":true},"pl":{"title":true,"content":false,"excerpt":true}}},"aioseo_notices":[],"_links":{"self":[{"href":"https:\/\/shop.hator.gg\/de\/wp-json\/wp\/v2\/product\/107564"}],"collection":[{"href":"https:\/\/shop.hator.gg\/de\/wp-json\/wp\/v2\/product"}],"about":[{"href":"https:\/\/shop.hator.gg\/de\/wp-json\/wp\/v2\/types\/product"}],"wp:featuredmedia":[{"embeddable":true,"href":"https:\/\/shop.hator.gg\/de\/wp-json\/wp\/v2\/media\/107565"}],"wp:attachment":[{"href":"https:\/\/shop.hator.gg\/de\/wp-json\/wp\/v2\/media?parent=107564"}],"curies":[{"name":"wp","href":"https:\/\/api.w.org\/{rel}","templated":true}]}}