{"id":107559,"date":"2025-09-13T13:25:37","date_gmt":"2025-09-13T10:25:37","guid":{"rendered":"https:\/\/shop.hator.gg\/?post_type=product&#038;p=107559"},"modified":"2025-10-20T16:12:58","modified_gmt":"2025-10-20T13:12:58","slug":"hator-hypergang-3-series-microfiber-cooling-gel-earpads-acc406","status":"publish","type":"product","link":"https:\/\/shop.hator.gg\/de\/accessories\/hator-hypergang-3-series-microfiber-cooling-gel-earpads-acc406\/","title":{"rendered":"Hypergang 3 Series Mikrofaser + K\u00fchlgel-Ohrpolster (ACC406)"},"content":{"rendered":"","protected":false},"excerpt":{"rendered":"Die Ohrpolster sind mit Memory-Schaumstoff gef\u00fcllt, verf\u00fcgen \u00fcber eine Schicht K\u00fchlgel und eine Hybridbeschichtung mit Proteinleder und W\u00e4rmeaustauschstoff. Dies gew\u00e4hrleistet maximalen Komfort bei l\u00e4ngerer Verwendung des Headsets.","protected":false},"featured_media":107560,"template":"","meta":[],"translation":{"provider":"WPGlobus","version":"2.5.11","language":"de","enabled_languages":["en","ua","de","pl"],"languages":{"en":{"title":true,"content":false,"excerpt":true},"ua":{"title":true,"content":false,"excerpt":true},"de":{"title":true,"content":false,"excerpt":true},"pl":{"title":true,"content":false,"excerpt":true}}},"aioseo_notices":[],"_links":{"self":[{"href":"https:\/\/shop.hator.gg\/de\/wp-json\/wp\/v2\/product\/107559"}],"collection":[{"href":"https:\/\/shop.hator.gg\/de\/wp-json\/wp\/v2\/product"}],"about":[{"href":"https:\/\/shop.hator.gg\/de\/wp-json\/wp\/v2\/types\/product"}],"wp:featuredmedia":[{"embeddable":true,"href":"https:\/\/shop.hator.gg\/de\/wp-json\/wp\/v2\/media\/107560"}],"wp:attachment":[{"href":"https:\/\/shop.hator.gg\/de\/wp-json\/wp\/v2\/media?parent=107559"}],"curies":[{"name":"wp","href":"https:\/\/api.w.org\/{rel}","templated":true}]}}