{"id":107389,"date":"2025-09-11T22:39:34","date_gmt":"2025-09-11T19:39:34","guid":{"rendered":"https:\/\/shop.hator.gg\/?post_type=product&#038;p=107389"},"modified":"2026-04-06T14:12:47","modified_gmt":"2026-04-06T11:12:47","slug":"hator-phoenix-2-series-microfiber-cooling-gel-earpads-acc407","status":"publish","type":"product","link":"https:\/\/shop.hator.gg\/de\/accessories\/hator-phoenix-2-series-microfiber-cooling-gel-earpads-acc407\/","title":{"rendered":"K\u00fchlende Gel-Ohrpolster f\u00fcr die HATOR Phoenix 2-Headset-Reihe (ACC407)"},"content":{"rendered":"","protected":false},"excerpt":{"rendered":"Die Ohrpolster sind mit Memory-Schaumstoff gef\u00fcllt, verf\u00fcgen \u00fcber eine Schicht K\u00fchlgel und eine Hybridbeschichtung mit Proteinleder und W\u00e4rmeaustauschstoff. Dies gew\u00e4hrleistet maximalen Komfort bei l\u00e4ngerer Verwendung des Headsets.","protected":false},"featured_media":107390,"template":"","meta":[],"translation":{"provider":"WPGlobus","version":"2.5.11","language":"de","enabled_languages":["en","ua","de","pl"],"languages":{"en":{"title":true,"content":false,"excerpt":true},"ua":{"title":true,"content":false,"excerpt":true},"de":{"title":true,"content":false,"excerpt":true},"pl":{"title":true,"content":false,"excerpt":true}}},"aioseo_notices":[],"_links":{"self":[{"href":"https:\/\/shop.hator.gg\/de\/wp-json\/wp\/v2\/product\/107389"}],"collection":[{"href":"https:\/\/shop.hator.gg\/de\/wp-json\/wp\/v2\/product"}],"about":[{"href":"https:\/\/shop.hator.gg\/de\/wp-json\/wp\/v2\/types\/product"}],"wp:featuredmedia":[{"embeddable":true,"href":"https:\/\/shop.hator.gg\/de\/wp-json\/wp\/v2\/media\/107390"}],"wp:attachment":[{"href":"https:\/\/shop.hator.gg\/de\/wp-json\/wp\/v2\/media?parent=107389"}],"curies":[{"name":"wp","href":"https:\/\/api.w.org\/{rel}","templated":true}]}}