{"id":107182,"date":"2025-09-10T14:24:06","date_gmt":"2025-09-10T11:24:06","guid":{"rendered":"https:\/\/shop.hator.gg\/?post_type=product&#038;p=107182"},"modified":"2025-10-03T13:12:51","modified_gmt":"2025-10-03T10:12:51","slug":"hator-arc-3-velour-htc3444xl-orchid-pink-xl","status":"publish","type":"product","link":"https:\/\/shop.hator.gg\/de\/chairs\/hator-arc-3-velour-htc3444xl-orchid-pink-xl\/","title":{"rendered":"HATOR Arc 3 Velour (HTC3444XL) Orchid Pink XL"},"content":{"rendered":"","protected":false},"excerpt":{"rendered":"HATOR Arc 3 vereint Komfort und Stil in perfekter Harmonie. Entwickelt f\u00fcr Gamer, die zuverl\u00e4ssige Unterst\u00fctzung sch\u00e4tzen und zugleich ihre Individualit\u00e4t betonen m\u00f6chten, bietet Arc 3 ganzt\u00e4gigen Komfort, durchdachte Ergonomie und noch mehr M\u00f6glichkeiten, das eigene Setup einzigartig zu gestalten.","protected":false},"featured_media":107183,"template":"","meta":[],"translation":{"provider":"WPGlobus","version":"2.5.11","language":"de","enabled_languages":["en","ua","de","pl"],"languages":{"en":{"title":true,"content":false,"excerpt":true},"ua":{"title":false,"content":false,"excerpt":true},"de":{"title":false,"content":false,"excerpt":true},"pl":{"title":false,"content":false,"excerpt":true}}},"aioseo_notices":[],"_links":{"self":[{"href":"https:\/\/shop.hator.gg\/de\/wp-json\/wp\/v2\/product\/107182"}],"collection":[{"href":"https:\/\/shop.hator.gg\/de\/wp-json\/wp\/v2\/product"}],"about":[{"href":"https:\/\/shop.hator.gg\/de\/wp-json\/wp\/v2\/types\/product"}],"wp:featuredmedia":[{"embeddable":true,"href":"https:\/\/shop.hator.gg\/de\/wp-json\/wp\/v2\/media\/107183"}],"wp:attachment":[{"href":"https:\/\/shop.hator.gg\/de\/wp-json\/wp\/v2\/media?parent=107182"}],"curies":[{"name":"wp","href":"https:\/\/api.w.org\/{rel}","templated":true}]}}