{"id":107147,"date":"2025-09-10T11:03:28","date_gmt":"2025-09-10T08:03:28","guid":{"rendered":"https:\/\/shop.hator.gg\/?post_type=product&#038;p=107147"},"modified":"2025-12-03T14:12:49","modified_gmt":"2025-12-03T11:12:49","slug":"hator-arc-3-velour-htc3442xl-milk-shake-xl","status":"publish","type":"product","link":"https:\/\/shop.hator.gg\/de\/chairs\/hator-arc-3-velour-htc3442xl-milk-shake-xl\/","title":{"rendered":"HATOR Arc 3 Velour (HTC3442XL) Milk Shake XL"},"content":{"rendered":"","protected":false},"excerpt":{"rendered":"HATOR Arc 3 vereint Komfort und Stil in perfekter Harmonie. Entwickelt f\u00fcr Gamer, die zuverl\u00e4ssige Unterst\u00fctzung sch\u00e4tzen und zugleich ihre Individualit\u00e4t betonen m\u00f6chten, bietet Arc 3 ganzt\u00e4gigen Komfort, durchdachte Ergonomie und noch mehr M\u00f6glichkeiten, das eigene Setup einzigartig zu gestalten.","protected":false},"featured_media":107148,"template":"","meta":[],"translation":{"provider":"WPGlobus","version":"2.5.11","language":"de","enabled_languages":["en","ua","de","pl"],"languages":{"en":{"title":true,"content":false,"excerpt":true},"ua":{"title":false,"content":false,"excerpt":true},"de":{"title":false,"content":false,"excerpt":true},"pl":{"title":false,"content":false,"excerpt":true}}},"aioseo_notices":[],"_links":{"self":[{"href":"https:\/\/shop.hator.gg\/de\/wp-json\/wp\/v2\/product\/107147"}],"collection":[{"href":"https:\/\/shop.hator.gg\/de\/wp-json\/wp\/v2\/product"}],"about":[{"href":"https:\/\/shop.hator.gg\/de\/wp-json\/wp\/v2\/types\/product"}],"wp:featuredmedia":[{"embeddable":true,"href":"https:\/\/shop.hator.gg\/de\/wp-json\/wp\/v2\/media\/107148"}],"wp:attachment":[{"href":"https:\/\/shop.hator.gg\/de\/wp-json\/wp\/v2\/media?parent=107147"}],"curies":[{"name":"wp","href":"https:\/\/api.w.org\/{rel}","templated":true}]}}