{"id":101845,"date":"2025-07-23T23:15:10","date_gmt":"2025-07-23T20:15:10","guid":{"rendered":"https:\/\/shop.hator.gg\/?post_type=product&#038;p=101845"},"modified":"2026-04-01T18:12:46","modified_gmt":"2026-04-01T15:12:46","slug":"hator-darkside-3-fabric-htc3016m-grey-m","status":"publish","type":"product","link":"https:\/\/shop.hator.gg\/de\/chairs\/hator-darkside-3-fabric-htc3016m-grey-m\/","title":{"rendered":"HATOR Darkside 3 Fabric (HTC3016M) Grey M"},"content":{"rendered":"","protected":false},"excerpt":{"rendered":"Darkside 3 ist die ideale Wahl f\u00fcr alle, die Wert auf Komfort, stilvolles Design und robuste Bauweise legen. Das minimalistische Erscheinungsbild f\u00fcgt sich harmonisch in jede Umgebung ein, w\u00e4hrend die durchdachte Konstruktion f\u00fcr hohen Alltagskomfort sorgt.","protected":false},"featured_media":101846,"template":"","meta":[],"translation":{"provider":"WPGlobus","version":"2.5.11","language":"de","enabled_languages":["en","ua","de","pl"],"languages":{"en":{"title":true,"content":false,"excerpt":true},"ua":{"title":false,"content":false,"excerpt":true},"de":{"title":false,"content":false,"excerpt":true},"pl":{"title":false,"content":false,"excerpt":true}}},"aioseo_notices":[],"_links":{"self":[{"href":"https:\/\/shop.hator.gg\/de\/wp-json\/wp\/v2\/product\/101845"}],"collection":[{"href":"https:\/\/shop.hator.gg\/de\/wp-json\/wp\/v2\/product"}],"about":[{"href":"https:\/\/shop.hator.gg\/de\/wp-json\/wp\/v2\/types\/product"}],"wp:featuredmedia":[{"embeddable":true,"href":"https:\/\/shop.hator.gg\/de\/wp-json\/wp\/v2\/media\/101846"}],"wp:attachment":[{"href":"https:\/\/shop.hator.gg\/de\/wp-json\/wp\/v2\/media?parent=101845"}],"curies":[{"name":"wp","href":"https:\/\/api.w.org\/{rel}","templated":true}]}}