{"id":100291,"date":"2025-07-11T22:43:48","date_gmt":"2025-07-11T19:43:48","guid":{"rendered":"https:\/\/shop.hator.gg\/?post_type=product&#038;p=100291"},"modified":"2026-05-04T01:12:45","modified_gmt":"2026-05-03T22:12:45","slug":"hator-hypergang-3-wireless-esh56-white","status":"publish","type":"product","link":"https:\/\/shop.hator.gg\/de\/headsets\/hator-hypergang-3-wireless-esh56-white\/","title":{"rendered":"HATOR Hypergang 3 Wireless (ESH56) White"},"content":{"rendered":"","protected":false},"excerpt":{"rendered":"Erleben Sie kraftvollen, hochaufl\u00f6senden Sound mit minimaler Latenz dank der HATOR Hypergang 3 Wireless. Die Unterst\u00fctzung der Hi-Res-Zertifizierung, das fortschrittliche Hybrid-ANC-Ger\u00e4uschunterdr\u00fcckungssystem, pr\u00e4zises Positionieren und 360\u00b0-Sound durch Spatial Audio und Head Tracking-Technologien gew\u00e4hrleisten ein kompromissloses Eintauchen in die Spielwelt.","protected":false},"featured_media":139800,"template":"","meta":[],"translation":{"provider":"WPGlobus","version":"2.5.11","language":"de","enabled_languages":["en","ua","de","pl"],"languages":{"en":{"title":true,"content":false,"excerpt":true},"ua":{"title":false,"content":false,"excerpt":true},"de":{"title":false,"content":false,"excerpt":true},"pl":{"title":false,"content":false,"excerpt":true}}},"aioseo_notices":[],"_links":{"self":[{"href":"https:\/\/shop.hator.gg\/de\/wp-json\/wp\/v2\/product\/100291"}],"collection":[{"href":"https:\/\/shop.hator.gg\/de\/wp-json\/wp\/v2\/product"}],"about":[{"href":"https:\/\/shop.hator.gg\/de\/wp-json\/wp\/v2\/types\/product"}],"wp:featuredmedia":[{"embeddable":true,"href":"https:\/\/shop.hator.gg\/de\/wp-json\/wp\/v2\/media\/139800"}],"wp:attachment":[{"href":"https:\/\/shop.hator.gg\/de\/wp-json\/wp\/v2\/media?parent=100291"}],"curies":[{"name":"wp","href":"https:\/\/api.w.org\/{rel}","templated":true}]}}