{"id":956,"date":"2020-09-25T11:06:05","date_gmt":"2020-09-25T08:06:05","guid":{"rendered":"https:\/\/shop.hator.gg\/?page_id=956"},"modified":"2024-09-18T17:00:09","modified_gmt":"2024-09-18T14:00:09","slug":"shipping-and-delivery","status":"publish","type":"page","link":"https:\/\/shop.hator.gg\/de\/shipping-and-delivery\/","title":{"rendered":"Zahlung und lieferung"},"content":{"rendered":"\n<style>\n    .paymentIcons img {\n        width: 11rem;\n    }\n\n    .paymentIcons .mpLogo {\n        width: 19rem;\n    }\n\n    .line {\n        border-top: 0.1rem solid rgb(var(--white));\n        margin: 3rem 0 2rem 0;\n    }\n\n    .customProductSpecView.deliverTable.open .halfHide {\n        max-height: 5000rem;\n    }\n\n    .customProductSpecView.deliverTable .halfHide>div {\n        max-height: none;\n    }\n\n    .deliverTable .dTable {\n        max-height: none;\n        border: 0.1rem solid rgb(var(--hator-51-gray));\n    }\n\n    .deliverTable .dTable>div {\n        border-bottom: 0.1rem solid rgb(var(--hator-51-gray));\n        display: flex;\n        align-items: stretch;\n        margin: 0;\n    }\n\n    .deliverTable .dTable>div:last-child {\n        border-bottom: none;\n    }\n\n    .deliverTable .dTable>div span {\n        width: 50%;\n        display: block;\n        text-align: center;\n        margin: 0;\n        padding: 1rem;\n        font-size: 1.4rem;\n        color: rgb(var(--white));\n    }\n\n    .deliverTable .dTable>div:first-child span {\n        font-weight: bold;\n        font-size: 1.6rem;\n    }\n\n    .deliverTable .dTable>div span:first-child {\n        border-right: 0.1rem solid rgb(var(--hator-51-gray));\n    }\n<\/style>\n\n<div class=\"otherPages mt-4\">\n    <p>Um Ihre Bestellung aufzugeben, gehen Sie zu Ihrem Warenkorb, klicken Sie auf &#8221; Zur Kasse gehen&#8221; und f\u00fcllen Sie\n        alle mit einem roten Sternchen gekennzeichneten Pflichtfelder aus. <\/p>\n\n    <p>Zus\u00e4tzlich zu den Kosten f\u00fcr die ausgew\u00e4hlten Artikel werden bei der Online-Eingabe der Lieferadresse die Kosten\n        f\u00fcr den Lieferservice berechnet und zu den Gesamtkosten der Bestellung hinzugef\u00fcgt.*<\/p>\n\n    <p>Nachdem Sie alle Felder ausgef\u00fcllt und auf &#8220;Bestellung best\u00e4tigen&#8221; geklickt haben, werden Sie auf eine sichere\n        LiqPay-Zahlungsseite weitergeleitet, wo Sie Ihre Kreditkartendaten eingeben m\u00fcssen, um zu bezahlen.<\/p>\n\n    <p><b>Die folgenden Zahlungsarten werden unterst\u00fctzt:<\/b><\/p>\n\n    <div class=\"d-flex justify-content-center\">\n        <div class=\"d-flex flex-wrap justify-content-center align-items-center paymentIcons mb-0\">\n            <img class=\"m-3\" src=\"\/wp-content\/uploads\/hator-images\/icons\/payment-icons\/asset-visa-logo.svg\" alt=\"visa logo\">\n            <img class=\"m-3 mpLogo\" src=\"\/wp-content\/uploads\/hator-images\/icons\/payment-icons\/asset-mastercard-logo.svg\" alt=\"masterpass logo\">\n            <img class=\"m-3 mpLogo\" src=\"\/wp-content\/uploads\/hator-images\/icons\/payment-icons\/asset-masterpass-logo.svg\" alt=\"masterpass logo\">\n            <img class=\"m-3\" src=\"\/wp-content\/uploads\/hator-images\/icons\/payment-icons\/asset-gpay-logo.svg\" alt=\"gpay logo\">\n            <img class=\"m-3\" src=\"\/wp-content\/uploads\/hator-images\/icons\/payment-icons\/asset-aplepay-logo.svg\" alt=\"aplepay logo\">\n        <\/div>\n    <\/div>\n    <p>Nachdem Sie Ihre Bestellung aufgegeben haben, erhalten Sie eine automatische Benachrichtigung dar\u00fcber, dass Ihre\n        Bestellung von uns angenommen wurde, an die im Formular angegebene E-Mail.<br>\n        Am n\u00e4chsten Werktag (Mo-Fr, GMT+3 11-00-19-00) wird die Bestellung bearbeitet und Sie erhalten eine\n        Benachrichtigung dar\u00fcber per E-Mail.<\/p>\n    <p>*Achtung! Der Bestellungsbetrag beinhaltet keine m\u00f6glichen Zollgeb\u00fchren in Ihrem Land.<\/p>\n\n    <div class=\"line\"><\/div>\n    <p><b>Die Lieferung von Bestellungen auf dem Territorium der Ukraine erfolgt durch die Firma &#8220;Nova Poshta&#8221;.<\/b><\/p>\n  \n    <p>Die Versandkosten sind automatisch im Bestellwert enthalten.<\/p>\n\n    <div class=\"line\"><\/div>\n   \n\n\n\n<\/div>\n","protected":false},"excerpt":{"rendered":"Um Ihre Bestellung aufzugeben, gehen Sie zu Ihrem Warenkorb, klicken Sie auf &#8221; Zur Kasse gehen&#8221; und f\u00fcllen Sie alle mit einem roten Sternchen gekennzeichneten Pflichtfelder aus. Zus\u00e4tzlich zu den Kosten f\u00fcr die ausgew\u00e4hlten Artikel werden bei der Online-Eingabe der Lieferadresse die Kosten f\u00fcr den Lieferservice berechnet und zu den Gesamtkosten der Bestellung hinzugef\u00fcgt.* Nachdem [&hellip;]","protected":false},"author":1,"featured_media":0,"parent":0,"menu_order":0,"comment_status":"closed","ping_status":"closed","template":"template-fullwidth.php","meta":[],"translation":{"provider":"WPGlobus","version":"2.5.11","language":"de","enabled_languages":["en","ua","de","pl"],"languages":{"en":{"title":true,"content":true,"excerpt":false},"ua":{"title":true,"content":true,"excerpt":false},"de":{"title":true,"content":true,"excerpt":false},"pl":{"title":true,"content":true,"excerpt":false}}},"aioseo_notices":[],"_links":{"self":[{"href":"https:\/\/shop.hator.gg\/de\/wp-json\/wp\/v2\/pages\/956"}],"collection":[{"href":"https:\/\/shop.hator.gg\/de\/wp-json\/wp\/v2\/pages"}],"about":[{"href":"https:\/\/shop.hator.gg\/de\/wp-json\/wp\/v2\/types\/page"}],"author":[{"embeddable":true,"href":"https:\/\/shop.hator.gg\/de\/wp-json\/wp\/v2\/users\/1"}],"replies":[{"embeddable":true,"href":"https:\/\/shop.hator.gg\/de\/wp-json\/wp\/v2\/comments?post=956"}],"version-history":[{"count":194,"href":"https:\/\/shop.hator.gg\/de\/wp-json\/wp\/v2\/pages\/956\/revisions"}],"predecessor-version":[{"id":72659,"href":"https:\/\/shop.hator.gg\/de\/wp-json\/wp\/v2\/pages\/956\/revisions\/72659"}],"wp:attachment":[{"href":"https:\/\/shop.hator.gg\/de\/wp-json\/wp\/v2\/media?parent=956"}],"curies":[{"name":"wp","href":"https:\/\/api.w.org\/{rel}","templated":true}]}}