{"id":3,"date":"2020-06-19T10:15:50","date_gmt":"2020-06-19T07:15:50","guid":{"rendered":"https:\/\/shop.hator.gg\/?page_id=3"},"modified":"2022-09-06T10:37:39","modified_gmt":"2022-09-06T07:37:39","slug":"privacy-policy","status":"publish","type":"page","link":"https:\/\/shop.hator.gg\/de\/privacy-policy\/","title":{"rendered":"Datenschutzpolitik"},"content":{"rendered":"\n<div class=\"otherPages mt-4\">\n  \n    <p>\n        Alle Rechte an der Website <b>shop.hator.gg<\/b> liegen bei Elprofi GmbH (EDRPOU-Kode 37025235, Ort: 03057, Kyjiw, Dehtjarivska 33a, Ukraine). \n    <\/p>\n    \n    <p>Die von Ihnen zur Verf\u00fcgung gestellten Informationen k\u00f6nnen von Elprofi GmbH f\u00fcr die Verarbeitung, Speicherung und Nutzung im Rahmen seiner kommerziellen Aktivit\u00e4ten verwendet werden, einschlie\u00dflich der Weitergabe an Partner von Elprofi GmbH f\u00fcr deren Marketingaktivit\u00e4ten.<\/p>\n    \n    <p>\n        Sie erkl\u00e4ren sich mit der Verarbeitung Ihrer personenbezogenen Daten wie folgt einverstanden:\n    <\/p>\n    <ul>\n      <li>\n        durch den Besuch der Website <b>shop.hator.gg<\/b> oder durch die Aufgabe (Best\u00e4tigung) einer Bestellung auf der Website s<b>hop.hator.gg,<\/b> d.h. durch den Kauf von Waren und\/oder Dienstleistungen;\n      <\/li>\n      \n      <li>\n        durch die Teilnahme an den Werbema\u00dfnahmen von Elprofi GmbH gem\u00e4\u00df den Regeln f\u00fcr solche Ma\u00dfnahmen.\n      <\/li>\n    <\/ul>\n    <p>\n        Diese Liste von Verfahren zur Zustimmung zur Verarbeitung Ihrer pers\u00f6nlichen Daten ist nicht ersch\u00f6pfend und wird von NFW Eletek GmbH und dem Kunden (Verbraucher) vereinbart und\/oder dem Kunden (Verbraucher) mitgeteilt.\n    <\/p>\n    \n    <p>\n        Wir verwenden Cookies, um Informationen \u00fcber die Produkte, die Sie in Ihren Warenkorb, auf Vergleichs- und Wunschlisten, in den Online-Chat hinzugef\u00fcgt haben, zu speichern und um Angebote anzuzeigen, die Sie interessieren k\u00f6nnten. Wenn Sie unsere Website weiter nutzen, erkl\u00e4ren Sie sich damit einverstanden, dass wir Cookies verwenden und Ihnen die aktuellsten Informationen \u00fcber Angebote und aktuelle Aktionen zukommen lassen k\u00f6nnen. Sie k\u00f6nnen Cookies jederzeit abbestellen oder ablehnen, indem Sie Ihre pers\u00f6nlichen Einstellungen auf Ihrem Ger\u00e4t \u00e4ndern.\n    <\/p>\n    \n    <p>\n        Wenn Sie die Website und den Online-Shop shop.hator.gg besuchen, erheben, speichern und verarbeiten wir Informationen wie Ihre IP-Adresse, Datum und Uhrzeit Ihres Besuchs, Browsertyp und -sprache sowie Cookies ausschlie\u00dflich zur Bereitstellung der Website und der Online-Shop-Dienste, zur Optimierung ihrer Leistung und zum Schutz der Integrit\u00e4t des Informationsraums auf der Website.\n    <\/p>\n    <\/div>\n\n\n\n<p><\/p>\n","protected":false},"excerpt":{"rendered":"Alle Rechte an der Website shop.hator.gg liegen bei Elprofi GmbH (EDRPOU-Kode 37025235, Ort: 03057, Kyjiw, Dehtjarivska 33a, Ukraine). Die von Ihnen zur Verf\u00fcgung gestellten Informationen k\u00f6nnen von Elprofi GmbH f\u00fcr die Verarbeitung, Speicherung und Nutzung im Rahmen seiner kommerziellen Aktivit\u00e4ten verwendet werden, einschlie\u00dflich der Weitergabe an Partner von Elprofi GmbH f\u00fcr deren Marketingaktivit\u00e4ten. Sie erkl\u00e4ren [&hellip;]","protected":false},"author":1,"featured_media":0,"parent":0,"menu_order":0,"comment_status":"closed","ping_status":"closed","template":"template-fullwidth.php","meta":[],"translation":{"provider":"WPGlobus","version":"2.5.11","language":"de","enabled_languages":["en","ua","de","pl"],"languages":{"en":{"title":true,"content":true,"excerpt":false},"ua":{"title":true,"content":true,"excerpt":false},"de":{"title":true,"content":true,"excerpt":false},"pl":{"title":true,"content":true,"excerpt":false}}},"aioseo_notices":[],"_links":{"self":[{"href":"https:\/\/shop.hator.gg\/de\/wp-json\/wp\/v2\/pages\/3"}],"collection":[{"href":"https:\/\/shop.hator.gg\/de\/wp-json\/wp\/v2\/pages"}],"about":[{"href":"https:\/\/shop.hator.gg\/de\/wp-json\/wp\/v2\/types\/page"}],"author":[{"embeddable":true,"href":"https:\/\/shop.hator.gg\/de\/wp-json\/wp\/v2\/users\/1"}],"replies":[{"embeddable":true,"href":"https:\/\/shop.hator.gg\/de\/wp-json\/wp\/v2\/comments?post=3"}],"version-history":[{"count":23,"href":"https:\/\/shop.hator.gg\/de\/wp-json\/wp\/v2\/pages\/3\/revisions"}],"predecessor-version":[{"id":17565,"href":"https:\/\/shop.hator.gg\/de\/wp-json\/wp\/v2\/pages\/3\/revisions\/17565"}],"wp:attachment":[{"href":"https:\/\/shop.hator.gg\/de\/wp-json\/wp\/v2\/media?parent=3"}],"curies":[{"name":"wp","href":"https:\/\/api.w.org\/{rel}","templated":true}]}}