{"id":147131,"date":"2026-05-11T11:12:25","date_gmt":"2026-05-11T08:12:25","guid":{"rendered":"https:\/\/shop.hator.gg\/?page_id=147131"},"modified":"2026-05-11T11:28:53","modified_gmt":"2026-05-11T08:28:53","slug":"guaranteed-gift-when-purchasing-hator-chairs-at-zona51","status":"publish","type":"page","link":"https:\/\/shop.hator.gg\/de\/guaranteed-gift-when-purchasing-hator-chairs-at-zona51\/","title":{"rendered":"Garantiertes Geschenk beim Kauf von HATOR-St\u00fchlen"},"content":{"rendered":"<section class=\"promo-section\">\n<h2>Kaufe einen HATOR-Stuhl und w\u00e4hle ein garantiertes Geschenk!<\/h2>\n<h3>Wie funktioniert das?<\/h3>\n<ul>\n \t<li>\n      HATOR Arc 4 Stuhlserie:\nW\u00e4hle ein beliebiges Geschenk aus dem Level-3-Pool.<\/li>\n \t<li>\n      HATOR ARC 3, 2, Phantom Black, Fabrick Stuhlserie:\nW\u00e4hle ein Geschenk aus den Level-2- und Level-1-Pools.<\/li>\n \t<li>\n      HATOR DarkSide 3 Stuhlserie:\nErhalte ein Geschenk nur aus dem Level-1-Pool.<\/li>\n<\/ul>\n<h3>Was kannst du ausw\u00e4hlen?<\/h3>\n<div class=\"gift-level\">\n<h4>Preise der Stufe 1:<\/h4>\n<ul>\n \t<li>Headset: HATOR HellyBerry HH30 PRO<\/li>\n \t<li>Tastatur: HATOR HellyBerry HK75 Wireless<\/li>\n \t<li>Maus: HATOR HellyBerry HM47<\/li>\n \t<li>Mauspad: HATOR Tonn eSports Maincast<\/li>\n<\/ul>\n<\/div>\n<div class=\"gift-level\">\n<h4>Preise der Stufe 2:<\/h4>\nHeadsets:\n<ul>\n \t<li>HATOR Hyperpunk 3 Wireless<\/li>\n \t<li>HATOR HellyBerry HH30 PRO<\/li>\n<\/ul>\nTastaturen:\n<ul>\n \t<li>HATOR Skyfall 80 Wireless<\/li>\n \t<li>HATOR HellyBerry HK75 Wireless<\/li>\n<\/ul>\nM\u00e4use:\n<ul>\n \t<li>HATOR Pulsar 3 Wireless<\/li>\n \t<li>HATOR HellyBerry HM47<\/li>\n<\/ul>\nMauspads:\n<ul>\n \t<li>HATOR Tonn EVO XXL<\/li>\n \t<li>HATOR Tonn eSports Maincast<\/li>\n<\/ul>\n<\/div>\n<div class=\"gift-level\">\n<h4>Preise der Stufe 3:<\/h4>\nHeadsets:\n<ul>\n \t<li>HATOR Phoenix 2 Wireless<\/li>\n \t<li>HATOR Hyperpunk 3 Wireless<\/li>\n \t<li>HATOR HellyBerry HH30 PRO<\/li>\n<\/ul>\nTastaturen:\n<ul>\n \t<li>HATOR Rockfall 3 Mecha TKL Wireless<\/li>\n \t<li>HATOR Skyfall 80 Wireless<\/li>\n \t<li>HATOR HellyBerry HK75 Wireless<\/li>\n<\/ul>\nM\u00e4use:\n<ul>\n \t<li>HATOR Quasar 3 Ultra 8K<\/li>\n \t<li>HATOR Pulsar 3 Wireless<\/li>\n \t<li>HATOR HellyBerry HM47<\/li>\n<\/ul>\nMauspads:\n<ul>\n \t<li>HATOR Tonn EVO 3XL (Edition)<\/li>\n \t<li>HATOR Tonn EVO XXL<\/li>\n \t<li>HATOR Tonn eSports Maincast<\/li>\n<\/ul>\n<\/div>\n<h3>Wie erh\u00e4ltst du dein Geschenk?<\/h3>\nNach der Bestellung wird sich unser Manager mit dir in Verbindung setzen,\num das Geschenk zu best\u00e4tigen, oder du kannst das Modell im Feld\n&#8220;Kommentar zur Bestellung&#8221; angeben.\n<h3>Bitte beachten:<\/h3>\n<ul>\n \t<li>Der Wert des Geschenks wird vom Preis des Stuhls auf dem Beleg abgezogen.<\/li>\n \t<li>Das Geschenk kann nicht separat vom Stuhl zur\u00fcckgegeben werden.<\/li>\n<\/ul>\nMache deinen Einkauf noch \u0432\u044b\u0433\u043e\u0434iger und w\u00e4hle ein Geschenk, das dir n\u00fctzlich sein wird!\n\n<\/section><span style=\"margin-top: 20px;\">Jetzt ausw\u00e4hlen &#8211; <a href=\"https:\/\/shop.hator.gg\/de\/chairs\/\" target=\"_blank\" rel=\"noopener noreferrer\" style=\"color: white;\">https:\/\/shop.hator.gg\/de\/chairs\/<\/a><\/span>","protected":false},"excerpt":{"rendered":"Kaufe einen HATOR-Stuhl und w\u00e4hle ein garantiertes Geschenk! Wie funktioniert das? HATOR Arc 4 Stuhlserie: W\u00e4hle ein beliebiges Geschenk aus dem Level-3-Pool. HATOR ARC 3, 2, Phantom Black, Fabrick Stuhlserie: W\u00e4hle ein Geschenk aus den Level-2- und Level-1-Pools. HATOR DarkSide 3 Stuhlserie: Erhalte ein Geschenk nur aus dem Level-1-Pool. Was kannst du ausw\u00e4hlen? Preise der [&hellip;]","protected":false},"author":1,"featured_media":0,"parent":0,"menu_order":0,"comment_status":"closed","ping_status":"closed","template":"","meta":[],"translation":{"provider":"WPGlobus","version":"2.5.11","language":"de","enabled_languages":["en","ua","de","pl"],"languages":{"en":{"title":true,"content":true,"excerpt":false},"ua":{"title":true,"content":true,"excerpt":false},"de":{"title":true,"content":true,"excerpt":false},"pl":{"title":true,"content":true,"excerpt":false}}},"aioseo_notices":[],"_links":{"self":[{"href":"https:\/\/shop.hator.gg\/de\/wp-json\/wp\/v2\/pages\/147131"}],"collection":[{"href":"https:\/\/shop.hator.gg\/de\/wp-json\/wp\/v2\/pages"}],"about":[{"href":"https:\/\/shop.hator.gg\/de\/wp-json\/wp\/v2\/types\/page"}],"author":[{"embeddable":true,"href":"https:\/\/shop.hator.gg\/de\/wp-json\/wp\/v2\/users\/1"}],"replies":[{"embeddable":true,"href":"https:\/\/shop.hator.gg\/de\/wp-json\/wp\/v2\/comments?post=147131"}],"version-history":[{"count":20,"href":"https:\/\/shop.hator.gg\/de\/wp-json\/wp\/v2\/pages\/147131\/revisions"}],"predecessor-version":[{"id":147152,"href":"https:\/\/shop.hator.gg\/de\/wp-json\/wp\/v2\/pages\/147131\/revisions\/147152"}],"wp:attachment":[{"href":"https:\/\/shop.hator.gg\/de\/wp-json\/wp\/v2\/media?parent=147131"}],"curies":[{"name":"wp","href":"https:\/\/api.w.org\/{rel}","templated":true}]}}